{"id":6125,"date":"2020-02-06T00:54:53","date_gmt":"2020-02-05T21:54:53","guid":{"rendered":"https:\/\/ztyhairtransplant.com\/?page_id=6125"},"modified":"2023-09-27T17:23:39","modified_gmt":"2023-09-27T14:23:39","slug":"ueber-uns","status":"publish","type":"page","link":"https:\/\/ztyhairtransplant.com\/de\/ueber-uns\/","title":{"rendered":"\u00dcber uns"},"content":{"rendered":"<div class=\"fusion-fullwidth fullwidth-box fusion-builder-row-1 nonhundred-percent-fullwidth non-hundred-percent-height-scrolling\" style=\"--awb-border-radius-top-left:0px;--awb-border-radius-top-right:0px;--awb-border-radius-bottom-right:0px;--awb-border-radius-bottom-left:0px;--awb-margin-top:30px;--awb-flex-wrap:wrap;\" ><div class=\"fusion-builder-row fusion-row\"><div class=\"fusion-layout-column fusion_builder_column fusion-builder-column-0 fusion_builder_column_1_1 1_1 fusion-one-full fusion-column-first fusion-column-last\" style=\"--awb-bg-size:cover;\"><div class=\"fusion-column-wrapper fusion-flex-column-wrapper-legacy\"><div class=\"fusion-text fusion-text-1\"><h1><strong>\u00dcber uns<\/strong><\/h1>\n<p><span class=\"fusion-dropcap dropcap\" style=\"--awb-color:#ed4b46;\">A<\/span>ls Zty Health Tourismusunternehmen organisieren wir Patientenbehandlungen im Bereich der \u00e4sthetischen Chirurgie gem\u00e4\u00df internationalen Standards. Wir arbeiten mit elit\u00e4ren und erfahrenen \u00c4rzten zusammen, die in A-Klasse-Krankenh\u00e4usern im Bereich der Haartransplantation akkreditiert sind.<\/p>\n<p>Wir sind ein wachsendes Unternehmen, das auf Vertrauen, vern\u00fcnftigen Preisen und hoher Qualit\u00e4t basiert, die wir unseren Patienten aus aller Welt bieten. Mit einem dynamischen und erfahrenen Team gew\u00e4hrleisten wir hohe Qualit\u00e4t.<\/p>\n<\/div><div class=\"accordian fusion-accordian\" style=\"--awb-border-size:1px;--awb-icon-size:18px;--awb-content-font-size:17px;--awb-icon-alignment:left;--awb-hover-color:#f9f9f9;--awb-border-color:#e5e5e5;--awb-background-color:#ffffff;--awb-divider-color:#dddbdb;--awb-divider-hover-color:#dddbdb;--awb-icon-color:#ed4b46;--awb-title-color:#0068ae;--awb-content-color:#585858;--awb-icon-box-color:#6abf16;--awb-toggle-hover-accent-color:#0068ae;--awb-title-font-family:&quot;Roboto&quot;;--awb-title-font-weight:900;--awb-title-font-style:normal;--awb-title-font-size:15px;--awb-content-font-family:&quot;Roboto&quot;;--awb-content-font-style:normal;--awb-content-font-weight:400;\"><div class=\"panel-group fusion-toggle-icon-unboxed\" id=\"accordion-6125-1\"><div class=\"fusion-panel panel-default panel-8e7e6411307e3d6b6 fusion-toggle-has-divider\" style=\"--awb-title-color:#0068ae;\"><div class=\"panel-heading\"><h4 class=\"panel-title toggle\" id=\"toggle_8e7e6411307e3d6b6\"><a aria-expanded=\"false\" aria-controls=\"8e7e6411307e3d6b6\" role=\"button\" data-toggle=\"collapse\" data-parent=\"#accordion-6125-1\" data-target=\"#8e7e6411307e3d6b6\" href=\"#8e7e6411307e3d6b6\"><span class=\"fusion-toggle-icon-wrapper\" aria-hidden=\"true\"><i class=\"fa-fusion-box active-icon awb-icon-minus\" aria-hidden=\"true\"><\/i><i class=\"fa-fusion-box inactive-icon awb-icon-plus\" aria-hidden=\"true\"><\/i><\/span><span class=\"fusion-toggle-heading\">Was wir bieten<\/span><\/a><\/h4><\/div><div id=\"8e7e6411307e3d6b6\" class=\"panel-collapse collapse \" aria-labelledby=\"toggle_8e7e6411307e3d6b6\"><div class=\"panel-body toggle-content fusion-clearfix\">\n<p>Vom Moment an, in dem Sie den ersten Schritt nach Istanbul tun, finden Sie unseren Zty Health Assistenten an Ihrer Seite. Unsere Assistenten werden Ihnen w\u00e4hrend Ihres Aufenthalts hier zur Seite stehen. Wir bleiben mit unseren Patienten in Kontakt, um reibungslose Dienstleistungen zu gew\u00e4hrleisten.<\/p>\n<\/div><\/div><\/div><div class=\"fusion-panel panel-default panel-83b495c5e2c35dbc8 fusion-toggle-has-divider\" style=\"--awb-title-color:#0068ae;\"><div class=\"panel-heading\"><h4 class=\"panel-title toggle\" id=\"toggle_83b495c5e2c35dbc8\"><a aria-expanded=\"false\" aria-controls=\"83b495c5e2c35dbc8\" role=\"button\" data-toggle=\"collapse\" data-parent=\"#accordion-6125-1\" data-target=\"#83b495c5e2c35dbc8\" href=\"#83b495c5e2c35dbc8\"><span class=\"fusion-toggle-icon-wrapper\" aria-hidden=\"true\"><i class=\"fa-fusion-box active-icon awb-icon-minus\" aria-hidden=\"true\"><\/i><i class=\"fa-fusion-box inactive-icon awb-icon-plus\" aria-hidden=\"true\"><\/i><\/span><span class=\"fusion-toggle-heading\">Nach der Operation<\/span><\/a><\/h4><\/div><div id=\"83b495c5e2c35dbc8\" class=\"panel-collapse collapse \" aria-labelledby=\"toggle_83b495c5e2c35dbc8\"><div class=\"panel-body toggle-content fusion-clearfix\">\n<p>Nach der R\u00fcckkehr nach Hause wird unser Nachsorgeprozess fortgesetzt. W\u00e4hrend Ihres Heilungsprozesses werden wir den Kontakt halten, um sicherzustellen, dass alles gut verl\u00e4uft, da wir Ihre Gesundheit sehr sch\u00e4tzen.<\/p>\n<\/div><\/div><\/div><\/div><\/div><div class=\"fusion-text fusion-text-2\"><h3><strong>Unterkunft \u2013 Hotel<\/strong><\/h3>\n<p>Als Zty Health Tourismusunternehmen legen wir Wert auf den Hoteldienst. Mit unseren F\u00fcnf-Sterne-Hoteloptionen legen wir Wert auf den Komfort unserer gesch\u00e4tzten Patienten und bem\u00fchen uns, die Entfernung zwischen dem Krankenhaus und dem Hotel kurz zu halten.<\/p>\n<\/div><div class=\"fusion-slider-sc fusion-flexslider-loading flexslider flexslider-hover-type-none\" data-slideshow_autoplay=\"1\" data-slideshow_smooth_height=\"0\" data-slideshow_speed=\"7000\" style=\"max-width:100%;height:100%;\"><ul class=\"slides\"><li class=\"image\"><span class=\"lazyload fusion-image-hover-element hover-type-none\"><img decoding=\"async\" src=\"data:image\/gif;base64,R0lGODlhAQABAAAAACH5BAEKAAEALAAAAAABAAEAAAICTAEAOw==\" data-orig-src=\"http:\/\/ztyhairtransplant.com\/wp-content\/uploads\/2020\/02\/Corner-Suit.jpg\" class=\"lazyload wp-image-105\" \/><\/span><\/li><li class=\"image\"><span class=\"lazyload fusion-image-hover-element hover-type-none\"><img decoding=\"async\" src=\"data:image\/gif;base64,R0lGODlhAQABAAAAACH5BAEKAAEALAAAAAABAAEAAAICTAEAOw==\" data-orig-src=\"http:\/\/ztyhairtransplant.com\/wp-content\/uploads\/2020\/02\/corner-suite-2.jpg\" class=\"lazyload wp-image-106\" \/><\/span><\/li><li class=\"image\"><span class=\"lazyload fusion-image-hover-element hover-type-none\"><img decoding=\"async\" src=\"data:image\/gif;base64,R0lGODlhAQABAAAAACH5BAEKAAEALAAAAAABAAEAAAICTAEAOw==\" data-orig-src=\"http:\/\/ztyhairtransplant.com\/wp-content\/uploads\/2020\/02\/Dublex-Deluxe-Suite.jpg\" class=\"lazyload wp-image-107\" \/><\/span><\/li><li class=\"image\"><span class=\"lazyload fusion-image-hover-element hover-type-none\"><img decoding=\"async\" src=\"data:image\/gif;base64,R0lGODlhAQABAAAAACH5BAEKAAEALAAAAAABAAEAAAICTAEAOw==\" data-orig-src=\"http:\/\/ztyhairtransplant.com\/wp-content\/uploads\/2020\/02\/Dublex-Deluxe-Suite-2.jpg\" class=\"lazyload wp-image-108\" \/><\/span><\/li><li class=\"image\"><span class=\"lazyload fusion-image-hover-element hover-type-none\"><img decoding=\"async\" src=\"data:image\/gif;base64,R0lGODlhAQABAAAAACH5BAEKAAEALAAAAAABAAEAAAICTAEAOw==\" data-orig-src=\"http:\/\/ztyhairtransplant.com\/wp-content\/uploads\/2020\/02\/Jacuzzi-Suite-With-Terrace.jpg\" class=\"lazyload wp-image-109\" \/><\/span><\/li><li class=\"image\"><span class=\"lazyload fusion-image-hover-element hover-type-none\"><img decoding=\"async\" src=\"data:image\/gif;base64,R0lGODlhAQABAAAAACH5BAEKAAEALAAAAAABAAEAAAICTAEAOw==\" data-orig-src=\"http:\/\/ztyhairtransplant.com\/wp-content\/uploads\/2020\/02\/Jacuzzi-Suite-With-Terrace-2.jpg\" class=\"lazyload wp-image-110\" \/><\/span><\/li><li class=\"image\"><span class=\"lazyload fusion-image-hover-element hover-type-none\"><img decoding=\"async\" src=\"data:image\/gif;base64,R0lGODlhAQABAAAAACH5BAEKAAEALAAAAAABAAEAAAICTAEAOw==\" data-orig-src=\"http:\/\/ztyhairtransplant.com\/wp-content\/uploads\/2020\/02\/Junier-Jacuzzi-Suite.jpg\" class=\"lazyload wp-image-111\" \/><\/span><\/li><li class=\"image\"><span class=\"lazyload fusion-image-hover-element hover-type-none\"><img decoding=\"async\" src=\"data:image\/gif;base64,R0lGODlhAQABAAAAACH5BAEKAAEALAAAAAABAAEAAAICTAEAOw==\" data-orig-src=\"http:\/\/ztyhairtransplant.com\/wp-content\/uploads\/2020\/02\/Junier-Jacuzzi-Suite-2.jpg\" class=\"lazyload wp-image-112\" \/><\/span><\/li><li class=\"image\"><span class=\"lazyload fusion-image-hover-element hover-type-none\"><img decoding=\"async\" src=\"data:image\/gif;base64,R0lGODlhAQABAAAAACH5BAEKAAEALAAAAAABAAEAAAICTAEAOw==\" data-orig-src=\"http:\/\/ztyhairtransplant.com\/wp-content\/uploads\/2020\/02\/Loft-Jacuzzi-Suite.jpg\" class=\"lazyload wp-image-113\" \/><\/span><\/li><li class=\"image\"><span class=\"lazyload fusion-image-hover-element hover-type-none\"><img decoding=\"async\" src=\"data:image\/gif;base64,R0lGODlhAQABAAAAACH5BAEKAAEALAAAAAABAAEAAAICTAEAOw==\" data-orig-src=\"http:\/\/ztyhairtransplant.com\/wp-content\/uploads\/2020\/02\/Loft-Jacuzzi-Suite-2.jpg\" class=\"lazyload wp-image-114\" \/><\/span><\/li><li class=\"image\"><span class=\"lazyload fusion-image-hover-element hover-type-none\"><img decoding=\"async\" src=\"data:image\/gif;base64,R0lGODlhAQABAAAAACH5BAEKAAEALAAAAAABAAEAAAICTAEAOw==\" data-orig-src=\"http:\/\/ztyhairtransplant.com\/wp-content\/uploads\/2020\/02\/Loft-Suit.jpg\" class=\"lazyload wp-image-115\" \/><\/span><\/li><li class=\"image\"><span class=\"lazyload fusion-image-hover-element hover-type-none\"><img decoding=\"async\" src=\"data:image\/gif;base64,R0lGODlhAQABAAAAACH5BAEKAAEALAAAAAABAAEAAAICTAEAOw==\" data-orig-src=\"http:\/\/ztyhairtransplant.com\/wp-content\/uploads\/2020\/02\/One-Bedroom-Suite.jpg\" class=\"lazyload wp-image-116\" \/><\/span><\/li><li class=\"image\"><span class=\"lazyload fusion-image-hover-element hover-type-none\"><img decoding=\"async\" src=\"data:image\/gif;base64,R0lGODlhAQABAAAAACH5BAEKAAEALAAAAAABAAEAAAICTAEAOw==\" data-orig-src=\"http:\/\/ztyhairtransplant.com\/wp-content\/uploads\/2020\/02\/Presidential-Suite.jpg\" class=\"lazyload wp-image-117\" \/><\/span><\/li><li class=\"image\"><span class=\"lazyload fusion-image-hover-element hover-type-none\"><img decoding=\"async\" src=\"data:image\/gif;base64,R0lGODlhAQABAAAAACH5BAEKAAEALAAAAAABAAEAAAICTAEAOw==\" data-orig-src=\"http:\/\/ztyhairtransplant.com\/wp-content\/uploads\/2020\/02\/Presidential-Suite-2.jpg\" class=\"lazyload wp-image-118\" \/><\/span><\/li><li class=\"image\"><span class=\"lazyload fusion-image-hover-element hover-type-none\"><img decoding=\"async\" src=\"data:image\/gif;base64,R0lGODlhAQABAAAAACH5BAEKAAEALAAAAAABAAEAAAICTAEAOw==\" data-orig-src=\"http:\/\/ztyhairtransplant.com\/wp-content\/uploads\/2020\/02\/Two-Bedroom-Suit.jpg\" class=\"lazyload wp-image-119\" \/><\/span><\/li><\/ul><\/div><div class=\"fusion-text fusion-text-3\"><h3><strong>Transfer<\/strong><\/h3>\n<p>Unser Personal wird vor der Ankunft unserer G\u00e4ste am Flughafen sein und sie mit einem VIP-Fahrzeug zu dem Hotel bringen, in dem sie \u00fcbernachten werden. Ein weiterer VIP-Transfer-Service zwischen Hotel und Krankenhaus wird am Operationstag und zum Beratungstermin nach der Operation organisiert.<\/p>\n<\/div><div class=\"fusion-image-element in-legacy-container\" style=\"--awb-caption-title-font-family:var(--h2_typography-font-family);--awb-caption-title-font-weight:var(--h2_typography-font-weight);--awb-caption-title-font-style:var(--h2_typography-font-style);--awb-caption-title-size:var(--h2_typography-font-size);--awb-caption-title-transform:var(--h2_typography-text-transform);--awb-caption-title-line-height:var(--h2_typography-line-height);--awb-caption-title-letter-spacing:var(--h2_typography-letter-spacing);\"><span class=\" fusion-imageframe imageframe-none imageframe-1 hover-type-none\"><img decoding=\"async\" src=\"data:image\/gif;base64,R0lGODlhAQABAAAAACH5BAEKAAEALAAAAAABAAEAAAICTAEAOw==\" data-orig-src=\"http:\/\/ztyhairtransplant.com\/wp-content\/uploads\/2020\/02\/zty_Transfer.jpg\" alt class=\"lazyload img-responsive\"\/><\/span><\/div><div class=\"fusion-text fusion-text-4\"><h3><strong>Krankenhaus<\/strong><\/h3>\n<p>Wir legen gro\u00dfen Wert auf die Gesundheit und den Komfort unserer Patienten. Daher arbeiten wir mit gut ausgestatteten Krankenh\u00e4usern zusammen, die \u00fcber hochqualifizierte und erfahrene \u00c4rzte verf\u00fcgen.<\/p>\n<\/div><div class=\"fusion-slider-sc fusion-flexslider-loading flexslider flexslider-hover-type-none\" data-slideshow_autoplay=\"1\" data-slideshow_smooth_height=\"0\" data-slideshow_speed=\"7000\" style=\"max-width:100%;height:100%;\"><ul class=\"slides\"><li class=\"image\"><span class=\"lazyload fusion-image-hover-element hover-type-none\"><img decoding=\"async\" src=\"data:image\/gif;base64,R0lGODlhAQABAAAAACH5BAEKAAEALAAAAAABAAEAAAICTAEAOw==\" data-orig-src=\"http:\/\/ztyhairtransplant.com\/wp-content\/uploads\/2020\/02\/Zty_hospital_13.jpg\" class=\"lazyload wp-image-95\" \/><\/span><\/li><li class=\"image\"><span class=\"lazyload fusion-image-hover-element hover-type-none\"><img decoding=\"async\" src=\"data:image\/gif;base64,R0lGODlhAQABAAAAACH5BAEKAAEALAAAAAABAAEAAAICTAEAOw==\" data-orig-src=\"http:\/\/ztyhairtransplant.com\/wp-content\/uploads\/2020\/02\/Zty_hospital_2.jpg\" class=\"lazyload wp-image-96\" \/><\/span><\/li><li class=\"image\"><span class=\"lazyload fusion-image-hover-element hover-type-none\"><img decoding=\"async\" src=\"data:image\/gif;base64,R0lGODlhAQABAAAAACH5BAEKAAEALAAAAAABAAEAAAICTAEAOw==\" data-orig-src=\"http:\/\/ztyhairtransplant.com\/wp-content\/uploads\/2020\/02\/Zty_hospital_3.jpg\" class=\"lazyload wp-image-97\" \/><\/span><\/li><li class=\"image\"><span class=\"lazyload fusion-image-hover-element hover-type-none\"><img decoding=\"async\" src=\"data:image\/gif;base64,R0lGODlhAQABAAAAACH5BAEKAAEALAAAAAABAAEAAAICTAEAOw==\" data-orig-src=\"http:\/\/ztyhairtransplant.com\/wp-content\/uploads\/2020\/02\/Zty_hospital_5.jpg\" class=\"lazyload wp-image-98\" \/><\/span><\/li><li class=\"image\"><span class=\"lazyload fusion-image-hover-element hover-type-none\"><img decoding=\"async\" src=\"data:image\/gif;base64,R0lGODlhAQABAAAAACH5BAEKAAEALAAAAAABAAEAAAICTAEAOw==\" data-orig-src=\"http:\/\/ztyhairtransplant.com\/wp-content\/uploads\/2020\/02\/Zty_hospital_6.jpg\" class=\"lazyload wp-image-99\" \/><\/span><\/li><li class=\"image\"><span class=\"lazyload fusion-image-hover-element hover-type-none\"><img decoding=\"async\" src=\"data:image\/gif;base64,R0lGODlhAQABAAAAACH5BAEKAAEALAAAAAABAAEAAAICTAEAOw==\" data-orig-src=\"http:\/\/ztyhairtransplant.com\/wp-content\/uploads\/2020\/02\/Zty_hospital_9.jpg\" class=\"lazyload wp-image-100\" \/><\/span><\/li><li class=\"image\"><span class=\"lazyload fusion-image-hover-element hover-type-none\"><img decoding=\"async\" src=\"data:image\/gif;base64,R0lGODlhAQABAAAAACH5BAEKAAEALAAAAAABAAEAAAICTAEAOw==\" data-orig-src=\"http:\/\/ztyhairtransplant.com\/wp-content\/uploads\/2020\/02\/Zty_hospital_18.jpg\" class=\"lazyload wp-image-101\" \/><\/span><\/li><\/ul><\/div><div class=\"fusion-clearfix\"><\/div><\/div><\/div><\/div><\/div>\n","protected":false},"excerpt":{"rendered":"","protected":false},"author":1,"featured_media":0,"parent":0,"menu_order":0,"comment_status":"closed","ping_status":"closed","template":"","meta":{"footnotes":""},"yst_prominent_words":[],"class_list":["post-6125","page","type-page","status-publish","hentry"],"_links":{"self":[{"href":"https:\/\/ztyhairtransplant.com\/de\/wp-json\/wp\/v2\/pages\/6125","targetHints":{"allow":["GET"]}}],"collection":[{"href":"https:\/\/ztyhairtransplant.com\/de\/wp-json\/wp\/v2\/pages"}],"about":[{"href":"https:\/\/ztyhairtransplant.com\/de\/wp-json\/wp\/v2\/types\/page"}],"author":[{"embeddable":true,"href":"https:\/\/ztyhairtransplant.com\/de\/wp-json\/wp\/v2\/users\/1"}],"replies":[{"embeddable":true,"href":"https:\/\/ztyhairtransplant.com\/de\/wp-json\/wp\/v2\/comments?post=6125"}],"version-history":[{"count":2,"href":"https:\/\/ztyhairtransplant.com\/de\/wp-json\/wp\/v2\/pages\/6125\/revisions"}],"predecessor-version":[{"id":6127,"href":"https:\/\/ztyhairtransplant.com\/de\/wp-json\/wp\/v2\/pages\/6125\/revisions\/6127"}],"wp:attachment":[{"href":"https:\/\/ztyhairtransplant.com\/de\/wp-json\/wp\/v2\/media?parent=6125"}],"wp:term":[{"taxonomy":"yst_prominent_words","embeddable":true,"href":"https:\/\/ztyhairtransplant.com\/de\/wp-json\/wp\/v2\/yst_prominent_words?post=6125"}],"curies":[{"name":"wp","href":"https:\/\/api.w.org\/{rel}","templated":true}]}}