{"id":6132,"date":"2020-02-08T11:35:41","date_gmt":"2020-02-08T08:35:41","guid":{"rendered":"https:\/\/ztyhairtransplant.com\/?page_id=6132"},"modified":"2023-09-27T17:36:56","modified_gmt":"2023-09-27T14:36:56","slug":"der-gesamte-prozess-der-haartransplantation-anfang","status":"publish","type":"page","link":"https:\/\/ztyhairtransplant.com\/de\/der-gesamte-prozess-der-haartransplantation-anfang\/","title":{"rendered":"Der gesamte Prozess der Haartransplantation Anfang"},"content":{"rendered":"<h1><strong>Der gesamte Prozess der Haartransplantation Anfang<\/strong><\/h1>\n<p>F\u00fcr die erste Bewertung ben\u00f6tigen wir einige Fotos, die den Bereich zeigen, in dem die Haartransplantation durchgef\u00fchrt wird. Danach wird die zu pflanzende Haarfollikel berechnet.<\/p>\n<p>Um die \u00d6ffnung im Kopf zu schlie\u00dfen, wird der Nackenbereich untersucht, aus dem die Haarfollikel entnommen werden sollen. Wenn die aus dem Nackenbereich entnommenen Haarfollikel ausreichen, gibt es kein Problem. Sollten diese jedoch als unzureichend betrachtet werden, k\u00f6nnen auch Haarfollikel aus dem Bart- und Brustbereich entnommen werden.<\/p>\n<h2><strong>Preis<\/strong><\/h2>\n<p>Nach der Festlegung des zu pflanzenden Bereichs und der Berechnung der Haarfollikel wird dem Patienten der Preis mitgeteilt. Wenn wir uns \u00fcber den Preis einig sind, werden unserem Patienten vor der Haartransplantation die folgenden Fragen gestellt.<\/p>\n<ul>\n<li>Hatten Sie schon einmal eine Haartransplantation?<\/li>\n<li>Haben Sie eine chronische Krankheit?<\/li>\n<li>Gibt es ein Medikament, das Sie regelm\u00e4\u00dfig einnehmen?<\/li>\n<li>Haben Sie ansteckende Krankheiten?<\/li>\n<\/ul>\n<p>Die Entscheidung f\u00fcr die Haartransplantation wird abh\u00e4ngig von den Antworten auf die oben genannten Fragen getroffen.<\/p>\n<h2><strong>Organisation des Flugtickets<\/strong><\/h2>\n<p>Nach der Zustimmung der \u00c4rzte und der Einigung \u00fcber die Bedingungen wird ein Termin f\u00fcr die Haartransplantation festgelegt und unser Patient erh\u00e4lt ein Flugticket f\u00fcr den Operationstermin. Nach Erhalt des Flugtickets bitten wir um eine Kopie oder ein Bild des Tickets.<\/p>\n<p>Mit dieser Kopie nehmen wir eine Hotelreservierung vor.<\/p>\n<h2><strong>Treffen am Flughafen<\/strong><\/h2>\n<p>Nach der Ankunft am Flughafen wird unser Personal die Patienten zum Hotel bringen (vor der Ankunft senden wir ein Video, das unseren Patienten erkl\u00e4rt, wie sie unser Personal am Flughafen finden k\u00f6nnen).<\/p>\n<h2><strong>Krankenhaus<\/strong><\/h2>\n<p>Im Krankenhaus angekommen, f\u00fchren wir zun\u00e4chst alle notwendigen Bluttests durch. Wenn es keine Probleme mit Ihren Blutwerten gibt, werden unsere Haartransplantationsspezialisten Ihre Zeichnungen anfertigen und ihre Vorbereitungen vor der Haartransplantation abschlie\u00dfen.<\/p>\n<h2><strong>Haartransplantation<\/strong><\/h2>\n<p>Vor der Haartransplantation werden die Haarfollikel im Nackenbereich mit der FUE-Methode entnommen und je nach ihrer Wuchsrichtung gruppiert. Dann wird die Pflanzung im kahlen Bereich vorgenommen. Die durchschnittliche Dauer der Haartransplantation betr\u00e4gt 6-8 Stunden.<\/p>\n<p>Danach kehren Sie mit Ihrem eigenen Assistenten und Ihrem privaten VIP-Fahrzeug zum Hotel zur\u00fcck.<\/p>\n<h2><strong>Verband<\/strong><\/h2>\n<p>Am 2. Tag holen wir Sie vom Hotel ab und bringen Sie ins Krankenhaus zum Verbandwechsel und zum N\u00e4hen. Dann werden Sie nach einer Stunde Operation zur\u00fcck ins Hotel gebracht.<\/p>\n<h2><strong>Waschen<\/strong><\/h2>\n<p>Tag 4 ist der Tag der R\u00fcckkehr nach Hause. F\u00fcr die erste W\u00e4sche werden Sie mit unserem VIP-Fahrzeug vom Hotel abgeholt und ins Krankenhaus gebracht. Die erste W\u00e4sche wird von unserem Team durchgef\u00fchrt, und Sie werden f\u00fcr die n\u00e4chsten W\u00e4schen geschult. Gleichzeitig werden Lotion und Shampoo von uns bereitgestellt.<\/p>\n<h2><strong>R\u00fcckkehr nach Hause<\/strong><\/h2>\n<p>Nach diesen Verfahren k\u00f6nnen Sie in Ihr Land zur\u00fcckkehren. Um zum Flughafen zu gelangen, holt Sie unser Fahrzeug ab und bringt Sie zum Flughafen.<\/p>\n<h3><strong>Kontrolle nach der Transplantation<\/strong><\/h3>\n<p>Ein Monat sp\u00e4ter \u00fcberpr\u00fcfen wir die neueste Situation mit den Bildern, die wir \u00fcber WhatsApp oder E-Mail erhalten haben.<\/p>\n<p>Hinweis: Sie sind vielleicht noch nie zuvor in der T\u00fcrkei gewesen. Daher stehen Sie w\u00e4hrend Ihrer Zeit in Istanbul st\u00e4ndig in Kontakt mit einem Assistenten, der Ihre Sprache spricht. W\u00e4hrend dieser Prozesse sind wir immer bei Ihnen.<\/p>\n<p>Es gibt keinen Punkt in diesen Prozessen, den Sie alleine bew\u00e4ltigen m\u00fcssen. Ein Assistent wird Sie jederzeit begleiten.<\/p>\n","protected":false},"excerpt":{"rendered":"<p>Der gesamte Prozess der Haartransplantation Anfang F\u00fcr die erste Bewertung ben\u00f6tigen wir einige Fotos, die den Bereich zeigen, in dem [&hellip;]<\/p>\n","protected":false},"author":1,"featured_media":0,"parent":0,"menu_order":0,"comment_status":"closed","ping_status":"closed","template":"","meta":{"footnotes":""},"yst_prominent_words":[],"class_list":["post-6132","page","type-page","status-publish","hentry"],"_links":{"self":[{"href":"https:\/\/ztyhairtransplant.com\/de\/wp-json\/wp\/v2\/pages\/6132","targetHints":{"allow":["GET"]}}],"collection":[{"href":"https:\/\/ztyhairtransplant.com\/de\/wp-json\/wp\/v2\/pages"}],"about":[{"href":"https:\/\/ztyhairtransplant.com\/de\/wp-json\/wp\/v2\/types\/page"}],"author":[{"embeddable":true,"href":"https:\/\/ztyhairtransplant.com\/de\/wp-json\/wp\/v2\/users\/1"}],"replies":[{"embeddable":true,"href":"https:\/\/ztyhairtransplant.com\/de\/wp-json\/wp\/v2\/comments?post=6132"}],"version-history":[{"count":1,"href":"https:\/\/ztyhairtransplant.com\/de\/wp-json\/wp\/v2\/pages\/6132\/revisions"}],"predecessor-version":[{"id":6133,"href":"https:\/\/ztyhairtransplant.com\/de\/wp-json\/wp\/v2\/pages\/6132\/revisions\/6133"}],"wp:attachment":[{"href":"https:\/\/ztyhairtransplant.com\/de\/wp-json\/wp\/v2\/media?parent=6132"}],"wp:term":[{"taxonomy":"yst_prominent_words","embeddable":true,"href":"https:\/\/ztyhairtransplant.com\/de\/wp-json\/wp\/v2\/yst_prominent_words?post=6132"}],"curies":[{"name":"wp","href":"https:\/\/api.w.org\/{rel}","templated":true}]}}