{"id":6135,"date":"2020-02-07T10:01:05","date_gmt":"2020-02-07T07:01:05","guid":{"rendered":"https:\/\/ztyhairtransplant.com\/?page_id=6135"},"modified":"2023-09-27T17:51:55","modified_gmt":"2023-09-27T14:51:55","slug":"haartransplantation-preis-in-der-tuerkei","status":"publish","type":"page","link":"https:\/\/ztyhairtransplant.com\/de\/haartransplantation-preis-in-der-tuerkei\/","title":{"rendered":"Haartransplantation Preis in der T\u00fcrkei"},"content":{"rendered":"<p><div class=\"fusion-fullwidth fullwidth-box fusion-builder-row-1 nonhundred-percent-fullwidth non-hundred-percent-height-scrolling\" style=\"--awb-border-radius-top-left:0px;--awb-border-radius-top-right:0px;--awb-border-radius-bottom-right:0px;--awb-border-radius-bottom-left:0px;--awb-flex-wrap:wrap;\" ><div class=\"fusion-builder-row fusion-row\"><div class=\"fusion-layout-column fusion_builder_column fusion-builder-column-0 fusion_builder_column_1_1 1_1 fusion-one-full fusion-column-first fusion-column-last\" style=\"--awb-bg-size:cover;\"><div class=\"fusion-column-wrapper fusion-flex-column-wrapper-legacy\"><div class=\"fusion-text fusion-text-1\"><h1><strong>Haartransplantation Preis in der T\u00fcrkei<\/strong><\/h1>\n\n<p>Der <span style=\"color: #ff0000;\"><strong>Preis f\u00fcr eine Haartransplantation in der T\u00fcrkei betr\u00e4gt 1800 Euro<\/strong><\/span>. Dieser Preis beinhaltet Unterkunft, Dolmetscher, Abholung vom Flughafen und lokale Transfers. Dieser Preis ist f\u00fcr das Jahr 2022 g\u00fcltig. Keine versteckten Kosten. Die Zahlung erfolgt in bar. Bei mehreren Sitzungen wird der Preis niedriger sein. Zty Health gibt sein Bestes, um Ihnen den g\u00fcnstigsten Preis f\u00fcr eine Haartransplantation anzubieten.<\/p>\n<div id=\"ez-toc-container\" class=\"ez-toc-v2_0_63 counter-hierarchy ez-toc-counter ez-toc-custom ez-toc-container-direction\">\n<div class=\"ez-toc-title-container\">\n<p class=\"ez-toc-title \" >Inhaltsverzeichnis<\/p>\n<span class=\"ez-toc-title-toggle\"><a href=\"#\" class=\"ez-toc-pull-right ez-toc-btn ez-toc-btn-xs ez-toc-btn-default ez-toc-toggle\" aria-label=\"Toggle Table of Content\"><span class=\"ez-toc-js-icon-con\"><span class=\"\"><span class=\"eztoc-hide\" style=\"display:none;\">Toggle<\/span><span class=\"ez-toc-icon-toggle-span\"><svg style=\"fill: #202124;color:#202124\" xmlns=\"http:\/\/www.w3.org\/2000\/svg\" class=\"list-377408\" width=\"20px\" height=\"20px\" viewBox=\"0 0 24 24\" fill=\"none\"><path d=\"M6 6H4v2h2V6zm14 0H8v2h12V6zM4 11h2v2H4v-2zm16 0H8v2h12v-2zM4 16h2v2H4v-2zm16 0H8v2h12v-2z\" fill=\"currentColor\"><\/path><\/svg><svg style=\"fill: #202124;color:#202124\" class=\"arrow-unsorted-368013\" xmlns=\"http:\/\/www.w3.org\/2000\/svg\" width=\"10px\" height=\"10px\" viewBox=\"0 0 24 24\" version=\"1.2\" baseProfile=\"tiny\"><path d=\"M18.2 9.3l-6.2-6.3-6.2 6.3c-.2.2-.3.4-.3.7s.1.5.3.7c.2.2.4.3.7.3h11c.3 0 .5-.1.7-.3.2-.2.3-.5.3-.7s-.1-.5-.3-.7zM5.8 14.7l6.2 6.3 6.2-6.3c.2-.2.3-.5.3-.7s-.1-.5-.3-.7c-.2-.2-.4-.3-.7-.3h-11c-.3 0-.5.1-.7.3-.2.2-.3.5-.3.7s.1.5.3.7z\"\/><\/svg><\/span><\/span><\/span><\/a><\/span><\/div>\n<nav><ul class='ez-toc-list ez-toc-list-level-1 eztoc-toggle-hide-by-default' ><li class='ez-toc-page-1 ez-toc-heading-level-2'><a class=\"ez-toc-link ez-toc-heading-1\" href=\"https:\/\/ztyhairtransplant.com\/de\/haartransplantation-preis-in-der-tuerkei\/#Was_muss_ich_bei_auffallend_guenstigen_Angeboten_beachten\" title=\"Was muss ich bei auffallend g\u00fcnstigen Angeboten beachten?\">Was muss ich bei auffallend g\u00fcnstigen Angeboten beachten?<\/a><\/li><li class='ez-toc-page-1 ez-toc-heading-level-2'><a class=\"ez-toc-link ez-toc-heading-2\" href=\"https:\/\/ztyhairtransplant.com\/de\/haartransplantation-preis-in-der-tuerkei\/#Warum_ist_die_Haartransplantation_in_der_Tuerkei_guenstig\" title=\"Warum ist die Haartransplantation in der T\u00fcrkei g\u00fcnstig?\">Warum ist die Haartransplantation in der T\u00fcrkei g\u00fcnstig?<\/a><\/li><li class='ez-toc-page-1 ez-toc-heading-level-2'><a class=\"ez-toc-link ez-toc-heading-3\" href=\"https:\/\/ztyhairtransplant.com\/de\/haartransplantation-preis-in-der-tuerkei\/#Aendert_sich_der_Preis_fuer_Haartransplantationen_von_Person_zu_Person\" title=\"\u00c4ndert sich der Preis f\u00fcr Haartransplantationen von Person zu Person?\">\u00c4ndert sich der Preis f\u00fcr Haartransplantationen von Person zu Person?<\/a><\/li><li class='ez-toc-page-1 ez-toc-heading-level-2'><a class=\"ez-toc-link ez-toc-heading-4\" href=\"https:\/\/ztyhairtransplant.com\/de\/haartransplantation-preis-in-der-tuerkei\/#Wie_viel_kostet_ein_Transplantat\" title=\"Wie viel kostet ein Transplantat?\">Wie viel kostet ein Transplantat?<\/a><\/li><li class='ez-toc-page-1 ez-toc-heading-level-2'><a class=\"ez-toc-link ez-toc-heading-5\" href=\"https:\/\/ztyhairtransplant.com\/de\/haartransplantation-preis-in-der-tuerkei\/#Was_ist_im_Haartransplantationspaket_enthalten\" title=\"Was ist im Haartransplantationspaket enthalten?\">Was ist im Haartransplantationspaket enthalten?<\/a><\/li><\/ul><\/nav><\/div>\n\n<h2><span class=\"ez-toc-section\" id=\"Was_muss_ich_bei_auffallend_guenstigen_Angeboten_beachten\"><\/span><strong>Was muss ich bei auffallend g\u00fcnstigen Angeboten beachten?<\/strong><span class=\"ez-toc-section-end\"><\/span><\/h2>\n<p>Die Erfahrung und Sorgfalt des Operationsteams sind f\u00fcr ein gutes Ergebnis unerl\u00e4sslich. Wenn eine Klinik mit sehr niedrigen Preisen pro Transplantat lockt, ist Vorsicht geboten. Hier k\u00f6nnten Einsparungen erzielt werden, indem unerfahrenes Personal eingesetzt wird (das dann eine \u00fcberdurchschnittliche Anzahl von Transplantaten besch\u00e4digen k\u00f6nnte). Oder die Klinik transplantieret in Akkord, was bedeutet, dass Beratung, Vorbereitung und Nachsorge darunter leiden k\u00f6nnten. Fragen Sie w\u00e4hrend des Beratungsgespr\u00e4chs, wie sich der Preis zusammensetzt und ob es versteckte Kosten gibt. Stimmen Sie der Operation nur zu, wenn alle Zweifel ausger\u00e4umt wurden und Sie ein durchweg gutes Gef\u00fchl gegen\u00fcber dem Betreiber haben.<\/p>\n<\/div><div class=\"fusion-clearfix\"><\/div><\/div><\/div><\/div><\/div><div class=\"fusion-fullwidth fullwidth-box fusion-builder-row-2 nonhundred-percent-fullwidth non-hundred-percent-height-scrolling\" style=\"--awb-border-radius-top-left:0px;--awb-border-radius-top-right:0px;--awb-border-radius-bottom-right:0px;--awb-border-radius-bottom-left:0px;--awb-flex-wrap:wrap;\" ><div class=\"fusion-builder-row fusion-row\"><div class=\"fusion-layout-column fusion_builder_column fusion-builder-column-1 fusion_builder_column_1_2 1_2 fusion-one-half fusion-column-first\" style=\"--awb-bg-size:cover;width:50%;width:calc(50% - ( ( 4% ) * 0.5 ) );margin-right: 4%;\"><div class=\"fusion-column-wrapper fusion-flex-column-wrapper-legacy\"><style type='text\/css'>\n\t\t\t\t.pricing-table-1 .panel-container, .pricing-table-1 .standout .panel-container,\n\t\t\t\t.pricing-table-1.full-boxed-pricing {background-color:#e5e5e5;}\n\t\t\t\t.pricing-table-1 .list-group .list-group-item,\n\t\t\t\t.pricing-table-1 .list-group .list-group-item:last-child{background-color:#ffffff; border-color:#e5e5e5;}\n\t\t\t\t.pricing-table-1.full-boxed-pricing .panel-wrapper:hover .panel-heading,\n\t\t\t\t.pricing-table-1 .panel-wrapper:hover .list-group-item {background-color:#ffffff;}\n\t\t\t\t.pricing-table-1.full-boxed-pricing .panel-heading{background-color:#ffffff;}\n\t\t\t\t.pricing-table-1 .fusion-panel, .pricing-table-1 .panel-wrapper:last-child .fusion-panel,\n\t\t\t\t.pricing-table-1 .standout .fusion-panel, .pricing-table-1  .panel-heading,\n\t\t\t\t.pricing-table-1 .panel-body, .pricing-table-1 .panel-footer{border-color:#e5e5e5;}\n\t\t\t\t.pricing-table-1 .panel-body,.pricing-table-1 .panel-footer{background-color:#e5e5e5;}\n\t\t\t\t.pricing-table-1.sep-boxed-pricing .panel-heading h3{color:#ffffff;}\n\t\t\t\t.pricing-table-1.full-boxed-pricing.fusion-pricing-table .panel-heading h3{color:#252525;}\n\t\t\t\t.pricing-table-1.fusion-pricing-table .panel-body .price .decimal-part{color:#f3473d;}\n\t\t\t\t.pricing-table-1.fusion-pricing-table .panel-body .price .integer-part{color:#f3473d;}\n\t\t\t\t.pricing-table-1 ul.list-group li{color:var(--awb-color8);}\n\t\t\t\t<\/style><div class=\"fusion-pricing-table pricing-table-1 sep-boxed-pricing row fusion-columns-1 columns-1 fusion-clearfix\"><div class=\"panel-wrapper fusion-column column col-lg-12 col-md-12 col-sm-12 fusion-pricingtable-column\"><div class=\"panel-container\"><div class=\"fusion-panel\"><div class=\"panel-heading\"><h3 class=\"title-row\">Preis f\u00fcr Haartransplantation in Istanbul<\/h3><\/div><div class=\"panel-body pricing-row\"><div class=\"price \"><span class=\"integer-part\">1800<\/span><span class=\"currency pos-right price-without-decimal\">\u20ac<\/span><span class=\"time pos-right price-without-decimal\">Alles inklusive<\/span><\/div><\/div><ul class=\"list-group\"><li class=\"list-group-item normal-row\">Maximale Transplantate Einzelsitzung<\/li><li class=\"list-group-item normal-row\">4 \u00dcbernachtungen im Hotel<\/li><li class=\"list-group-item normal-row\">Private Flughafentransfers (Hin- und R\u00fcckfahrt)<\/li><li class=\"list-group-item normal-row\">Medikamente, Shampoo, Lotion<\/li><li class=\"list-group-item normal-row\">A-Klasse Krankenhaus<\/li><li class=\"list-group-item normal-row\">Assistent Dolmetscher<\/li><\/ul><\/div><\/div><\/div><\/div><div class=\"fusion-clearfix\"><\/div><\/div><\/div><div class=\"fusion-layout-column fusion_builder_column fusion-builder-column-2 fusion_builder_column_1_2 1_2 fusion-one-half fusion-column-last\" style=\"--awb-bg-size:cover;width:50%;width:calc(50% - ( ( 4% ) * 0.5 ) );\"><div class=\"fusion-column-wrapper fusion-flex-column-wrapper-legacy\"><style type='text\/css'>\n\t\t\t\t.pricing-table-2 .panel-container, .pricing-table-2 .standout .panel-container,\n\t\t\t\t.pricing-table-2.full-boxed-pricing {background-color:#e5e5e5;}\n\t\t\t\t.pricing-table-2 .list-group .list-group-item,\n\t\t\t\t.pricing-table-2 .list-group .list-group-item:last-child{background-color:#ffffff; border-color:#e5e5e5;}\n\t\t\t\t.pricing-table-2.full-boxed-pricing .panel-wrapper:hover .panel-heading,\n\t\t\t\t.pricing-table-2 .panel-wrapper:hover .list-group-item {background-color:#ffffff;}\n\t\t\t\t.pricing-table-2.full-boxed-pricing .panel-heading{background-color:#ffffff;}\n\t\t\t\t.pricing-table-2 .fusion-panel, .pricing-table-2 .panel-wrapper:last-child .fusion-panel,\n\t\t\t\t.pricing-table-2 .standout .fusion-panel, .pricing-table-2  .panel-heading,\n\t\t\t\t.pricing-table-2 .panel-body, .pricing-table-2 .panel-footer{border-color:#e5e5e5;}\n\t\t\t\t.pricing-table-2 .panel-body,.pricing-table-2 .panel-footer{background-color:#e5e5e5;}\n\t\t\t\t.pricing-table-2.sep-boxed-pricing .panel-heading h3{color:#ffffff;}\n\t\t\t\t.pricing-table-2.full-boxed-pricing.fusion-pricing-table .panel-heading h3{color:#252525;}\n\t\t\t\t.pricing-table-2.fusion-pricing-table .panel-body .price .decimal-part{color:#f3473d;}\n\t\t\t\t.pricing-table-2.fusion-pricing-table .panel-body .price .integer-part{color:#f3473d;}\n\t\t\t\t.pricing-table-2 ul.list-group li{color:var(--awb-color8);}\n\t\t\t\t<\/style><div class=\"fusion-pricing-table pricing-table-2 sep-boxed-pricing row fusion-columns-1 columns-1 fusion-clearfix\"><div class=\"panel-wrapper fusion-column column col-lg-12 col-md-12 col-sm-12 fusion-pricingtable-column\"><div class=\"panel-container\"><div class=\"fusion-panel\"><div class=\"panel-heading\"><h3 class=\"title-row\">DHI Haartransplantationskosten<\/h3><\/div><div class=\"panel-body pricing-row\"><div class=\"price \"><span class=\"integer-part\">2000<\/span><span class=\"currency pos-right price-without-decimal\">\u20ac<\/span><span class=\"time pos-right price-without-decimal\">Alles inklusive<\/span><\/div><\/div><ul class=\"list-group\"><li class=\"list-group-item normal-row\">Maximale Transplantate Einzelsitzung<\/li><li class=\"list-group-item normal-row\">4 \u00dcbernachtungen im Hotel<\/li><li class=\"list-group-item normal-row\">Private Flughafentransfers (Hin- und R\u00fcckfahrt)<\/li><li class=\"list-group-item normal-row\">Medikamente, Shampoo, Lotion<\/li><li class=\"list-group-item normal-row\">A-Klasse Krankenhaus<\/li><li class=\"list-group-item normal-row\">Assistent Dolmetscher<\/li><\/ul><\/div><\/div><\/div><\/div><div class=\"fusion-clearfix\"><\/div><\/div><\/div><\/div><\/div><div class=\"fusion-fullwidth fullwidth-box fusion-builder-row-3 nonhundred-percent-fullwidth non-hundred-percent-height-scrolling\" style=\"--awb-border-radius-top-left:0px;--awb-border-radius-top-right:0px;--awb-border-radius-bottom-right:0px;--awb-border-radius-bottom-left:0px;--awb-flex-wrap:wrap;\" ><div class=\"fusion-builder-row fusion-row\"><div class=\"fusion-layout-column fusion_builder_column fusion-builder-column-3 fusion_builder_column_1_1 1_1 fusion-one-full fusion-column-first fusion-column-last\" style=\"--awb-bg-size:cover;\"><div class=\"fusion-column-wrapper fusion-flex-column-wrapper-legacy\"><div class=\"fusion-text fusion-text-2\"><h2><span class=\"ez-toc-section\" id=\"Warum_ist_die_Haartransplantation_in_der_Tuerkei_guenstig\"><\/span><strong>Warum ist die Haartransplantation in der T\u00fcrkei g\u00fcnstig?<\/strong><span class=\"ez-toc-section-end\"><\/span><\/h2>\n<p>Der Preis f\u00fcr Haartransplantationen in der T\u00fcrkei ist wesentlich erschwinglicher als in Europa. Es gibt viele Gr\u00fcnde f\u00fcr diese Situation. Hier sind einige Antworten:<\/p>\n<ul>\n<li>Die L\u00fccke zwischen der t\u00fcrkischen Lira und dem Euro, Dollar<\/li>\n<li>Die T\u00fcrkei hat eine f\u00fchrende Position im Bereich der Haartransplantation und plastischen Chirurgie<\/li>\n<li>Die Unternehmen f\u00fcr Haartransplantation und plastische Chirurgie halten die Preise niedrig, um Marktanteile nicht zu verlieren<\/li>\n<li>Staatliche Subventionen<\/li>\n<li>Keine Kostenberechnungsmethode pro Transplantat<\/li>\n<\/ul>\n<h2><span class=\"ez-toc-section\" id=\"Aendert_sich_der_Preis_fuer_Haartransplantationen_von_Person_zu_Person\"><\/span><strong>\u00c4ndert sich der Preis f\u00fcr Haartransplantationen von Person zu Person?<\/strong><span class=\"ez-toc-section-end\"><\/span><\/h2>\n<p>Im Durchschnitt werden bei einem Mann 4000 Transplantate transplantiert. Diese Zahl wird selten \u00fcberschritten. Der Preis f\u00fcr 400 Transplantate ist jedoch festgelegt.<\/p>\n<p>Wenn mehr ben\u00f6tigt wird, wird ein pers\u00f6nlicher Preis festgelegt. Die Bereiche, die wir hier sehen m\u00fcssen, sind der Nackenbereich, der Brust- und Bartbereich. Wenn es einen Spender gibt, um Haarfollikel zu sammeln, kann mehr Haar transplantiert werden. Preis f\u00fcr Haartransplantation in der T\u00fcrkei.<\/p>\n<h2><span class=\"ez-toc-section\" id=\"Wie_viel_kostet_ein_Transplantat\"><\/span><strong>Wie viel kostet ein Transplantat?<\/strong><span class=\"ez-toc-section-end\"><\/span><\/h2>\n<p>Die Geb\u00fchren f\u00fcr medizinische Dienstleistungen sind in der Geb\u00fchrenordnung f\u00fcr \u00c4rzte festgelegt. Dieser Katalog wurde haupts\u00e4chlich f\u00fcr medizinisch notwendige Behandlungen erstellt, daher ist die Haartransplantation dort nicht enthalten. Da die Transplantation hinsichtlich Aufwand und Schwierigkeit mit einer Injektion vergleichbar ist, wird normalerweise der gleiche Preis angewendet. 1 Euro pro Implantation, also pro Transplantat. Wenn Sie die Kosten f\u00fcr Vorbereitung, Beratung und Bearbeitung des Transplantats ber\u00fccksichtigen, liegt der Preis bei 0,5 bis 1 Euro pro Transplantat.<\/p>\n<h2><span class=\"ez-toc-section\" id=\"Was_ist_im_Haartransplantationspaket_enthalten\"><\/span><strong>Was ist im Haartransplantationspaket enthalten?<\/strong><span class=\"ez-toc-section-end\"><\/span><\/h2>\n<ul>\n<li>&#8211; 4000 &#8211; 500 Haartransplantationen<\/li>\n<li>&#8211; 4 \u00dcbernachtungen (im Citiyloft Hotel)<\/li>\n<li>&#8211; Abholung vom Flughafen mit VIP-Fahrzeug<\/li>\n<li>&#8211; Transfers zwischen Hotel und Krankenhaus in Istanbul<\/li>\n<li>&#8211; Notwendige Bluttests vor der Haartransplantation<\/li>\n<li>&#8211; Nach der Operation verwendete Medikamente<\/li>\n<li>&#8211; Haarband nach der Haartransplantation<\/li>\n<li>&#8211; Shampoo-Lotion-Versorgung nach der Haartransplantation<\/li>\n<\/ul>\n<\/div><div class=\"fusion-clearfix\"><\/div><\/div><\/div><\/div><\/div><\/p>\n","protected":false},"excerpt":{"rendered":"","protected":false},"author":1,"featured_media":0,"parent":0,"menu_order":0,"comment_status":"closed","ping_status":"closed","template":"","meta":{"footnotes":""},"yst_prominent_words":[],"class_list":["post-6135","page","type-page","status-publish","hentry"],"_links":{"self":[{"href":"https:\/\/ztyhairtransplant.com\/de\/wp-json\/wp\/v2\/pages\/6135","targetHints":{"allow":["GET"]}}],"collection":[{"href":"https:\/\/ztyhairtransplant.com\/de\/wp-json\/wp\/v2\/pages"}],"about":[{"href":"https:\/\/ztyhairtransplant.com\/de\/wp-json\/wp\/v2\/types\/page"}],"author":[{"embeddable":true,"href":"https:\/\/ztyhairtransplant.com\/de\/wp-json\/wp\/v2\/users\/1"}],"replies":[{"embeddable":true,"href":"https:\/\/ztyhairtransplant.com\/de\/wp-json\/wp\/v2\/comments?post=6135"}],"version-history":[{"count":2,"href":"https:\/\/ztyhairtransplant.com\/de\/wp-json\/wp\/v2\/pages\/6135\/revisions"}],"predecessor-version":[{"id":6137,"href":"https:\/\/ztyhairtransplant.com\/de\/wp-json\/wp\/v2\/pages\/6135\/revisions\/6137"}],"wp:attachment":[{"href":"https:\/\/ztyhairtransplant.com\/de\/wp-json\/wp\/v2\/media?parent=6135"}],"wp:term":[{"taxonomy":"yst_prominent_words","embeddable":true,"href":"https:\/\/ztyhairtransplant.com\/de\/wp-json\/wp\/v2\/yst_prominent_words?post=6135"}],"curies":[{"name":"wp","href":"https:\/\/api.w.org\/{rel}","templated":true}]}}