{"id":10703,"date":"2020-02-08T11:35:41","date_gmt":"2020-02-08T08:35:41","guid":{"rendered":"https:\/\/ztyhairtransplant.com\/?page_id=10703"},"modified":"2024-02-01T13:46:26","modified_gmt":"2024-02-01T10:46:26","slug":"el-proceso-completo-de-trasplante-de-cabello","status":"publish","type":"page","link":"https:\/\/ztyhairtransplant.com\/es\/el-proceso-completo-de-trasplante-de-cabello\/","title":{"rendered":"El Proceso Completo de Trasplante de Cabello"},"content":{"rendered":"<h1><strong>El Proceso Completo de Trasplante de Cabello<\/strong><\/h1>\n<h2><strong>Inicio<\/strong><\/h2>\n<p>Para la primera evaluaci\u00f3n, necesitamos algunas fotos que muestren el \u00e1rea donde se realizar\u00e1 el trasplante de cabello. Despu\u00e9s, se calcula el fol\u00edculo piloso que se va a implantar.<\/p>\n<p>Para cubrir la apertura en la cabeza, se examina el \u00e1rea del cuello de donde se obtendr\u00e1 el fol\u00edculo piloso. Si los fol\u00edculos pilosos tomados de la zona de la nuca son suficientes, no hay problema. Pero si se consideran insuficientes, tambi\u00e9n se pueden obtener fol\u00edculos pilosos de la barba y el \u00e1rea del pecho.<\/p>\n<h2><strong>Precio<\/strong><\/h2>\n<p>Despu\u00e9s de determinar el \u00e1rea a implantar y calcular los fol\u00edculos pilosos, se env\u00eda el precio al paciente. Si estamos de acuerdo con el precio, las preguntas a continuaci\u00f3n se env\u00edan a nuestro paciente antes del trasplante de cabello.<\/p>\n<ul>\n<li>\u00bfHas tenido un trasplante de cabello antes?<\/li>\n<li>\u00bfTienes alguna enfermedad cr\u00f3nica?<\/li>\n<li>\u00bfHay alguna medicina que tomas regularmente?<\/li>\n<li>\u00bfTienes enfermedades infecciosas?<\/li>\n<\/ul>\n<p>La decisi\u00f3n de realizar el trasplante de cabello se tomar\u00e1 dependiendo de la respuesta a las preguntas mencionadas anteriormente.<\/p>\n<h2><strong>Organizaci\u00f3n del Boleto de Avi\u00f3n<\/strong><\/h2>\n<p>Tras la aprobaci\u00f3n de los doctores y el acuerdo sobre los t\u00e9rminos, se establece una fecha para el trasplante de cabello y nuestro paciente obtiene un boleto de avi\u00f3n para la fecha de la cirug\u00eda. Despu\u00e9s de obtener el boleto de avi\u00f3n, solicitamos una copia o foto del boleto.<\/p>\n<p>Hacemos una reserva de hotel con esa copia.<\/p>\n<h2><strong>Encuentro en el aeropuerto<\/strong><\/h2>\n<p>Tras la llegada al aeropuerto, nuestro personal llevar\u00e1 a los pacientes al hotel (Antes de la llegada, enviamos un video que explica a nuestros pacientes c\u00f3mo encontrar a nuestro personal en el aeropuerto).<\/p>\n<h2><strong>Hospital<\/strong><\/h2>\n<p>Cuando lleguemos al hospital, primero realizaremos todos los an\u00e1lisis de sangre necesarios. Si no hay problema con tus valores sangu\u00edneos, nuestros especialistas en trasplante de cabello har\u00e1n tus dibujos y completar\u00e1n sus preparativos antes del trasplante de cabello.<\/p>\n<h2><strong>Trasplante de Cabello<\/strong><\/h2>\n<p>Antes del trasplante de cabello, los fol\u00edculos pilosos en la regi\u00f3n de la nuca ser\u00e1n recolectados por el m\u00e9todo FUE y agrupados seg\u00fan sus direcciones. Luego, se realizar\u00e1 el trasplante en la zona calva. El tiempo promedio del trasplante de cabello es de 6-8 horas.<\/p>\n<p>Luego, regresar\u00e1s al hotel con tu propio asistente y tu veh\u00edculo VIP privado.<\/p>\n<h2><strong>Curaci\u00f3n<\/strong><\/h2>\n<p>El 2\u00ba d\u00eda, te recogeremos del hotel y te llevaremos al hospital para la curaci\u00f3n y el cosido. Luego, ser\u00e1s llevado de vuelta al hotel despu\u00e9s de una hora de operaci\u00f3n.<\/p>\n<h2><strong>Lavado<\/strong><\/h2>\n<p>El d\u00eda 4 es el d\u00eda de regreso a casa. Para el primer lavado, ser\u00e1s recogido de tu hotel con nuestro veh\u00edculo VIP y llevado al hospital. El primer lavado ser\u00e1 realizado por nuestro equipo y ser\u00e1s entrenado para los siguientes lavados. Al mismo tiempo, se te proporcionar\u00e1 loci\u00f3n y champ\u00fa por nuestra parte.<\/p>\n<h2><strong>Regreso a Casa<\/strong><\/h2>\n<p>Despu\u00e9s de estos procedimientos, puedes regresar a tu pa\u00eds. Para ir al aeropuerto, nuestro veh\u00edculo te recoger\u00e1 y te llevar\u00e1 al aeropuerto.<\/p>\n<h2><strong>Revisi\u00f3n despu\u00e9s del trasplante<\/strong><\/h2>\n<p>Un mes despu\u00e9s, revisaremos la situaci\u00f3n m\u00e1s reciente con las fotos que recibamos a trav\u00e9s de WhatsApp o correo electr\u00f3nico.<\/p>\n<p>Nota: Puede que nunca hayas estado en Turqu\u00eda antes. Por lo tanto, estar\u00e1s en constante contacto con un asistente que hable tu idioma durante tu estancia en Estambul. Durante estos procesos, siempre estaremos contigo.<\/p>\n<p>No hay nada que necesites manejar solo en ning\u00fan punto de estos procesos. Un asistente te acompa\u00f1ar\u00e1 en todo momento.<\/p>\n","protected":false},"excerpt":{"rendered":"<p>El Proceso Completo de Trasplante de Cabello Inicio Para la primera evaluaci\u00f3n, necesitamos algunas fotos que muestren el \u00e1rea donde [&hellip;]<\/p>\n","protected":false},"author":1,"featured_media":0,"parent":0,"menu_order":0,"comment_status":"closed","ping_status":"closed","template":"","meta":{"footnotes":""},"yst_prominent_words":[],"class_list":["post-10703","page","type-page","status-publish","hentry"],"_links":{"self":[{"href":"https:\/\/ztyhairtransplant.com\/es\/wp-json\/wp\/v2\/pages\/10703","targetHints":{"allow":["GET"]}}],"collection":[{"href":"https:\/\/ztyhairtransplant.com\/es\/wp-json\/wp\/v2\/pages"}],"about":[{"href":"https:\/\/ztyhairtransplant.com\/es\/wp-json\/wp\/v2\/types\/page"}],"author":[{"embeddable":true,"href":"https:\/\/ztyhairtransplant.com\/es\/wp-json\/wp\/v2\/users\/1"}],"replies":[{"embeddable":true,"href":"https:\/\/ztyhairtransplant.com\/es\/wp-json\/wp\/v2\/comments?post=10703"}],"version-history":[{"count":1,"href":"https:\/\/ztyhairtransplant.com\/es\/wp-json\/wp\/v2\/pages\/10703\/revisions"}],"predecessor-version":[{"id":10790,"href":"https:\/\/ztyhairtransplant.com\/es\/wp-json\/wp\/v2\/pages\/10703\/revisions\/10790"}],"wp:attachment":[{"href":"https:\/\/ztyhairtransplant.com\/es\/wp-json\/wp\/v2\/media?parent=10703"}],"wp:term":[{"taxonomy":"yst_prominent_words","embeddable":true,"href":"https:\/\/ztyhairtransplant.com\/es\/wp-json\/wp\/v2\/yst_prominent_words?post=10703"}],"curies":[{"name":"wp","href":"https:\/\/api.w.org\/{rel}","templated":true}]}}