{"id":10794,"date":"2020-02-07T10:01:05","date_gmt":"2020-02-07T07:01:05","guid":{"rendered":"https:\/\/ztyhairtransplant.com\/?page_id=10794"},"modified":"2024-02-01T14:01:23","modified_gmt":"2024-02-01T11:01:23","slug":"trasplante-capilar-en-turquia-precio","status":"publish","type":"page","link":"https:\/\/ztyhairtransplant.com\/es\/trasplante-capilar-en-turquia-precio\/","title":{"rendered":"Trasplante Capilar en Turqu\u00eda Precio"},"content":{"rendered":"<h1><strong>Trasplante Capilar en Turqu\u00eda Precio<\/strong><\/h1>\n\n<p>El precio del <span style=\"color: #ff0000;\"><strong>trasplante de cabello en Turqu\u00eda es de 1800 euros.<\/strong><\/span> Este precio incluye alojamiento, int\u00e9rprete, recogida en el aeropuerto y traslado local. Este precio es v\u00e1lido para 2024. Sin costes ocultos. El pago se realiza en efectivo. Para sesiones m\u00faltiples, el precio ser\u00e1 menor. <strong>Zty Health<\/strong> hace todo lo posible para ofrecerte el precio m\u00e1s econ\u00f3mico para el trasplante de cabello.<\/p>\n<div id=\"ez-toc-container\" class=\"ez-toc-v2_0_63 counter-hierarchy ez-toc-counter ez-toc-custom ez-toc-container-direction\">\n<div class=\"ez-toc-title-container\">\n<p class=\"ez-toc-title \" >Tabla de contenidos<\/p>\n<span class=\"ez-toc-title-toggle\"><a href=\"#\" class=\"ez-toc-pull-right ez-toc-btn ez-toc-btn-xs ez-toc-btn-default ez-toc-toggle\" aria-label=\"Toggle Table of Content\"><span class=\"ez-toc-js-icon-con\"><span class=\"\"><span class=\"eztoc-hide\" style=\"display:none;\">Toggle<\/span><span class=\"ez-toc-icon-toggle-span\"><svg style=\"fill: #202124;color:#202124\" xmlns=\"http:\/\/www.w3.org\/2000\/svg\" class=\"list-377408\" width=\"20px\" height=\"20px\" viewBox=\"0 0 24 24\" fill=\"none\"><path d=\"M6 6H4v2h2V6zm14 0H8v2h12V6zM4 11h2v2H4v-2zm16 0H8v2h12v-2zM4 16h2v2H4v-2zm16 0H8v2h12v-2z\" fill=\"currentColor\"><\/path><\/svg><svg style=\"fill: #202124;color:#202124\" class=\"arrow-unsorted-368013\" xmlns=\"http:\/\/www.w3.org\/2000\/svg\" width=\"10px\" height=\"10px\" viewBox=\"0 0 24 24\" version=\"1.2\" baseProfile=\"tiny\"><path d=\"M18.2 9.3l-6.2-6.3-6.2 6.3c-.2.2-.3.4-.3.7s.1.5.3.7c.2.2.4.3.7.3h11c.3 0 .5-.1.7-.3.2-.2.3-.5.3-.7s-.1-.5-.3-.7zM5.8 14.7l6.2 6.3 6.2-6.3c.2-.2.3-.5.3-.7s-.1-.5-.3-.7c-.2-.2-.4-.3-.7-.3h-11c-.3 0-.5.1-.7.3-.2.2-.3.5-.3.7s.1.5.3.7z\"\/><\/svg><\/span><\/span><\/span><\/a><\/span><\/div>\n<nav><ul class='ez-toc-list ez-toc-list-level-1 eztoc-toggle-hide-by-default' ><li class='ez-toc-page-1 ez-toc-heading-level-2'><a class=\"ez-toc-link ez-toc-heading-1\" href=\"https:\/\/ztyhairtransplant.com\/es\/trasplante-capilar-en-turquia-precio\/#%C2%BFQue_debo_tener_en_cuenta_en_el_caso_de_ofertas_notablemente_baratas\" title=\"\u00bfQu\u00e9 debo tener en cuenta en el caso de ofertas notablemente baratas?\">\u00bfQu\u00e9 debo tener en cuenta en el caso de ofertas notablemente baratas?<\/a><\/li><li class='ez-toc-page-1 ez-toc-heading-level-2'><a class=\"ez-toc-link ez-toc-heading-2\" href=\"https:\/\/ztyhairtransplant.com\/es\/trasplante-capilar-en-turquia-precio\/#%C2%BFPor_que_el_trasplante_de_cabello_es_barato_en_Turquia\" title=\"\u00bfPor qu\u00e9 el trasplante de cabello es barato en Turqu\u00eda?\">\u00bfPor qu\u00e9 el trasplante de cabello es barato en Turqu\u00eda?<\/a><\/li><li class='ez-toc-page-1 ez-toc-heading-level-2'><a class=\"ez-toc-link ez-toc-heading-3\" href=\"https:\/\/ztyhairtransplant.com\/es\/trasplante-capilar-en-turquia-precio\/#%C2%BFVaria_el_precio_del_trasplante_de_cabello_de_una_persona_a_otra\" title=\"\u00bfVar\u00eda el precio del trasplante de cabello de una persona a otra?\">\u00bfVar\u00eda el precio del trasplante de cabello de una persona a otra?<\/a><\/li><li class='ez-toc-page-1 ez-toc-heading-level-2'><a class=\"ez-toc-link ez-toc-heading-4\" href=\"https:\/\/ztyhairtransplant.com\/es\/trasplante-capilar-en-turquia-precio\/#%C2%BFCuanto_cuesta_un_injerto\" title=\"\u00bfCu\u00e1nto cuesta un injerto?\">\u00bfCu\u00e1nto cuesta un injerto?<\/a><\/li><li class='ez-toc-page-1 ez-toc-heading-level-2'><a class=\"ez-toc-link ez-toc-heading-5\" href=\"https:\/\/ztyhairtransplant.com\/es\/trasplante-capilar-en-turquia-precio\/#%C2%BFQue_incluye_el_paquete_de_trasplante_de_cabello\" title=\"\u00bfQu\u00e9 incluye el paquete de trasplante de cabello?\">\u00bfQu\u00e9 incluye el paquete de trasplante de cabello?<\/a><\/li><\/ul><\/nav><\/div>\n\n<h2><span class=\"ez-toc-section\" id=\"%C2%BFQue_debo_tener_en_cuenta_en_el_caso_de_ofertas_notablemente_baratas\"><\/span><strong>\u00bfQu\u00e9 debo tener en cuenta en el caso de ofertas notablemente baratas?<\/strong><span class=\"ez-toc-section-end\"><\/span><\/h2>\n<p>La experiencia y la diligencia del equipo de operaciones son esenciales para un buen resultado. Si una cl\u00ednica atrae con precios muy bajos por injerto, se aconseja precauci\u00f3n. Aqu\u00ed se pueden hacer ahorros utilizando personal inexperto (que podr\u00eda da\u00f1ar un n\u00famero por encima del promedio de injertos). O la cl\u00ednica realiza trasplantes en tandas, lo que significa que la asesor\u00eda, preparaci\u00f3n y cuidado posterior podr\u00edan verse afectados. Durante la consulta, pregunta c\u00f3mo se compone el precio y si hay costos ocultos. Solo acepta la operaci\u00f3n si todas las dudas han sido disipadas y tienes un sentimiento consistentemente bueno hacia el operador.<\/p>\n<h2><span class=\"ez-toc-section\" id=\"%C2%BFPor_que_el_trasplante_de_cabello_es_barato_en_Turquia\"><\/span><strong>\u00bfPor qu\u00e9 el trasplante de cabello es barato en Turqu\u00eda?<\/strong><span class=\"ez-toc-section-end\"><\/span><\/h2>\n<p>El precio del trasplante de cabello en Turqu\u00eda es mucho m\u00e1s asequible que en Europa. Hay muchas razones relacionadas con esta situaci\u00f3n. Aqu\u00ed algunas de las respuestas:<\/p>\n<ul>\n<li>La brecha entre la lira turca y el euro, d\u00f3lar.<\/li>\n<li>Turqu\u00eda tiene una posici\u00f3n l\u00edder en trasplante de cabello y cirug\u00eda pl\u00e1stica.<\/li>\n<li>Las empresas de trasplante de cabello y cirug\u00eda pl\u00e1stica mantienen los precios bajos para evitar perder cuota de mercado.<\/li>\n<li>Subsidios del gobierno.<\/li>\n<li>No utilizar el m\u00e9todo de c\u00e1lculo de costos por injerto.<\/li>\n<\/ul>\n<h2><span class=\"ez-toc-section\" id=\"%C2%BFVaria_el_precio_del_trasplante_de_cabello_de_una_persona_a_otra\"><\/span><strong>\u00bfVar\u00eda el precio del trasplante de cabello de una persona a otra?<\/strong><span class=\"ez-toc-section-end\"><\/span><\/h2>\n<p>En promedio, se trasplantan 4000 injertos para un hombre. Esta cifra rara vez se excede. Pero el precio por 400 injertos de fol\u00edculos capilares est\u00e1 fijo.<\/p>\n<p>Si se necesitan m\u00e1s injertos, se determinar\u00e1 un precio personalizado. Las \u00e1reas que necesitamos ver aqu\u00ed son la zona de la nuca, el pecho y la barba. Si hay donantes de donde recoger fol\u00edculos capilares, se pueden realizar m\u00e1s trasplantes de cabello. Precio de Trasplante de Cabello en Turqu\u00eda<\/p>\n<h2><span class=\"ez-toc-section\" id=\"%C2%BFCuanto_cuesta_un_injerto\"><\/span><strong>\u00bfCu\u00e1nto cuesta un injerto?<\/strong><span class=\"ez-toc-section-end\"><\/span><\/h2>\n<p>Las tarifas de los servicios m\u00e9dicos est\u00e1n establecidas en el cuadro de tarifas para m\u00e9dicos. Este cat\u00e1logo fue creado principalmente para tratamientos m\u00e9dicamente necesarios, por lo que el trasplante de cabello no est\u00e1 incluido all\u00ed. Debido a que el trasplante es comparable a una inyecci\u00f3n en t\u00e9rminos de esfuerzo y dificultad, generalmente se aplica el mismo precio. 1 euro por implantaci\u00f3n, es decir, por injerto. Si tenemos en cuenta los costos de preparaci\u00f3n, asesoramiento y procesamiento del trasplante, el precio es de 0,5 a 1 euro por injerto.<\/p>\n<h2><span class=\"ez-toc-section\" id=\"%C2%BFQue_incluye_el_paquete_de_trasplante_de_cabello\"><\/span><strong>\u00bfQu\u00e9 incluye el paquete de trasplante de cabello?<\/strong><span class=\"ez-toc-section-end\"><\/span><\/h2>\n<ul>\n<li>4000 &#8211; 500 trasplantes de cabello<\/li>\n<li>4 noches de alojamiento (en el Hotel Citiyloft)<\/li>\n<li>Recogida en el aeropuerto en veh\u00edculo VIP<\/li>\n<li>Traslados entre el hotel y el hospital en Estambul<\/li>\n<li>An\u00e1lisis de sangre necesarios antes del trasplante de cabello<\/li>\n<li>Medicamentos utilizados despu\u00e9s de la cirug\u00eda<\/li>\n<li>Banda para el cabello despu\u00e9s del trasplante de cabello<\/li>\n<li>Suministro de loci\u00f3n de champ\u00fa despu\u00e9s del trasplante de cabello<\/li>\n<\/ul>\n","protected":false},"excerpt":{"rendered":"<p>Trasplante Capilar en Turqu\u00eda Precio El precio del trasplante de cabello en Turqu\u00eda es de 1800 euros. Este precio incluye [&hellip;]<\/p>\n","protected":false},"author":1,"featured_media":0,"parent":0,"menu_order":0,"comment_status":"closed","ping_status":"closed","template":"","meta":{"footnotes":""},"yst_prominent_words":[],"class_list":["post-10794","page","type-page","status-publish","hentry"],"_links":{"self":[{"href":"https:\/\/ztyhairtransplant.com\/es\/wp-json\/wp\/v2\/pages\/10794","targetHints":{"allow":["GET"]}}],"collection":[{"href":"https:\/\/ztyhairtransplant.com\/es\/wp-json\/wp\/v2\/pages"}],"about":[{"href":"https:\/\/ztyhairtransplant.com\/es\/wp-json\/wp\/v2\/types\/page"}],"author":[{"embeddable":true,"href":"https:\/\/ztyhairtransplant.com\/es\/wp-json\/wp\/v2\/users\/1"}],"replies":[{"embeddable":true,"href":"https:\/\/ztyhairtransplant.com\/es\/wp-json\/wp\/v2\/comments?post=10794"}],"version-history":[{"count":1,"href":"https:\/\/ztyhairtransplant.com\/es\/wp-json\/wp\/v2\/pages\/10794\/revisions"}],"predecessor-version":[{"id":10795,"href":"https:\/\/ztyhairtransplant.com\/es\/wp-json\/wp\/v2\/pages\/10794\/revisions\/10795"}],"wp:attachment":[{"href":"https:\/\/ztyhairtransplant.com\/es\/wp-json\/wp\/v2\/media?parent=10794"}],"wp:term":[{"taxonomy":"yst_prominent_words","embeddable":true,"href":"https:\/\/ztyhairtransplant.com\/es\/wp-json\/wp\/v2\/yst_prominent_words?post=10794"}],"curies":[{"name":"wp","href":"https:\/\/api.w.org\/{rel}","templated":true}]}}