{"id":10800,"date":"2020-02-06T00:54:53","date_gmt":"2020-02-05T21:54:53","guid":{"rendered":"https:\/\/ztyhairtransplant.com\/?page_id=10800"},"modified":"2024-02-01T14:21:56","modified_gmt":"2024-02-01T11:21:56","slug":"sobre-nosotros","status":"publish","type":"page","link":"https:\/\/ztyhairtransplant.com\/es\/sobre-nosotros\/","title":{"rendered":"Sobre nosotros"},"content":{"rendered":"<div class=\"fusion-fullwidth fullwidth-box fusion-builder-row-1 nonhundred-percent-fullwidth non-hundred-percent-height-scrolling\" style=\"--awb-border-radius-top-left:0px;--awb-border-radius-top-right:0px;--awb-border-radius-bottom-right:0px;--awb-border-radius-bottom-left:0px;--awb-margin-top:30px;--awb-flex-wrap:wrap;\" ><div class=\"fusion-builder-row fusion-row\"><div class=\"fusion-layout-column fusion_builder_column fusion-builder-column-0 fusion_builder_column_1_1 1_1 fusion-one-full fusion-column-first fusion-column-last\" style=\"--awb-bg-size:cover;\"><div class=\"fusion-column-wrapper fusion-flex-column-wrapper-legacy\"><div class=\"fusion-text fusion-text-1\"><h1><strong>Sobre nosotros<\/strong><\/h1>\n<p><span class=\"fusion-dropcap dropcap\" style=\"--awb-color:#ed4b46;\">E<\/span>n Zty Health Tourism Company, ofrecemos servicios de organizaci\u00f3n para pacientes en el campo de la cirug\u00eda est\u00e9tica, siguiendo est\u00e1ndares internacionales. Colaboramos con m\u00e9dicos de \u00e9lite y con experiencia, acreditados en hospitales de categor\u00eda A en el campo de los trasplantes capilares.<\/p>\n<p>Somos una empresa en crecimiento basada en la confianza, precios razonables y alta calidad que brindamos a nuestros pacientes de todo el mundo. Con un equipo din\u00e1mico y experimentado, garantizamos alta calidad.<\/p>\n<\/div><div class=\"accordian fusion-accordian\" style=\"--awb-border-size:1px;--awb-icon-size:18px;--awb-content-font-size:17px;--awb-icon-alignment:left;--awb-hover-color:#f9f9f9;--awb-border-color:#e5e5e5;--awb-background-color:#ffffff;--awb-divider-color:#dddbdb;--awb-divider-hover-color:#dddbdb;--awb-icon-color:#ed4b46;--awb-title-color:#0068ae;--awb-content-color:#585858;--awb-icon-box-color:#6abf16;--awb-toggle-hover-accent-color:#0068ae;--awb-title-font-family:&quot;Roboto&quot;;--awb-title-font-weight:900;--awb-title-font-style:normal;--awb-title-font-size:15px;--awb-content-font-family:&quot;Roboto&quot;;--awb-content-font-style:normal;--awb-content-font-weight:400;\"><div class=\"panel-group fusion-toggle-icon-unboxed\" id=\"accordion-10800-1\"><div class=\"fusion-panel panel-default panel-42a4fcf38bb7032de fusion-toggle-has-divider\" style=\"--awb-title-color:#0068ae;\"><div class=\"panel-heading\"><h4 class=\"panel-title toggle\" id=\"toggle_42a4fcf38bb7032de\"><a aria-expanded=\"false\" aria-controls=\"42a4fcf38bb7032de\" role=\"button\" data-toggle=\"collapse\" data-parent=\"#accordion-10800-1\" data-target=\"#42a4fcf38bb7032de\" href=\"#42a4fcf38bb7032de\"><span class=\"fusion-toggle-icon-wrapper\" aria-hidden=\"true\"><i class=\"fa-fusion-box active-icon awb-icon-minus\" aria-hidden=\"true\"><\/i><i class=\"fa-fusion-box inactive-icon awb-icon-plus\" aria-hidden=\"true\"><\/i><\/span><span class=\"fusion-toggle-heading\">Lo Que Ofrecemos<\/span><\/a><\/h4><\/div><div id=\"42a4fcf38bb7032de\" class=\"panel-collapse collapse \" aria-labelledby=\"toggle_42a4fcf38bb7032de\"><div class=\"panel-body toggle-content fusion-clearfix\">\n<p>Desde el momento en que pise Estambul por primera vez, encontrar\u00e1 a nuestro Asistente de Zty Health a su lado. Nuestros asistentes lo ayudar\u00e1n durante su estad\u00eda aqu\u00ed. Mantenemos contacto con nuestros pacientes para brindar servicios fluidos.<\/p>\n<\/div><\/div><\/div><div class=\"fusion-panel panel-default panel-46a266f332edad01c fusion-toggle-has-divider\" style=\"--awb-title-color:#0068ae;\"><div class=\"panel-heading\"><h4 class=\"panel-title toggle\" id=\"toggle_46a266f332edad01c\"><a aria-expanded=\"false\" aria-controls=\"46a266f332edad01c\" role=\"button\" data-toggle=\"collapse\" data-parent=\"#accordion-10800-1\" data-target=\"#46a266f332edad01c\" href=\"#46a266f332edad01c\"><span class=\"fusion-toggle-icon-wrapper\" aria-hidden=\"true\"><i class=\"fa-fusion-box active-icon awb-icon-minus\" aria-hidden=\"true\"><\/i><i class=\"fa-fusion-box inactive-icon awb-icon-plus\" aria-hidden=\"true\"><\/i><\/span><span class=\"fusion-toggle-heading\">Despu\u00e9s de la Operaci\u00f3n<\/span><\/a><\/h4><\/div><div id=\"46a266f332edad01c\" class=\"panel-collapse collapse \" aria-labelledby=\"toggle_46a266f332edad01c\"><div class=\"panel-body toggle-content fusion-clearfix\">\n<p>Despu\u00e9s de regresar a casa, nuestro proceso de seguimiento continuar\u00e1. Durante todo su proceso de recuperaci\u00f3n, nos mantendremos en contacto para asegurarnos de que todo est\u00e9 yendo bien, ya que valoramos mucho su salud.<\/p>\n<\/div><\/div><\/div><\/div><\/div><div class=\"fusion-text fusion-text-2\"><h3><strong>Alojamiento &#8211; Hotel<\/strong><\/h3>\n<p>En Zty Health Tourism Company, creamos conciencia en cuanto al servicio de hotel. Con nuestras opciones de hoteles de cinco estrellas, nos preocupamos por la comodidad de nuestros valiosos pacientes y procuramos mantener la distancia entre el hospital y el hotel corta.<\/p>\n<\/div><div class=\"fusion-slider-sc fusion-flexslider-loading flexslider flexslider-hover-type-none\" data-slideshow_autoplay=\"1\" data-slideshow_smooth_height=\"0\" data-slideshow_speed=\"7000\" style=\"max-width:100%;height:100%;\"><ul class=\"slides\"><li class=\"image\"><span class=\"lazyload fusion-image-hover-element hover-type-none\"><img decoding=\"async\" src=\"data:image\/gif;base64,R0lGODlhAQABAAAAACH5BAEKAAEALAAAAAABAAEAAAICTAEAOw==\" data-orig-src=\"http:\/\/ztyhairtransplant.com\/wp-content\/uploads\/2020\/02\/Corner-Suit.jpg\" class=\"lazyload wp-image-105\" \/><\/span><\/li><li class=\"image\"><span class=\"lazyload fusion-image-hover-element hover-type-none\"><img decoding=\"async\" src=\"data:image\/gif;base64,R0lGODlhAQABAAAAACH5BAEKAAEALAAAAAABAAEAAAICTAEAOw==\" data-orig-src=\"http:\/\/ztyhairtransplant.com\/wp-content\/uploads\/2020\/02\/corner-suite-2.jpg\" class=\"lazyload wp-image-106\" \/><\/span><\/li><li class=\"image\"><span class=\"lazyload fusion-image-hover-element hover-type-none\"><img decoding=\"async\" src=\"data:image\/gif;base64,R0lGODlhAQABAAAAACH5BAEKAAEALAAAAAABAAEAAAICTAEAOw==\" data-orig-src=\"http:\/\/ztyhairtransplant.com\/wp-content\/uploads\/2020\/02\/Dublex-Deluxe-Suite.jpg\" class=\"lazyload wp-image-107\" \/><\/span><\/li><li class=\"image\"><span class=\"lazyload fusion-image-hover-element hover-type-none\"><img decoding=\"async\" src=\"data:image\/gif;base64,R0lGODlhAQABAAAAACH5BAEKAAEALAAAAAABAAEAAAICTAEAOw==\" data-orig-src=\"http:\/\/ztyhairtransplant.com\/wp-content\/uploads\/2020\/02\/Dublex-Deluxe-Suite-2.jpg\" class=\"lazyload wp-image-108\" \/><\/span><\/li><li class=\"image\"><span class=\"lazyload fusion-image-hover-element hover-type-none\"><img decoding=\"async\" src=\"data:image\/gif;base64,R0lGODlhAQABAAAAACH5BAEKAAEALAAAAAABAAEAAAICTAEAOw==\" data-orig-src=\"http:\/\/ztyhairtransplant.com\/wp-content\/uploads\/2020\/02\/Jacuzzi-Suite-With-Terrace.jpg\" class=\"lazyload wp-image-109\" \/><\/span><\/li><li class=\"image\"><span class=\"lazyload fusion-image-hover-element hover-type-none\"><img decoding=\"async\" src=\"data:image\/gif;base64,R0lGODlhAQABAAAAACH5BAEKAAEALAAAAAABAAEAAAICTAEAOw==\" data-orig-src=\"http:\/\/ztyhairtransplant.com\/wp-content\/uploads\/2020\/02\/Jacuzzi-Suite-With-Terrace-2.jpg\" class=\"lazyload wp-image-110\" \/><\/span><\/li><li class=\"image\"><span class=\"lazyload fusion-image-hover-element hover-type-none\"><img decoding=\"async\" src=\"data:image\/gif;base64,R0lGODlhAQABAAAAACH5BAEKAAEALAAAAAABAAEAAAICTAEAOw==\" data-orig-src=\"http:\/\/ztyhairtransplant.com\/wp-content\/uploads\/2020\/02\/Junier-Jacuzzi-Suite.jpg\" class=\"lazyload wp-image-111\" \/><\/span><\/li><li class=\"image\"><span class=\"lazyload fusion-image-hover-element hover-type-none\"><img decoding=\"async\" src=\"data:image\/gif;base64,R0lGODlhAQABAAAAACH5BAEKAAEALAAAAAABAAEAAAICTAEAOw==\" data-orig-src=\"http:\/\/ztyhairtransplant.com\/wp-content\/uploads\/2020\/02\/Junier-Jacuzzi-Suite-2.jpg\" class=\"lazyload wp-image-112\" \/><\/span><\/li><li class=\"image\"><span class=\"lazyload fusion-image-hover-element hover-type-none\"><img decoding=\"async\" src=\"data:image\/gif;base64,R0lGODlhAQABAAAAACH5BAEKAAEALAAAAAABAAEAAAICTAEAOw==\" data-orig-src=\"http:\/\/ztyhairtransplant.com\/wp-content\/uploads\/2020\/02\/Loft-Jacuzzi-Suite.jpg\" class=\"lazyload wp-image-113\" \/><\/span><\/li><li class=\"image\"><span class=\"lazyload fusion-image-hover-element hover-type-none\"><img decoding=\"async\" src=\"data:image\/gif;base64,R0lGODlhAQABAAAAACH5BAEKAAEALAAAAAABAAEAAAICTAEAOw==\" data-orig-src=\"http:\/\/ztyhairtransplant.com\/wp-content\/uploads\/2020\/02\/Loft-Jacuzzi-Suite-2.jpg\" class=\"lazyload wp-image-114\" \/><\/span><\/li><li class=\"image\"><span class=\"lazyload fusion-image-hover-element hover-type-none\"><img decoding=\"async\" src=\"data:image\/gif;base64,R0lGODlhAQABAAAAACH5BAEKAAEALAAAAAABAAEAAAICTAEAOw==\" data-orig-src=\"http:\/\/ztyhairtransplant.com\/wp-content\/uploads\/2020\/02\/Loft-Suit.jpg\" class=\"lazyload wp-image-115\" \/><\/span><\/li><li class=\"image\"><span class=\"lazyload fusion-image-hover-element hover-type-none\"><img decoding=\"async\" src=\"data:image\/gif;base64,R0lGODlhAQABAAAAACH5BAEKAAEALAAAAAABAAEAAAICTAEAOw==\" data-orig-src=\"http:\/\/ztyhairtransplant.com\/wp-content\/uploads\/2020\/02\/One-Bedroom-Suite.jpg\" class=\"lazyload wp-image-116\" \/><\/span><\/li><li class=\"image\"><span class=\"lazyload fusion-image-hover-element hover-type-none\"><img decoding=\"async\" src=\"data:image\/gif;base64,R0lGODlhAQABAAAAACH5BAEKAAEALAAAAAABAAEAAAICTAEAOw==\" data-orig-src=\"http:\/\/ztyhairtransplant.com\/wp-content\/uploads\/2020\/02\/Presidential-Suite.jpg\" class=\"lazyload wp-image-117\" \/><\/span><\/li><li class=\"image\"><span class=\"lazyload fusion-image-hover-element hover-type-none\"><img decoding=\"async\" src=\"data:image\/gif;base64,R0lGODlhAQABAAAAACH5BAEKAAEALAAAAAABAAEAAAICTAEAOw==\" data-orig-src=\"http:\/\/ztyhairtransplant.com\/wp-content\/uploads\/2020\/02\/Presidential-Suite-2.jpg\" class=\"lazyload wp-image-118\" \/><\/span><\/li><li class=\"image\"><span class=\"lazyload fusion-image-hover-element hover-type-none\"><img decoding=\"async\" src=\"data:image\/gif;base64,R0lGODlhAQABAAAAACH5BAEKAAEALAAAAAABAAEAAAICTAEAOw==\" data-orig-src=\"http:\/\/ztyhairtransplant.com\/wp-content\/uploads\/2020\/02\/Two-Bedroom-Suit.jpg\" class=\"lazyload wp-image-119\" \/><\/span><\/li><\/ul><\/div><div class=\"fusion-text fusion-text-3\"><h3><strong>Transferencia<\/strong><\/h3>\n<p>Nuestro personal estar\u00e1 en el aeropuerto antes de la llegada de nuestros hu\u00e9spedes y los llevar\u00e1 al hotel en un veh\u00edculo VIP. Otro servicio de transferencia VIP entre el hotel y el hospital se organizar\u00e1 el d\u00eda de la cirug\u00eda y la cita de consulta despu\u00e9s de la operaci\u00f3n.<\/p>\n<\/div><div class=\"fusion-image-element in-legacy-container\" style=\"--awb-caption-title-font-family:var(--h2_typography-font-family);--awb-caption-title-font-weight:var(--h2_typography-font-weight);--awb-caption-title-font-style:var(--h2_typography-font-style);--awb-caption-title-size:var(--h2_typography-font-size);--awb-caption-title-transform:var(--h2_typography-text-transform);--awb-caption-title-line-height:var(--h2_typography-line-height);--awb-caption-title-letter-spacing:var(--h2_typography-letter-spacing);\"><span class=\" fusion-imageframe imageframe-none imageframe-1 hover-type-none\"><img decoding=\"async\" src=\"data:image\/gif;base64,R0lGODlhAQABAAAAACH5BAEKAAEALAAAAAABAAEAAAICTAEAOw==\" data-orig-src=\"http:\/\/ztyhairtransplant.com\/wp-content\/uploads\/2020\/02\/zty_Transfer.jpg\" alt class=\"lazyload img-responsive\"\/><\/span><\/div><div class=\"fusion-text fusion-text-4\"><h3 data-fontsize=\"27\" data-lineheight=\"40\"><strong>Hospital<\/strong><\/h3>\n<div class=\"fusion-text\">\n<p>We put great value on health and comfort of our patients. Therefore, we work with well-equipped hospitals with highly qualified and experienced doctors.<\/p>\n<\/div>\n<\/div><div class=\"fusion-slider-sc fusion-flexslider-loading flexslider flexslider-hover-type-none\" data-slideshow_autoplay=\"1\" data-slideshow_smooth_height=\"0\" data-slideshow_speed=\"7000\" style=\"max-width:100%;height:100%;\"><ul class=\"slides\"><li class=\"image\"><span class=\"lazyload fusion-image-hover-element hover-type-none\"><img decoding=\"async\" src=\"data:image\/gif;base64,R0lGODlhAQABAAAAACH5BAEKAAEALAAAAAABAAEAAAICTAEAOw==\" data-orig-src=\"http:\/\/ztyhairtransplant.com\/wp-content\/uploads\/2020\/02\/Zty_hospital_13.jpg\" class=\"lazyload wp-image-95\" \/><\/span><\/li><li class=\"image\"><span class=\"lazyload fusion-image-hover-element hover-type-none\"><img decoding=\"async\" src=\"data:image\/gif;base64,R0lGODlhAQABAAAAACH5BAEKAAEALAAAAAABAAEAAAICTAEAOw==\" data-orig-src=\"http:\/\/ztyhairtransplant.com\/wp-content\/uploads\/2020\/02\/Zty_hospital_2.jpg\" class=\"lazyload wp-image-96\" \/><\/span><\/li><li class=\"image\"><span class=\"lazyload fusion-image-hover-element hover-type-none\"><img decoding=\"async\" src=\"data:image\/gif;base64,R0lGODlhAQABAAAAACH5BAEKAAEALAAAAAABAAEAAAICTAEAOw==\" data-orig-src=\"http:\/\/ztyhairtransplant.com\/wp-content\/uploads\/2020\/02\/Zty_hospital_3.jpg\" class=\"lazyload wp-image-97\" \/><\/span><\/li><li class=\"image\"><span class=\"lazyload fusion-image-hover-element hover-type-none\"><img decoding=\"async\" src=\"data:image\/gif;base64,R0lGODlhAQABAAAAACH5BAEKAAEALAAAAAABAAEAAAICTAEAOw==\" data-orig-src=\"http:\/\/ztyhairtransplant.com\/wp-content\/uploads\/2020\/02\/Zty_hospital_5.jpg\" class=\"lazyload wp-image-98\" \/><\/span><\/li><li class=\"image\"><span class=\"lazyload fusion-image-hover-element hover-type-none\"><img decoding=\"async\" src=\"data:image\/gif;base64,R0lGODlhAQABAAAAACH5BAEKAAEALAAAAAABAAEAAAICTAEAOw==\" data-orig-src=\"http:\/\/ztyhairtransplant.com\/wp-content\/uploads\/2020\/02\/Zty_hospital_6.jpg\" class=\"lazyload wp-image-99\" \/><\/span><\/li><li class=\"image\"><span class=\"lazyload fusion-image-hover-element hover-type-none\"><img decoding=\"async\" src=\"data:image\/gif;base64,R0lGODlhAQABAAAAACH5BAEKAAEALAAAAAABAAEAAAICTAEAOw==\" data-orig-src=\"http:\/\/ztyhairtransplant.com\/wp-content\/uploads\/2020\/02\/Zty_hospital_9.jpg\" class=\"lazyload wp-image-100\" \/><\/span><\/li><li class=\"image\"><span class=\"lazyload fusion-image-hover-element hover-type-none\"><img decoding=\"async\" src=\"data:image\/gif;base64,R0lGODlhAQABAAAAACH5BAEKAAEALAAAAAABAAEAAAICTAEAOw==\" data-orig-src=\"http:\/\/ztyhairtransplant.com\/wp-content\/uploads\/2020\/02\/Zty_hospital_18.jpg\" class=\"lazyload wp-image-101\" \/><\/span><\/li><\/ul><\/div><div class=\"fusion-clearfix\"><\/div><\/div><\/div><\/div><\/div>\n","protected":false},"excerpt":{"rendered":"","protected":false},"author":1,"featured_media":0,"parent":0,"menu_order":0,"comment_status":"closed","ping_status":"closed","template":"","meta":{"footnotes":""},"yst_prominent_words":[],"class_list":["post-10800","page","type-page","status-publish","hentry"],"_links":{"self":[{"href":"https:\/\/ztyhairtransplant.com\/es\/wp-json\/wp\/v2\/pages\/10800","targetHints":{"allow":["GET"]}}],"collection":[{"href":"https:\/\/ztyhairtransplant.com\/es\/wp-json\/wp\/v2\/pages"}],"about":[{"href":"https:\/\/ztyhairtransplant.com\/es\/wp-json\/wp\/v2\/types\/page"}],"author":[{"embeddable":true,"href":"https:\/\/ztyhairtransplant.com\/es\/wp-json\/wp\/v2\/users\/1"}],"replies":[{"embeddable":true,"href":"https:\/\/ztyhairtransplant.com\/es\/wp-json\/wp\/v2\/comments?post=10800"}],"version-history":[{"count":2,"href":"https:\/\/ztyhairtransplant.com\/es\/wp-json\/wp\/v2\/pages\/10800\/revisions"}],"predecessor-version":[{"id":10802,"href":"https:\/\/ztyhairtransplant.com\/es\/wp-json\/wp\/v2\/pages\/10800\/revisions\/10802"}],"wp:attachment":[{"href":"https:\/\/ztyhairtransplant.com\/es\/wp-json\/wp\/v2\/media?parent=10800"}],"wp:term":[{"taxonomy":"yst_prominent_words","embeddable":true,"href":"https:\/\/ztyhairtransplant.com\/es\/wp-json\/wp\/v2\/yst_prominent_words?post=10800"}],"curies":[{"name":"wp","href":"https:\/\/api.w.org\/{rel}","templated":true}]}}