{"id":6606,"date":"2020-02-06T00:54:53","date_gmt":"2020-02-05T21:54:53","guid":{"rendered":"https:\/\/ztyhairtransplant.com\/?page_id=6606"},"modified":"2023-10-07T17:19:44","modified_gmt":"2023-10-07T14:19:44","slug":"a-propos-de-nous","status":"publish","type":"page","link":"https:\/\/ztyhairtransplant.com\/fr\/a-propos-de-nous\/","title":{"rendered":"\u00c0 propos de nous"},"content":{"rendered":"<div class=\"fusion-fullwidth fullwidth-box fusion-builder-row-1 nonhundred-percent-fullwidth non-hundred-percent-height-scrolling\" style=\"--awb-border-radius-top-left:0px;--awb-border-radius-top-right:0px;--awb-border-radius-bottom-right:0px;--awb-border-radius-bottom-left:0px;--awb-margin-top:30px;--awb-flex-wrap:wrap;\" ><div class=\"fusion-builder-row fusion-row\"><div class=\"fusion-layout-column fusion_builder_column fusion-builder-column-0 fusion_builder_column_1_1 1_1 fusion-one-full fusion-column-first fusion-column-last\" style=\"--awb-bg-size:cover;\"><div class=\"fusion-column-wrapper fusion-flex-column-wrapper-legacy\"><div class=\"fusion-text fusion-text-1\"><h1><strong>\u00c0 propos de nous<\/strong><\/h1>\n<p><span class=\"fusion-dropcap dropcap\" style=\"--awb-color:#ed4b46;\">E<\/span>n tant que soci\u00e9t\u00e9 de tourisme m\u00e9dical Zty Health, nous organisons des interventions pour les patients dans le domaine de la chirurgie esth\u00e9tique, conform\u00e9ment aux normes internationales. Nous collaborons avec des m\u00e9decins d&rsquo;\u00e9lite et exp\u00e9riment\u00e9s qui sont accr\u00e9dit\u00e9s dans des h\u00f4pitaux de classe A dans le domaine de la greffe de cheveux.<\/p>\n<p>Nous sommes une entreprise en pleine croissance bas\u00e9e sur la confiance, le prix raisonnable et la haute qualit\u00e9 que nous offrons \u00e0 nos patients du monde entier. Avec une \u00e9quipe dynamique et exp\u00e9riment\u00e9e, nous garantissons une haute qualit\u00e9.<\/p>\n<\/div><div class=\"accordian fusion-accordian\" style=\"--awb-border-size:1px;--awb-icon-size:18px;--awb-content-font-size:17px;--awb-icon-alignment:left;--awb-hover-color:#f9f9f9;--awb-border-color:#e5e5e5;--awb-background-color:#ffffff;--awb-divider-color:#dddbdb;--awb-divider-hover-color:#dddbdb;--awb-icon-color:#ed4b46;--awb-title-color:#0068ae;--awb-content-color:#585858;--awb-icon-box-color:#6abf16;--awb-toggle-hover-accent-color:#0068ae;--awb-title-font-family:&quot;Roboto&quot;;--awb-title-font-weight:900;--awb-title-font-style:normal;--awb-title-font-size:15px;--awb-content-font-family:&quot;Roboto&quot;;--awb-content-font-style:normal;--awb-content-font-weight:400;\"><div class=\"panel-group fusion-toggle-icon-unboxed\" id=\"accordion-6606-1\"><div class=\"fusion-panel panel-default panel-d2fcc930c951fdaac fusion-toggle-has-divider\" style=\"--awb-title-color:#0068ae;\"><div class=\"panel-heading\"><h4 class=\"panel-title toggle\" id=\"toggle_d2fcc930c951fdaac\"><a aria-expanded=\"false\" aria-controls=\"d2fcc930c951fdaac\" role=\"button\" data-toggle=\"collapse\" data-parent=\"#accordion-6606-1\" data-target=\"#d2fcc930c951fdaac\" href=\"#d2fcc930c951fdaac\"><span class=\"fusion-toggle-icon-wrapper\" aria-hidden=\"true\"><i class=\"fa-fusion-box active-icon awb-icon-minus\" aria-hidden=\"true\"><\/i><i class=\"fa-fusion-box inactive-icon awb-icon-plus\" aria-hidden=\"true\"><\/i><\/span><span class=\"fusion-toggle-heading\">Ce que nous offrons<\/span><\/a><\/h4><\/div><div id=\"d2fcc930c951fdaac\" class=\"panel-collapse collapse \" aria-labelledby=\"toggle_d2fcc930c951fdaac\"><div class=\"panel-body toggle-content fusion-clearfix\">\n<p>D\u00e8s l&rsquo;instant o\u00f9 vous avez mis le pied \u00e0 Istanbul, vous trouverez notre assistant de Zty Health \u00e0 vos c\u00f4t\u00e9s. Nos assistants vous aideront pendant votre s\u00e9jour ici. Nous restons en contact avec nos patients pour fournir des services sans accroc.<\/p>\n<\/div><\/div><\/div><div class=\"fusion-panel panel-default panel-07478c6f7806e0697 fusion-toggle-has-divider\" style=\"--awb-title-color:#0068ae;\"><div class=\"panel-heading\"><h4 class=\"panel-title toggle\" id=\"toggle_07478c6f7806e0697\"><a aria-expanded=\"false\" aria-controls=\"07478c6f7806e0697\" role=\"button\" data-toggle=\"collapse\" data-parent=\"#accordion-6606-1\" data-target=\"#07478c6f7806e0697\" href=\"#07478c6f7806e0697\"><span class=\"fusion-toggle-icon-wrapper\" aria-hidden=\"true\"><i class=\"fa-fusion-box active-icon awb-icon-minus\" aria-hidden=\"true\"><\/i><i class=\"fa-fusion-box inactive-icon awb-icon-plus\" aria-hidden=\"true\"><\/i><\/span><span class=\"fusion-toggle-heading\">Apr\u00e8s l'op\u00e9ration<\/span><\/a><\/h4><\/div><div id=\"07478c6f7806e0697\" class=\"panel-collapse collapse \" aria-labelledby=\"toggle_07478c6f7806e0697\"><div class=\"panel-body toggle-content fusion-clearfix\">\n<p>Apr\u00e8s votre retour \u00e0 la maison, notre processus de suivi continuera. Tout au long de votre p\u00e9riode de gu\u00e9rison, nous resterons en contact pour nous assurer que tout se passe bien car nous accordons une grande importance \u00e0 votre sant\u00e9.<\/p>\n<\/div><\/div><\/div><\/div><\/div><div class=\"fusion-text fusion-text-2\"><h3><strong>H\u00e9bergement \u2013 H\u00f4tel<\/strong><\/h3>\n<p>En tant que soci\u00e9t\u00e9 de tourisme m\u00e9dical Zty Health, nous sommes attentifs \u00e0 la qualit\u00e9 de service h\u00f4telier. Avec nos choix d&rsquo;h\u00f4tels cinq \u00e9toiles, nous tenons \u00e0 assurer le confort de nos pr\u00e9cieux patients et nous essayons de r\u00e9duire la distance entre l&rsquo;h\u00f4pital et l&rsquo;h\u00f4tel.<\/p>\n<\/div><div class=\"fusion-slider-sc fusion-flexslider-loading flexslider flexslider-hover-type-none\" data-slideshow_autoplay=\"1\" data-slideshow_smooth_height=\"0\" data-slideshow_speed=\"7000\" style=\"max-width:100%;height:100%;\"><ul class=\"slides\"><li class=\"image\"><span class=\"lazyload fusion-image-hover-element hover-type-none\"><img decoding=\"async\" src=\"data:image\/gif;base64,R0lGODlhAQABAAAAACH5BAEKAAEALAAAAAABAAEAAAICTAEAOw==\" data-orig-src=\"http:\/\/ztyhairtransplant.com\/wp-content\/uploads\/2020\/02\/Corner-Suit.jpg\" class=\"lazyload wp-image-105\" \/><\/span><\/li><li class=\"image\"><span class=\"lazyload fusion-image-hover-element hover-type-none\"><img decoding=\"async\" src=\"data:image\/gif;base64,R0lGODlhAQABAAAAACH5BAEKAAEALAAAAAABAAEAAAICTAEAOw==\" data-orig-src=\"http:\/\/ztyhairtransplant.com\/wp-content\/uploads\/2020\/02\/corner-suite-2.jpg\" class=\"lazyload wp-image-106\" \/><\/span><\/li><li class=\"image\"><span class=\"lazyload fusion-image-hover-element hover-type-none\"><img decoding=\"async\" src=\"data:image\/gif;base64,R0lGODlhAQABAAAAACH5BAEKAAEALAAAAAABAAEAAAICTAEAOw==\" data-orig-src=\"http:\/\/ztyhairtransplant.com\/wp-content\/uploads\/2020\/02\/Dublex-Deluxe-Suite.jpg\" class=\"lazyload wp-image-107\" \/><\/span><\/li><li class=\"image\"><span class=\"lazyload fusion-image-hover-element hover-type-none\"><img decoding=\"async\" src=\"data:image\/gif;base64,R0lGODlhAQABAAAAACH5BAEKAAEALAAAAAABAAEAAAICTAEAOw==\" data-orig-src=\"http:\/\/ztyhairtransplant.com\/wp-content\/uploads\/2020\/02\/Dublex-Deluxe-Suite-2.jpg\" class=\"lazyload wp-image-108\" \/><\/span><\/li><li class=\"image\"><span class=\"lazyload fusion-image-hover-element hover-type-none\"><img decoding=\"async\" src=\"data:image\/gif;base64,R0lGODlhAQABAAAAACH5BAEKAAEALAAAAAABAAEAAAICTAEAOw==\" data-orig-src=\"http:\/\/ztyhairtransplant.com\/wp-content\/uploads\/2020\/02\/Jacuzzi-Suite-With-Terrace.jpg\" class=\"lazyload wp-image-109\" \/><\/span><\/li><li class=\"image\"><span class=\"lazyload fusion-image-hover-element hover-type-none\"><img decoding=\"async\" src=\"data:image\/gif;base64,R0lGODlhAQABAAAAACH5BAEKAAEALAAAAAABAAEAAAICTAEAOw==\" data-orig-src=\"http:\/\/ztyhairtransplant.com\/wp-content\/uploads\/2020\/02\/Jacuzzi-Suite-With-Terrace-2.jpg\" class=\"lazyload wp-image-110\" \/><\/span><\/li><li class=\"image\"><span class=\"lazyload fusion-image-hover-element hover-type-none\"><img decoding=\"async\" src=\"data:image\/gif;base64,R0lGODlhAQABAAAAACH5BAEKAAEALAAAAAABAAEAAAICTAEAOw==\" data-orig-src=\"http:\/\/ztyhairtransplant.com\/wp-content\/uploads\/2020\/02\/Junier-Jacuzzi-Suite.jpg\" class=\"lazyload wp-image-111\" \/><\/span><\/li><li class=\"image\"><span class=\"lazyload fusion-image-hover-element hover-type-none\"><img decoding=\"async\" src=\"data:image\/gif;base64,R0lGODlhAQABAAAAACH5BAEKAAEALAAAAAABAAEAAAICTAEAOw==\" data-orig-src=\"http:\/\/ztyhairtransplant.com\/wp-content\/uploads\/2020\/02\/Junier-Jacuzzi-Suite-2.jpg\" class=\"lazyload wp-image-112\" \/><\/span><\/li><li class=\"image\"><span class=\"lazyload fusion-image-hover-element hover-type-none\"><img decoding=\"async\" src=\"data:image\/gif;base64,R0lGODlhAQABAAAAACH5BAEKAAEALAAAAAABAAEAAAICTAEAOw==\" data-orig-src=\"http:\/\/ztyhairtransplant.com\/wp-content\/uploads\/2020\/02\/Loft-Jacuzzi-Suite.jpg\" class=\"lazyload wp-image-113\" \/><\/span><\/li><li class=\"image\"><span class=\"lazyload fusion-image-hover-element hover-type-none\"><img decoding=\"async\" src=\"data:image\/gif;base64,R0lGODlhAQABAAAAACH5BAEKAAEALAAAAAABAAEAAAICTAEAOw==\" data-orig-src=\"http:\/\/ztyhairtransplant.com\/wp-content\/uploads\/2020\/02\/Loft-Jacuzzi-Suite-2.jpg\" class=\"lazyload wp-image-114\" \/><\/span><\/li><li class=\"image\"><span class=\"lazyload fusion-image-hover-element hover-type-none\"><img decoding=\"async\" src=\"data:image\/gif;base64,R0lGODlhAQABAAAAACH5BAEKAAEALAAAAAABAAEAAAICTAEAOw==\" data-orig-src=\"http:\/\/ztyhairtransplant.com\/wp-content\/uploads\/2020\/02\/Loft-Suit.jpg\" class=\"lazyload wp-image-115\" \/><\/span><\/li><li class=\"image\"><span class=\"lazyload fusion-image-hover-element hover-type-none\"><img decoding=\"async\" src=\"data:image\/gif;base64,R0lGODlhAQABAAAAACH5BAEKAAEALAAAAAABAAEAAAICTAEAOw==\" data-orig-src=\"http:\/\/ztyhairtransplant.com\/wp-content\/uploads\/2020\/02\/One-Bedroom-Suite.jpg\" class=\"lazyload wp-image-116\" \/><\/span><\/li><li class=\"image\"><span class=\"lazyload fusion-image-hover-element hover-type-none\"><img decoding=\"async\" src=\"data:image\/gif;base64,R0lGODlhAQABAAAAACH5BAEKAAEALAAAAAABAAEAAAICTAEAOw==\" data-orig-src=\"http:\/\/ztyhairtransplant.com\/wp-content\/uploads\/2020\/02\/Presidential-Suite.jpg\" class=\"lazyload wp-image-117\" \/><\/span><\/li><li class=\"image\"><span class=\"lazyload fusion-image-hover-element hover-type-none\"><img decoding=\"async\" src=\"data:image\/gif;base64,R0lGODlhAQABAAAAACH5BAEKAAEALAAAAAABAAEAAAICTAEAOw==\" data-orig-src=\"http:\/\/ztyhairtransplant.com\/wp-content\/uploads\/2020\/02\/Presidential-Suite-2.jpg\" class=\"lazyload wp-image-118\" \/><\/span><\/li><li class=\"image\"><span class=\"lazyload fusion-image-hover-element hover-type-none\"><img decoding=\"async\" src=\"data:image\/gif;base64,R0lGODlhAQABAAAAACH5BAEKAAEALAAAAAABAAEAAAICTAEAOw==\" data-orig-src=\"http:\/\/ztyhairtransplant.com\/wp-content\/uploads\/2020\/02\/Two-Bedroom-Suit.jpg\" class=\"lazyload wp-image-119\" \/><\/span><\/li><\/ul><\/div><div class=\"fusion-text fusion-text-3\"><h3><strong>Transfert<\/strong><\/h3>\n<p>Notre personnel sera \u00e0 l&rsquo;a\u00e9roport avant l&rsquo;arriv\u00e9e de nos invit\u00e9s et les emm\u00e8nera \u00e0 l&rsquo;h\u00f4tel o\u00f9 ils s\u00e9journeront avec un v\u00e9hicule VIP. Un autre service de transfert VIP entre l&rsquo;h\u00f4tel et l&rsquo;h\u00f4pital sera organis\u00e9 le jour de l&rsquo;op\u00e9ration et pour le rendez-vous de consultation apr\u00e8s la chirurgie.<\/p>\n<\/div><div class=\"fusion-image-element in-legacy-container\" style=\"--awb-caption-title-font-family:var(--h2_typography-font-family);--awb-caption-title-font-weight:var(--h2_typography-font-weight);--awb-caption-title-font-style:var(--h2_typography-font-style);--awb-caption-title-size:var(--h2_typography-font-size);--awb-caption-title-transform:var(--h2_typography-text-transform);--awb-caption-title-line-height:var(--h2_typography-line-height);--awb-caption-title-letter-spacing:var(--h2_typography-letter-spacing);\"><span class=\" fusion-imageframe imageframe-none imageframe-1 hover-type-none\"><img decoding=\"async\" src=\"data:image\/gif;base64,R0lGODlhAQABAAAAACH5BAEKAAEALAAAAAABAAEAAAICTAEAOw==\" data-orig-src=\"http:\/\/ztyhairtransplant.com\/wp-content\/uploads\/2020\/02\/zty_Transfer.jpg\" alt class=\"lazyload img-responsive\"\/><\/span><\/div><div class=\"fusion-text fusion-text-4\"><h3><strong>H\u00f4pital<\/strong><\/h3>\n<p>Nous accordons une grande importance \u00e0 la sant\u00e9 et au confort de nos patients. C&rsquo;est pourquoi nous collaborons avec des h\u00f4pitaux bien \u00e9quip\u00e9s dot\u00e9s de m\u00e9decins hautement qualifi\u00e9s et exp\u00e9riment\u00e9s.<\/p>\n<\/div><div class=\"fusion-slider-sc fusion-flexslider-loading flexslider flexslider-hover-type-none\" data-slideshow_autoplay=\"1\" data-slideshow_smooth_height=\"0\" data-slideshow_speed=\"7000\" style=\"max-width:100%;height:100%;\"><ul class=\"slides\"><li class=\"image\"><span class=\"lazyload fusion-image-hover-element hover-type-none\"><img decoding=\"async\" src=\"data:image\/gif;base64,R0lGODlhAQABAAAAACH5BAEKAAEALAAAAAABAAEAAAICTAEAOw==\" data-orig-src=\"http:\/\/ztyhairtransplant.com\/wp-content\/uploads\/2020\/02\/Zty_hospital_13.jpg\" class=\"lazyload wp-image-95\" \/><\/span><\/li><li class=\"image\"><span class=\"lazyload fusion-image-hover-element hover-type-none\"><img decoding=\"async\" src=\"data:image\/gif;base64,R0lGODlhAQABAAAAACH5BAEKAAEALAAAAAABAAEAAAICTAEAOw==\" data-orig-src=\"http:\/\/ztyhairtransplant.com\/wp-content\/uploads\/2020\/02\/Zty_hospital_2.jpg\" class=\"lazyload wp-image-96\" \/><\/span><\/li><li class=\"image\"><span class=\"lazyload fusion-image-hover-element hover-type-none\"><img decoding=\"async\" src=\"data:image\/gif;base64,R0lGODlhAQABAAAAACH5BAEKAAEALAAAAAABAAEAAAICTAEAOw==\" data-orig-src=\"http:\/\/ztyhairtransplant.com\/wp-content\/uploads\/2020\/02\/Zty_hospital_3.jpg\" class=\"lazyload wp-image-97\" \/><\/span><\/li><li class=\"image\"><span class=\"lazyload fusion-image-hover-element hover-type-none\"><img decoding=\"async\" src=\"data:image\/gif;base64,R0lGODlhAQABAAAAACH5BAEKAAEALAAAAAABAAEAAAICTAEAOw==\" data-orig-src=\"http:\/\/ztyhairtransplant.com\/wp-content\/uploads\/2020\/02\/Zty_hospital_5.jpg\" class=\"lazyload wp-image-98\" \/><\/span><\/li><li class=\"image\"><span class=\"lazyload fusion-image-hover-element hover-type-none\"><img decoding=\"async\" src=\"data:image\/gif;base64,R0lGODlhAQABAAAAACH5BAEKAAEALAAAAAABAAEAAAICTAEAOw==\" data-orig-src=\"http:\/\/ztyhairtransplant.com\/wp-content\/uploads\/2020\/02\/Zty_hospital_6.jpg\" class=\"lazyload wp-image-99\" \/><\/span><\/li><li class=\"image\"><span class=\"lazyload fusion-image-hover-element hover-type-none\"><img decoding=\"async\" src=\"data:image\/gif;base64,R0lGODlhAQABAAAAACH5BAEKAAEALAAAAAABAAEAAAICTAEAOw==\" data-orig-src=\"http:\/\/ztyhairtransplant.com\/wp-content\/uploads\/2020\/02\/Zty_hospital_9.jpg\" class=\"lazyload wp-image-100\" \/><\/span><\/li><li class=\"image\"><span class=\"lazyload fusion-image-hover-element hover-type-none\"><img decoding=\"async\" src=\"data:image\/gif;base64,R0lGODlhAQABAAAAACH5BAEKAAEALAAAAAABAAEAAAICTAEAOw==\" data-orig-src=\"http:\/\/ztyhairtransplant.com\/wp-content\/uploads\/2020\/02\/Zty_hospital_18.jpg\" class=\"lazyload wp-image-101\" \/><\/span><\/li><\/ul><\/div><div class=\"fusion-clearfix\"><\/div><\/div><\/div><\/div><\/div>\n","protected":false},"excerpt":{"rendered":"","protected":false},"author":1,"featured_media":0,"parent":0,"menu_order":0,"comment_status":"closed","ping_status":"closed","template":"","meta":{"footnotes":""},"yst_prominent_words":[],"class_list":["post-6606","page","type-page","status-publish","hentry"],"_links":{"self":[{"href":"https:\/\/ztyhairtransplant.com\/fr\/wp-json\/wp\/v2\/pages\/6606","targetHints":{"allow":["GET"]}}],"collection":[{"href":"https:\/\/ztyhairtransplant.com\/fr\/wp-json\/wp\/v2\/pages"}],"about":[{"href":"https:\/\/ztyhairtransplant.com\/fr\/wp-json\/wp\/v2\/types\/page"}],"author":[{"embeddable":true,"href":"https:\/\/ztyhairtransplant.com\/fr\/wp-json\/wp\/v2\/users\/1"}],"replies":[{"embeddable":true,"href":"https:\/\/ztyhairtransplant.com\/fr\/wp-json\/wp\/v2\/comments?post=6606"}],"version-history":[{"count":2,"href":"https:\/\/ztyhairtransplant.com\/fr\/wp-json\/wp\/v2\/pages\/6606\/revisions"}],"predecessor-version":[{"id":6608,"href":"https:\/\/ztyhairtransplant.com\/fr\/wp-json\/wp\/v2\/pages\/6606\/revisions\/6608"}],"wp:attachment":[{"href":"https:\/\/ztyhairtransplant.com\/fr\/wp-json\/wp\/v2\/media?parent=6606"}],"wp:term":[{"taxonomy":"yst_prominent_words","embeddable":true,"href":"https:\/\/ztyhairtransplant.com\/fr\/wp-json\/wp\/v2\/yst_prominent_words?post=6606"}],"curies":[{"name":"wp","href":"https:\/\/api.w.org\/{rel}","templated":true}]}}