{"id":6610,"date":"2020-02-07T10:01:05","date_gmt":"2020-02-07T07:01:05","guid":{"rendered":"https:\/\/ztyhairtransplant.com\/?page_id=6610"},"modified":"2023-10-07T17:35:15","modified_gmt":"2023-10-07T14:35:15","slug":"greffe-de-cheveux-prix-turquie","status":"publish","type":"page","link":"https:\/\/ztyhairtransplant.com\/fr\/greffe-de-cheveux-prix-turquie\/","title":{"rendered":"Greffe de cheveux prix Turquie"},"content":{"rendered":"<p><div class=\"fusion-fullwidth fullwidth-box fusion-builder-row-1 nonhundred-percent-fullwidth non-hundred-percent-height-scrolling\" style=\"--awb-border-radius-top-left:0px;--awb-border-radius-top-right:0px;--awb-border-radius-bottom-right:0px;--awb-border-radius-bottom-left:0px;--awb-flex-wrap:wrap;\" ><div class=\"fusion-builder-row fusion-row\"><div class=\"fusion-layout-column fusion_builder_column fusion-builder-column-0 fusion_builder_column_1_1 1_1 fusion-one-full fusion-column-first fusion-column-last\" style=\"--awb-bg-size:cover;\"><div class=\"fusion-column-wrapper fusion-flex-column-wrapper-legacy\"><div class=\"fusion-text fusion-text-1\"><h1><strong>Greffe de cheveux prix Turquie<\/strong><\/h1>\n\n<p><span style=\"color: #ff0000;\"><strong>Greffe de cheveux prix Turquie 1800 euros.<\/strong><\/span> Ce prix comprend l&rsquo;h\u00e9bergement, un interpr\u00e8te, la prise en charge \u00e0 l&rsquo;a\u00e9roport et le transfert local. Ce tarif est valable pour 2022. Pas de co\u00fbts cach\u00e9s. Le paiement se fait en esp\u00e8ces. Pour des sessions multiples, le prix sera plus bas. Zty Health fait de son mieux pour vous offrir le prix de greffe de cheveux le plus abordable.<\/p>\n<div id=\"ez-toc-container\" class=\"ez-toc-v2_0_63 counter-hierarchy ez-toc-counter ez-toc-custom ez-toc-container-direction\">\n<div class=\"ez-toc-title-container\">\n<p class=\"ez-toc-title \" >Table des mati\u00e8res<\/p>\n<span class=\"ez-toc-title-toggle\"><a href=\"#\" class=\"ez-toc-pull-right ez-toc-btn ez-toc-btn-xs ez-toc-btn-default ez-toc-toggle\" aria-label=\"Toggle Table of Content\"><span class=\"ez-toc-js-icon-con\"><span class=\"\"><span class=\"eztoc-hide\" style=\"display:none;\">Toggle<\/span><span class=\"ez-toc-icon-toggle-span\"><svg style=\"fill: #202124;color:#202124\" xmlns=\"http:\/\/www.w3.org\/2000\/svg\" class=\"list-377408\" width=\"20px\" height=\"20px\" viewBox=\"0 0 24 24\" fill=\"none\"><path d=\"M6 6H4v2h2V6zm14 0H8v2h12V6zM4 11h2v2H4v-2zm16 0H8v2h12v-2zM4 16h2v2H4v-2zm16 0H8v2h12v-2z\" fill=\"currentColor\"><\/path><\/svg><svg style=\"fill: #202124;color:#202124\" class=\"arrow-unsorted-368013\" xmlns=\"http:\/\/www.w3.org\/2000\/svg\" width=\"10px\" height=\"10px\" viewBox=\"0 0 24 24\" version=\"1.2\" baseProfile=\"tiny\"><path d=\"M18.2 9.3l-6.2-6.3-6.2 6.3c-.2.2-.3.4-.3.7s.1.5.3.7c.2.2.4.3.7.3h11c.3 0 .5-.1.7-.3.2-.2.3-.5.3-.7s-.1-.5-.3-.7zM5.8 14.7l6.2 6.3 6.2-6.3c.2-.2.3-.5.3-.7s-.1-.5-.3-.7c-.2-.2-.4-.3-.7-.3h-11c-.3 0-.5.1-.7.3-.2.2-.3.5-.3.7s.1.5.3.7z\"\/><\/svg><\/span><\/span><\/span><\/a><\/span><\/div>\n<nav><ul class='ez-toc-list ez-toc-list-level-1 eztoc-toggle-hide-by-default' ><li class='ez-toc-page-1 ez-toc-heading-level-2'><a class=\"ez-toc-link ez-toc-heading-1\" href=\"https:\/\/ztyhairtransplant.com\/fr\/greffe-de-cheveux-prix-turquie\/#Que_dois-je_prendre_en_compte_en_cas_doffres_remarquablement_bon_marche\" title=\"Que dois-je prendre en compte en cas d&rsquo;offres remarquablement bon march\u00e9 ?\">Que dois-je prendre en compte en cas d&rsquo;offres remarquablement bon march\u00e9 ?<\/a><\/li><li class='ez-toc-page-1 ez-toc-heading-level-2'><a class=\"ez-toc-link ez-toc-heading-2\" href=\"https:\/\/ztyhairtransplant.com\/fr\/greffe-de-cheveux-prix-turquie\/#Pourquoi_la_transplantation_de_cheveux_est-elle_bon_marche_en_Turquie\" title=\"Pourquoi la transplantation de cheveux est-elle bon march\u00e9 en Turquie ?\">Pourquoi la transplantation de cheveux est-elle bon march\u00e9 en Turquie ?<\/a><\/li><li class='ez-toc-page-1 ez-toc-heading-level-2'><a class=\"ez-toc-link ez-toc-heading-3\" href=\"https:\/\/ztyhairtransplant.com\/fr\/greffe-de-cheveux-prix-turquie\/#Le_prix_de_la_transplantation_de_cheveux_varie-t-il_dune_personne_a_lautre\" title=\"Le prix de la transplantation de cheveux varie-t-il d&rsquo;une personne \u00e0 l&rsquo;autre ?\">Le prix de la transplantation de cheveux varie-t-il d&rsquo;une personne \u00e0 l&rsquo;autre ?<\/a><\/li><li class='ez-toc-page-1 ez-toc-heading-level-2'><a class=\"ez-toc-link ez-toc-heading-4\" href=\"https:\/\/ztyhairtransplant.com\/fr\/greffe-de-cheveux-prix-turquie\/#Combien_coute_une_greffe\" title=\"Combien co\u00fbte une greffe ?\">Combien co\u00fbte une greffe ?<\/a><\/li><li class='ez-toc-page-1 ez-toc-heading-level-2'><a class=\"ez-toc-link ez-toc-heading-5\" href=\"https:\/\/ztyhairtransplant.com\/fr\/greffe-de-cheveux-prix-turquie\/#Quest-ce_qui_est_inclus_dans_le_forfait_de_transplantation_de_cheveux\" title=\"Qu&rsquo;est-ce qui est inclus dans le forfait de transplantation de cheveux ?\">Qu&rsquo;est-ce qui est inclus dans le forfait de transplantation de cheveux ?<\/a><\/li><\/ul><\/nav><\/div>\n\n<h2><span class=\"ez-toc-section\" id=\"Que_dois-je_prendre_en_compte_en_cas_doffres_remarquablement_bon_marche\"><\/span><strong>Que dois-je prendre en compte en cas d&rsquo;offres remarquablement bon march\u00e9 ?<\/strong><span class=\"ez-toc-section-end\"><\/span><\/h2>\n<p>L&rsquo;exp\u00e9rience et la diligence de l&rsquo;\u00e9quipe op\u00e9rationnelle sont essentielles pour un bon r\u00e9sultat. Si une clinique attire avec des prix tr\u00e8s bas par greffe, il convient d&rsquo;\u00eatre prudent. Des \u00e9conomies peuvent \u00eatre r\u00e9alis\u00e9es ici en utilisant du personnel inexp\u00e9riment\u00e9 (qui pourrait alors endommager un nombre sup\u00e9rieur \u00e0 la moyenne de greffes). Ou la clinique effectue des transplantations \u00e0 la cha\u00eene, ce qui signifie que les conseils, la pr\u00e9paration et les soins post-op\u00e9ratoires pourraient en p\u00e2tir. Lors de la consultation, demandez comment le prix est \u00e9tabli et s&rsquo;il y a des co\u00fbts cach\u00e9s. N&rsquo;acceptez l&rsquo;op\u00e9ration que si tous les doutes ont \u00e9t\u00e9 lev\u00e9s et que vous avez une sensation constamment positive envers l&rsquo;op\u00e9rateur.<\/p>\n<\/div><div class=\"fusion-clearfix\"><\/div><\/div><\/div><\/div><\/div><div class=\"fusion-fullwidth fullwidth-box fusion-builder-row-2 nonhundred-percent-fullwidth non-hundred-percent-height-scrolling\" style=\"--awb-border-radius-top-left:0px;--awb-border-radius-top-right:0px;--awb-border-radius-bottom-right:0px;--awb-border-radius-bottom-left:0px;--awb-flex-wrap:wrap;\" ><div class=\"fusion-builder-row fusion-row\"><div class=\"fusion-layout-column fusion_builder_column fusion-builder-column-1 fusion_builder_column_1_2 1_2 fusion-one-half fusion-column-first\" style=\"--awb-bg-size:cover;width:50%;width:calc(50% - ( ( 4% ) * 0.5 ) );margin-right: 4%;\"><div class=\"fusion-column-wrapper fusion-flex-column-wrapper-legacy\"><style type='text\/css'>\n\t\t\t\t.pricing-table-1 .panel-container, .pricing-table-1 .standout .panel-container,\n\t\t\t\t.pricing-table-1.full-boxed-pricing {background-color:#e5e5e5;}\n\t\t\t\t.pricing-table-1 .list-group .list-group-item,\n\t\t\t\t.pricing-table-1 .list-group .list-group-item:last-child{background-color:#ffffff; border-color:#e5e5e5;}\n\t\t\t\t.pricing-table-1.full-boxed-pricing .panel-wrapper:hover .panel-heading,\n\t\t\t\t.pricing-table-1 .panel-wrapper:hover .list-group-item {background-color:#ffffff;}\n\t\t\t\t.pricing-table-1.full-boxed-pricing .panel-heading{background-color:#ffffff;}\n\t\t\t\t.pricing-table-1 .fusion-panel, .pricing-table-1 .panel-wrapper:last-child .fusion-panel,\n\t\t\t\t.pricing-table-1 .standout .fusion-panel, .pricing-table-1  .panel-heading,\n\t\t\t\t.pricing-table-1 .panel-body, .pricing-table-1 .panel-footer{border-color:#e5e5e5;}\n\t\t\t\t.pricing-table-1 .panel-body,.pricing-table-1 .panel-footer{background-color:#e5e5e5;}\n\t\t\t\t.pricing-table-1.sep-boxed-pricing .panel-heading h3{color:#ffffff;}\n\t\t\t\t.pricing-table-1.full-boxed-pricing.fusion-pricing-table .panel-heading h3{color:#252525;}\n\t\t\t\t.pricing-table-1.fusion-pricing-table .panel-body .price .decimal-part{color:#f3473d;}\n\t\t\t\t.pricing-table-1.fusion-pricing-table .panel-body .price .integer-part{color:#f3473d;}\n\t\t\t\t.pricing-table-1 ul.list-group li{color:var(--awb-color8);}\n\t\t\t\t<\/style><div class=\"fusion-pricing-table pricing-table-1 sep-boxed-pricing row fusion-columns-1 columns-1 fusion-clearfix\"><div class=\"panel-wrapper fusion-column column col-lg-12 col-md-12 col-sm-12 fusion-pricingtable-column\"><div class=\"panel-container\"><div class=\"fusion-panel\"><div class=\"panel-heading\"><h3 class=\"title-row\">Prix de la Transplantation Capillaire \u00e0 Istanbul<\/h3><\/div><div class=\"panel-body pricing-row\"><div class=\"price \"><span class=\"integer-part\">1800<\/span><span class=\"currency pos-right price-without-decimal\">\u20ac<\/span><span class=\"time pos-right price-without-decimal\">Tout inclus<\/span><\/div><\/div><ul class=\"list-group\"><li class=\"list-group-item normal-row\">Max de greffes en une seule s\u00e9ance<\/li><li class=\"list-group-item normal-row\">4 Nuits d&rsquo;H\u00f4tel<\/li><li class=\"list-group-item normal-row\">Transferts priv\u00e9s de l&rsquo;a\u00e9roport (aller-retour)<\/li><li class=\"list-group-item normal-row\">M\u00e9dication, Shampoing, Lotion<\/li><li class=\"list-group-item normal-row\">H\u00f4pital de Classe A<\/li><li class=\"list-group-item normal-row\">Interpr\u00e8te Assistant<\/li><\/ul><\/div><\/div><\/div><\/div><div class=\"fusion-clearfix\"><\/div><\/div><\/div><div class=\"fusion-layout-column fusion_builder_column fusion-builder-column-2 fusion_builder_column_1_2 1_2 fusion-one-half fusion-column-last\" style=\"--awb-bg-size:cover;width:50%;width:calc(50% - ( ( 4% ) * 0.5 ) );\"><div class=\"fusion-column-wrapper fusion-flex-column-wrapper-legacy\"><style type='text\/css'>\n\t\t\t\t.pricing-table-2 .panel-container, .pricing-table-2 .standout .panel-container,\n\t\t\t\t.pricing-table-2.full-boxed-pricing {background-color:#e5e5e5;}\n\t\t\t\t.pricing-table-2 .list-group .list-group-item,\n\t\t\t\t.pricing-table-2 .list-group .list-group-item:last-child{background-color:#ffffff; border-color:#e5e5e5;}\n\t\t\t\t.pricing-table-2.full-boxed-pricing .panel-wrapper:hover .panel-heading,\n\t\t\t\t.pricing-table-2 .panel-wrapper:hover .list-group-item {background-color:#ffffff;}\n\t\t\t\t.pricing-table-2.full-boxed-pricing .panel-heading{background-color:#ffffff;}\n\t\t\t\t.pricing-table-2 .fusion-panel, .pricing-table-2 .panel-wrapper:last-child .fusion-panel,\n\t\t\t\t.pricing-table-2 .standout .fusion-panel, .pricing-table-2  .panel-heading,\n\t\t\t\t.pricing-table-2 .panel-body, .pricing-table-2 .panel-footer{border-color:#e5e5e5;}\n\t\t\t\t.pricing-table-2 .panel-body,.pricing-table-2 .panel-footer{background-color:#e5e5e5;}\n\t\t\t\t.pricing-table-2.sep-boxed-pricing .panel-heading h3{color:#ffffff;}\n\t\t\t\t.pricing-table-2.full-boxed-pricing.fusion-pricing-table .panel-heading h3{color:#252525;}\n\t\t\t\t.pricing-table-2.fusion-pricing-table .panel-body .price .decimal-part{color:#f3473d;}\n\t\t\t\t.pricing-table-2.fusion-pricing-table .panel-body .price .integer-part{color:#f3473d;}\n\t\t\t\t.pricing-table-2 ul.list-group li{color:var(--awb-color8);}\n\t\t\t\t<\/style><div class=\"fusion-pricing-table pricing-table-2 sep-boxed-pricing row fusion-columns-1 columns-1 fusion-clearfix\"><div class=\"panel-wrapper fusion-column column col-lg-12 col-md-12 col-sm-12 fusion-pricingtable-column\"><div class=\"panel-container\"><div class=\"fusion-panel\"><div class=\"panel-heading\"><h3 class=\"title-row\">DHI Implant capillaire<\/h3><\/div><div class=\"panel-body pricing-row\"><div class=\"price \"><span class=\"integer-part\">2000<\/span><span class=\"currency pos-right price-without-decimal\">\u20ac<\/span><span class=\"time pos-right price-without-decimal\">Tout inclus<\/span><\/div><\/div><ul class=\"list-group\"><li class=\"list-group-item normal-row\">Max de greffes en une seule s\u00e9ance<\/li><li class=\"list-group-item normal-row\">4 Nuits d&rsquo;H\u00f4tel<\/li><li class=\"list-group-item normal-row\">Transferts priv\u00e9s de l&rsquo;a\u00e9roport (aller-retour)<\/li><li class=\"list-group-item normal-row\">M\u00e9dication, Shampoing, Lotion<\/li><li class=\"list-group-item normal-row\">H\u00f4pital de Classe A<\/li><li class=\"list-group-item normal-row\">Interpr\u00e8te Assistant<\/li><\/ul><\/div><\/div><\/div><\/div><div class=\"fusion-clearfix\"><\/div><\/div><\/div><\/div><\/div><div class=\"fusion-fullwidth fullwidth-box fusion-builder-row-3 nonhundred-percent-fullwidth non-hundred-percent-height-scrolling\" style=\"--awb-border-radius-top-left:0px;--awb-border-radius-top-right:0px;--awb-border-radius-bottom-right:0px;--awb-border-radius-bottom-left:0px;--awb-flex-wrap:wrap;\" ><div class=\"fusion-builder-row fusion-row\"><div class=\"fusion-layout-column fusion_builder_column fusion-builder-column-3 fusion_builder_column_1_1 1_1 fusion-one-full fusion-column-first fusion-column-last\" style=\"--awb-bg-size:cover;\"><div class=\"fusion-column-wrapper fusion-flex-column-wrapper-legacy\"><div class=\"fusion-text fusion-text-2\"><h2><span class=\"ez-toc-section\" id=\"Pourquoi_la_transplantation_de_cheveux_est-elle_bon_marche_en_Turquie\"><\/span><strong>Pourquoi la transplantation de cheveux est-elle bon march\u00e9 en Turquie ?<\/strong><span class=\"ez-toc-section-end\"><\/span><\/h2>\n<ul>\n<li>Le prix de la transplantation capillaire en Turquie est bien plus abordable qu&rsquo;en Europe. Plusieurs raisons expliquent cette situation. Voici quelques r\u00e9ponses ci-dessous :<\/li>\n<li>L&rsquo;\u00e9cart entre la lire turque et l&rsquo;euro, le dollar.<\/li>\n<li>La Turquie occupe une position de leader dans la transplantation de cheveux et la chirurgie esth\u00e9tique.<\/li>\n<li>Les entreprises sp\u00e9cialis\u00e9es en transplantation capillaire et chirurgie esth\u00e9tique maintiennent des prix bas pour ne pas perdre de part de march\u00e9.<\/li>\n<li>Les subventions gouvernementales.<\/li>\n<li>Ne pas utiliser la m\u00e9thode de calcul des co\u00fbts par greffe.<\/li>\n<\/ul>\n<h2><span class=\"ez-toc-section\" id=\"Le_prix_de_la_transplantation_de_cheveux_varie-t-il_dune_personne_a_lautre\"><\/span><strong>Le prix de la transplantation de cheveux varie-t-il d&rsquo;une personne \u00e0 l&rsquo;autre ?<\/strong><span class=\"ez-toc-section-end\"><\/span><\/h2>\n<p>En moyenne, 4000 greffes sont transplant\u00e9es pour un homme. Ce chiffre est rarement d\u00e9pass\u00e9. Cependant, le prix pour 400 greffes de follicules pileux est fixe.<\/p>\n<p>Si davantage est n\u00e9cessaire, un prix personnel sera d\u00e9termin\u00e9. Les zones \u00e0 examiner ici sont la nuque, la poitrine et la zone de la barbe. Si un donneur est disponible pour collecter des follicules pileux, une transplantation de cheveux plus importante peut \u00eatre r\u00e9alis\u00e9e. Prix de la transplantation de cheveux en Turquie.<\/p>\n<h2><span class=\"ez-toc-section\" id=\"Combien_coute_une_greffe\"><\/span><strong>Combien co\u00fbte une greffe ?<\/strong><span class=\"ez-toc-section-end\"><\/span><\/h2>\n<p>Les frais des services m\u00e9dicaux sont d\u00e9finis dans le bar\u00e8me des honoraires des m\u00e9decins. Ce catalogue a \u00e9t\u00e9 cr\u00e9\u00e9 principalement pour les traitements m\u00e9dicalement n\u00e9cessaires, donc la transplantation de cheveux n&rsquo;y est pas incluse. Puisque la transplantation est comparable \u00e0 une injection en termes d&rsquo;effort et de difficult\u00e9, le m\u00eame prix est g\u00e9n\u00e9ralement appliqu\u00e9 : 1 euro par implantation, c&rsquo;est-\u00e0-dire par greffe. Si l&rsquo;on prend en compte les co\u00fbts de pr\u00e9paration, de conseil et de traitement de la greffe, le prix est de 0,5 \u00e0 1 euro par greffe.<\/p>\n<h2><span class=\"ez-toc-section\" id=\"Quest-ce_qui_est_inclus_dans_le_forfait_de_transplantation_de_cheveux\"><\/span><strong>Qu&rsquo;est-ce qui est inclus dans le forfait de transplantation de cheveux ?<\/strong><span class=\"ez-toc-section-end\"><\/span><\/h2>\n<ul>\n<li>4000 &#8211; 5000 transplantations de cheveux.<\/li>\n<li>4 nuits d&rsquo;h\u00e9bergement (\u00e0 l&rsquo;h\u00f4tel Citiyloft).<\/li>\n<li>Prise en charge \u00e0 l&rsquo;a\u00e9roport par v\u00e9hicule VIP.<\/li>\n<li>Transferts entre l&rsquo;h\u00f4tel et l&rsquo;h\u00f4pital \u00e0 Istanbul.<\/li>\n<li>Tests sanguins n\u00e9cessaires avant la transplantation de cheveux.<\/li>\n<li>M\u00e9dicaments utilis\u00e9s apr\u00e8s la chirurgie.<\/li>\n<li>Bande pour les cheveux apr\u00e8s la transplantation.<\/li>\n<li>Fourniture de shampoing et lotion apr\u00e8s la transplantation de cheveux.<\/li>\n<\/ul>\n<\/div><div class=\"fusion-clearfix\"><\/div><\/div><\/div><\/div><\/div><\/p>\n","protected":false},"excerpt":{"rendered":"","protected":false},"author":1,"featured_media":0,"parent":0,"menu_order":0,"comment_status":"closed","ping_status":"closed","template":"","meta":{"footnotes":""},"yst_prominent_words":[],"class_list":["post-6610","page","type-page","status-publish","hentry"],"_links":{"self":[{"href":"https:\/\/ztyhairtransplant.com\/fr\/wp-json\/wp\/v2\/pages\/6610","targetHints":{"allow":["GET"]}}],"collection":[{"href":"https:\/\/ztyhairtransplant.com\/fr\/wp-json\/wp\/v2\/pages"}],"about":[{"href":"https:\/\/ztyhairtransplant.com\/fr\/wp-json\/wp\/v2\/types\/page"}],"author":[{"embeddable":true,"href":"https:\/\/ztyhairtransplant.com\/fr\/wp-json\/wp\/v2\/users\/1"}],"replies":[{"embeddable":true,"href":"https:\/\/ztyhairtransplant.com\/fr\/wp-json\/wp\/v2\/comments?post=6610"}],"version-history":[{"count":1,"href":"https:\/\/ztyhairtransplant.com\/fr\/wp-json\/wp\/v2\/pages\/6610\/revisions"}],"predecessor-version":[{"id":6611,"href":"https:\/\/ztyhairtransplant.com\/fr\/wp-json\/wp\/v2\/pages\/6610\/revisions\/6611"}],"wp:attachment":[{"href":"https:\/\/ztyhairtransplant.com\/fr\/wp-json\/wp\/v2\/media?parent=6610"}],"wp:term":[{"taxonomy":"yst_prominent_words","embeddable":true,"href":"https:\/\/ztyhairtransplant.com\/fr\/wp-json\/wp\/v2\/yst_prominent_words?post=6610"}],"curies":[{"name":"wp","href":"https:\/\/api.w.org\/{rel}","templated":true}]}}