{"id":6613,"date":"2020-02-08T11:35:41","date_gmt":"2020-02-08T08:35:41","guid":{"rendered":"https:\/\/ztyhairtransplant.com\/?page_id=6613"},"modified":"2023-10-07T17:39:48","modified_gmt":"2023-10-07T14:39:48","slug":"le-processus-complet-de-la-greffe-de-cheveux","status":"publish","type":"page","link":"https:\/\/ztyhairtransplant.com\/fr\/le-processus-complet-de-la-greffe-de-cheveux\/","title":{"rendered":"Le processus complet de la greffe de cheveux"},"content":{"rendered":"<h1><strong>Le processus complet de la greffe de cheveux<\/strong><\/h1>\n<h2><strong>D\u00e9but<\/strong><\/h2>\n<p>Pour la premi\u00e8re \u00e9valuation, nous avons besoin de quelques photos montrant la zone o\u00f9 la greffe de cheveux sera effectu\u00e9e. Ensuite, le nombre de follicules \u00e0 implanter est calcul\u00e9.<\/p>\n<p>Pour combler l&rsquo;ouverture sur la t\u00eate, la zone de la nuque o\u00f9 les follicules seront pr\u00e9lev\u00e9s est examin\u00e9e. Si les follicules de cette zone sont suffisants, il n&rsquo;y a pas de probl\u00e8me. Si jug\u00e9s insuffisants, des follicules peuvent aussi \u00eatre pr\u00e9lev\u00e9s de la barbe ou du torse.<\/p>\n<h2><strong>Prix<\/strong><\/h2>\n<p>Apr\u00e8s avoir d\u00e9termin\u00e9 la zone d&rsquo;implantation et calcul\u00e9 le nombre de follicules, le prix est communiqu\u00e9 au patient. Si nous tombons d&rsquo;accord sur le prix, les questions suivantes sont envoy\u00e9es \u00e0 notre patient avant la greffe :<\/p>\n<ul>\n<li>Avez-vous d\u00e9j\u00e0 subi une greffe de cheveux ?<\/li>\n<li>Avez-vous une maladie chronique ?<\/li>\n<li>Prenez-vous r\u00e9guli\u00e8rement des m\u00e9dicaments ?<\/li>\n<li>Avez-vous des maladies infectieuses ?<\/li>\n<li>La d\u00e9cision de proc\u00e9der \u00e0 la greffe d\u00e9pendra des r\u00e9ponses fournies.<\/li>\n<\/ul>\n<h2><strong>Organisation du billet d&rsquo;avion<\/strong><\/h2>\n<p>Apr\u00e8s l&rsquo;approbation des m\u00e9decins et l&rsquo;accord sur les termes, une date est fix\u00e9e et le patient ach\u00e8te un billet d&rsquo;avion pour cette date. Une fois le billet obtenu, nous demandons une copie ou une photo du billet.<\/p>\n<p>Nous r\u00e9servons un h\u00f4tel avec cette copie.<\/p>\n<h2><strong>Rendez-vous \u00e0 l&rsquo;a\u00e9roport<\/strong><\/h2>\n<p>\u00c0 l&rsquo;arriv\u00e9e, notre personnel emm\u00e8ne les patients \u00e0 l&rsquo;h\u00f4tel (avant l&rsquo;arriv\u00e9e, nous envoyons une vid\u00e9o expliquant comment nous retrouver \u00e0 l&rsquo;a\u00e9roport).<\/p>\n<h2><strong>H\u00f4pital<\/strong><\/h2>\n<p>\u00c0 l&rsquo;h\u00f4pital, nous commen\u00e7ons par tous les tests sanguins n\u00e9cessaires. Si vos valeurs sanguines sont normales, nos sp\u00e9cialistes proc\u00e9deront aux dessins et pr\u00e9parations pr\u00e9-greffe.<\/p>\n<h2><strong>Greffe de Cheveux<\/strong><\/h2>\n<p>Avant la greffe, les follicules de la nuque sont pr\u00e9lev\u00e9s par la m\u00e9thode FUE et regroup\u00e9s selon leur orientation. Ensuite, l&rsquo;implantation se fait dans la zone d\u00e9garnie. Le temps moyen de l&rsquo;op\u00e9ration est de 6-8 heures.<\/p>\n<p>Apr\u00e8s, vous retournerez \u00e0 l&rsquo;h\u00f4tel avec votre assistant personnel et votre v\u00e9hicule VIP.<\/p>\n<h2><strong>Pansement<\/strong><\/h2>\n<p>Le 2e jour, nous vous emm\u00e8nerons \u00e0 l&rsquo;h\u00f4pital pour le pansement. Apr\u00e8s une heure de proc\u00e9dure, vous serez ramen\u00e9 \u00e0 l&rsquo;h\u00f4tel.<\/p>\n<h2><strong>Lavage<\/strong><\/h2>\n<p>Le 4e jour, jour du retour, nous vous chercherons pour le premier lavage. Il sera effectu\u00e9 par notre \u00e9quipe qui vous formera pour les lavages suivants. Nous fournirons aussi la lotion et le shampooing.<\/p>\n<h2><strong>Retour \u00e0 la maison<\/strong><\/h2>\n<p>Apr\u00e8s ces proc\u00e9dures, vous pourrez retourner dans votre pays. Un v\u00e9hicule vous r\u00e9cup\u00e9rera pour vous emmener \u00e0 l&rsquo;a\u00e9roport.<\/p>\n<h2><strong>Contr\u00f4le apr\u00e8s la greffe<\/strong><\/h2>\n<p>Un mois plus tard, nous \u00e9valuerons l&rsquo;\u00e9volution avec des photos re\u00e7ues par WhatsApp ou e-mail.<\/p>\n<p>Note : Il est possible que vous n&rsquo;ayez jamais visit\u00e9 la Turquie. Vous serez donc en contact constant avec un assistant parlant votre langue pendant votre s\u00e9jour \u00e0 Istanbul. Nous serons toujours \u00e0 vos c\u00f4t\u00e9s.<\/p>\n<p>Vous n&rsquo;aurez jamais \u00e0 g\u00e9rer quoi que ce soit seul \u00e0 aucun moment. Un assistant vous accompagnera en permanence.<\/p>\n","protected":false},"excerpt":{"rendered":"<p>Le processus complet de la greffe de cheveux D\u00e9but Pour la premi\u00e8re \u00e9valuation, nous avons besoin de quelques photos montrant [&hellip;]<\/p>\n","protected":false},"author":1,"featured_media":0,"parent":0,"menu_order":0,"comment_status":"closed","ping_status":"closed","template":"","meta":{"footnotes":""},"yst_prominent_words":[],"class_list":["post-6613","page","type-page","status-publish","hentry"],"_links":{"self":[{"href":"https:\/\/ztyhairtransplant.com\/fr\/wp-json\/wp\/v2\/pages\/6613","targetHints":{"allow":["GET"]}}],"collection":[{"href":"https:\/\/ztyhairtransplant.com\/fr\/wp-json\/wp\/v2\/pages"}],"about":[{"href":"https:\/\/ztyhairtransplant.com\/fr\/wp-json\/wp\/v2\/types\/page"}],"author":[{"embeddable":true,"href":"https:\/\/ztyhairtransplant.com\/fr\/wp-json\/wp\/v2\/users\/1"}],"replies":[{"embeddable":true,"href":"https:\/\/ztyhairtransplant.com\/fr\/wp-json\/wp\/v2\/comments?post=6613"}],"version-history":[{"count":1,"href":"https:\/\/ztyhairtransplant.com\/fr\/wp-json\/wp\/v2\/pages\/6613\/revisions"}],"predecessor-version":[{"id":6614,"href":"https:\/\/ztyhairtransplant.com\/fr\/wp-json\/wp\/v2\/pages\/6613\/revisions\/6614"}],"wp:attachment":[{"href":"https:\/\/ztyhairtransplant.com\/fr\/wp-json\/wp\/v2\/media?parent=6613"}],"wp:term":[{"taxonomy":"yst_prominent_words","embeddable":true,"href":"https:\/\/ztyhairtransplant.com\/fr\/wp-json\/wp\/v2\/yst_prominent_words?post=6613"}],"curies":[{"name":"wp","href":"https:\/\/api.w.org\/{rel}","templated":true}]}}