{"id":6882,"date":"2020-02-07T10:01:05","date_gmt":"2020-02-07T07:01:05","guid":{"rendered":"https:\/\/ztyhairtransplant.com\/?page_id=6882"},"modified":"2023-10-12T12:14:38","modified_gmt":"2023-10-12T09:14:38","slug":"trapianto-capelli-turchia-costo","status":"publish","type":"page","link":"https:\/\/ztyhairtransplant.com\/it\/trapianto-capelli-turchia-costo\/","title":{"rendered":"Trapianto capelli Turchia costo"},"content":{"rendered":"<p><div class=\"fusion-fullwidth fullwidth-box fusion-builder-row-1 nonhundred-percent-fullwidth non-hundred-percent-height-scrolling\" style=\"--awb-border-radius-top-left:0px;--awb-border-radius-top-right:0px;--awb-border-radius-bottom-right:0px;--awb-border-radius-bottom-left:0px;--awb-flex-wrap:wrap;\" ><div class=\"fusion-builder-row fusion-row\"><div class=\"fusion-layout-column fusion_builder_column fusion-builder-column-0 fusion_builder_column_1_1 1_1 fusion-one-full fusion-column-first fusion-column-last\" style=\"--awb-bg-size:cover;\"><div class=\"fusion-column-wrapper fusion-flex-column-wrapper-legacy\"><div class=\"fusion-text fusion-text-1\"><h1><strong>Trapianto capelli Turchia costo<\/strong><\/h1>\n<p><span style=\"color: #ff0000;\"><strong>Il prezzo per il trapianto di capelli in Turchia \u00e8 di 1800 euro<\/strong><\/span>. Questo prezzo include alloggio, interprete, servizio di ritiro in aeroporto e trasferimento locale. Questo prezzo \u00e8 valido per il 2022. Nessun costo nascosto. Il pagamento viene raccolto in contanti. Per sessioni multiple, il prezzo sar\u00e0 inferiore. Zty Health fa del suo meglio per offrirti il prezzo pi\u00f9 basso per il trapianto di capelli.<\/p>\n<div id=\"ez-toc-container\" class=\"ez-toc-v2_0_63 counter-hierarchy ez-toc-counter ez-toc-custom ez-toc-container-direction\">\n<div class=\"ez-toc-title-container\">\n<p class=\"ez-toc-title \" >Indice dei contenuti<\/p>\n<span class=\"ez-toc-title-toggle\"><a href=\"#\" class=\"ez-toc-pull-right ez-toc-btn ez-toc-btn-xs ez-toc-btn-default ez-toc-toggle\" aria-label=\"Toggle Table of Content\"><span class=\"ez-toc-js-icon-con\"><span class=\"\"><span class=\"eztoc-hide\" style=\"display:none;\">Toggle<\/span><span class=\"ez-toc-icon-toggle-span\"><svg style=\"fill: #202124;color:#202124\" xmlns=\"http:\/\/www.w3.org\/2000\/svg\" class=\"list-377408\" width=\"20px\" height=\"20px\" viewBox=\"0 0 24 24\" fill=\"none\"><path d=\"M6 6H4v2h2V6zm14 0H8v2h12V6zM4 11h2v2H4v-2zm16 0H8v2h12v-2zM4 16h2v2H4v-2zm16 0H8v2h12v-2z\" fill=\"currentColor\"><\/path><\/svg><svg style=\"fill: #202124;color:#202124\" class=\"arrow-unsorted-368013\" xmlns=\"http:\/\/www.w3.org\/2000\/svg\" width=\"10px\" height=\"10px\" viewBox=\"0 0 24 24\" version=\"1.2\" baseProfile=\"tiny\"><path d=\"M18.2 9.3l-6.2-6.3-6.2 6.3c-.2.2-.3.4-.3.7s.1.5.3.7c.2.2.4.3.7.3h11c.3 0 .5-.1.7-.3.2-.2.3-.5.3-.7s-.1-.5-.3-.7zM5.8 14.7l6.2 6.3 6.2-6.3c.2-.2.3-.5.3-.7s-.1-.5-.3-.7c-.2-.2-.4-.3-.7-.3h-11c-.3 0-.5.1-.7.3-.2.2-.3.5-.3.7s.1.5.3.7z\"\/><\/svg><\/span><\/span><\/span><\/a><\/span><\/div>\n<nav><ul class='ez-toc-list ez-toc-list-level-1 eztoc-toggle-hide-by-default' ><li class='ez-toc-page-1 ez-toc-heading-level-2'><a class=\"ez-toc-link ez-toc-heading-1\" href=\"https:\/\/ztyhairtransplant.com\/it\/trapianto-capelli-turchia-costo\/#Cosa_devo_considerare_in_caso_di_offerte_particolarmente_economiche\" title=\"Cosa devo considerare in caso di offerte particolarmente economiche?\">Cosa devo considerare in caso di offerte particolarmente economiche?<\/a><\/li><li class='ez-toc-page-1 ez-toc-heading-level-2'><a class=\"ez-toc-link ez-toc-heading-2\" href=\"https:\/\/ztyhairtransplant.com\/it\/trapianto-capelli-turchia-costo\/#Perche_il_trapianto_di_capelli_e_economico_in_Turchia\" title=\"Perch\u00e9 il trapianto di capelli \u00e8 economico in Turchia?\">Perch\u00e9 il trapianto di capelli \u00e8 economico in Turchia?<\/a><\/li><li class='ez-toc-page-1 ez-toc-heading-level-2'><a class=\"ez-toc-link ez-toc-heading-3\" href=\"https:\/\/ztyhairtransplant.com\/it\/trapianto-capelli-turchia-costo\/#Il_divario_tra_la_lira_turca_e_leuro_il_dollaro\" title=\"Il divario tra la lira turca e l&#8217;euro, il dollaro\">Il divario tra la lira turca e l&#8217;euro, il dollaro<\/a><\/li><li class='ez-toc-page-1 ez-toc-heading-level-2'><a class=\"ez-toc-link ez-toc-heading-4\" href=\"https:\/\/ztyhairtransplant.com\/it\/trapianto-capelli-turchia-costo\/#Il_prezzo_del_trapianto_di_capelli_varia_da_persona_a_persona\" title=\"Il prezzo del trapianto di capelli varia da persona a persona?\">Il prezzo del trapianto di capelli varia da persona a persona?<\/a><\/li><li class='ez-toc-page-1 ez-toc-heading-level-2'><a class=\"ez-toc-link ez-toc-heading-5\" href=\"https:\/\/ztyhairtransplant.com\/it\/trapianto-capelli-turchia-costo\/#Quanto_costa_un_innesto\" title=\"Quanto costa un innesto?\">Quanto costa un innesto?<\/a><\/li><li class='ez-toc-page-1 ez-toc-heading-level-2'><a class=\"ez-toc-link ez-toc-heading-6\" href=\"https:\/\/ztyhairtransplant.com\/it\/trapianto-capelli-turchia-costo\/#Cosa_e_incluso_nel_pacchetto_trapianto_di_capelli\" title=\"Cosa \u00e8 incluso nel pacchetto trapianto di capelli?\">Cosa \u00e8 incluso nel pacchetto trapianto di capelli?<\/a><\/li><\/ul><\/nav><\/div>\n\n<h2><span class=\"ez-toc-section\" id=\"Cosa_devo_considerare_in_caso_di_offerte_particolarmente_economiche\"><\/span><strong>Cosa devo considerare in caso di offerte particolarmente economiche?<\/strong><span class=\"ez-toc-section-end\"><\/span><\/h2>\n<p>L&#8217;esperienza e la diligenza del team operativo sono essenziali per un buon risultato. Se una clinica attira con prezzi molto bassi per innesto, \u00e8 consigliabile prestare attenzione. Potrebbero essere risparmiati fondi utilizzando personale inesperto (che potrebbe quindi danneggiare un numero sopra la media di innesti). Oppure la clinica esegue trapianti in serie, il che significa che la consulenza, la preparazione e la cura post-operativa potrebbero risentirne. Durante la consultazione, chiedi come \u00e8 composto il prezzo e se ci sono costi nascosti. Accetta l&#8217;operazione solo se tutti i dubbi sono stati dissipati e hai un buon feeling verso l&#8217;operatore.<\/p>\n<\/div><div class=\"fusion-clearfix\"><\/div><\/div><\/div><\/div><\/div><div class=\"fusion-fullwidth fullwidth-box fusion-builder-row-2 nonhundred-percent-fullwidth non-hundred-percent-height-scrolling\" style=\"--awb-border-radius-top-left:0px;--awb-border-radius-top-right:0px;--awb-border-radius-bottom-right:0px;--awb-border-radius-bottom-left:0px;--awb-flex-wrap:wrap;\" ><div class=\"fusion-builder-row fusion-row\"><div class=\"fusion-layout-column fusion_builder_column fusion-builder-column-1 fusion_builder_column_1_2 1_2 fusion-one-half fusion-column-first\" style=\"--awb-bg-size:cover;width:50%;width:calc(50% - ( ( 4% ) * 0.5 ) );margin-right: 4%;\"><div class=\"fusion-column-wrapper fusion-flex-column-wrapper-legacy\"><style type='text\/css'>\n\t\t\t\t.pricing-table-1 .panel-container, .pricing-table-1 .standout .panel-container,\n\t\t\t\t.pricing-table-1.full-boxed-pricing {background-color:#e5e5e5;}\n\t\t\t\t.pricing-table-1 .list-group .list-group-item,\n\t\t\t\t.pricing-table-1 .list-group .list-group-item:last-child{background-color:#ffffff; border-color:#e5e5e5;}\n\t\t\t\t.pricing-table-1.full-boxed-pricing .panel-wrapper:hover .panel-heading,\n\t\t\t\t.pricing-table-1 .panel-wrapper:hover .list-group-item {background-color:#ffffff;}\n\t\t\t\t.pricing-table-1.full-boxed-pricing .panel-heading{background-color:#ffffff;}\n\t\t\t\t.pricing-table-1 .fusion-panel, .pricing-table-1 .panel-wrapper:last-child .fusion-panel,\n\t\t\t\t.pricing-table-1 .standout .fusion-panel, .pricing-table-1  .panel-heading,\n\t\t\t\t.pricing-table-1 .panel-body, .pricing-table-1 .panel-footer{border-color:#e5e5e5;}\n\t\t\t\t.pricing-table-1 .panel-body,.pricing-table-1 .panel-footer{background-color:#e5e5e5;}\n\t\t\t\t.pricing-table-1.sep-boxed-pricing .panel-heading h3{color:#ffffff;}\n\t\t\t\t.pricing-table-1.full-boxed-pricing.fusion-pricing-table .panel-heading h3{color:#252525;}\n\t\t\t\t.pricing-table-1.fusion-pricing-table .panel-body .price .decimal-part{color:#f3473d;}\n\t\t\t\t.pricing-table-1.fusion-pricing-table .panel-body .price .integer-part{color:#f3473d;}\n\t\t\t\t.pricing-table-1 ul.list-group li{color:var(--awb-color8);}\n\t\t\t\t<\/style><div class=\"fusion-pricing-table pricing-table-1 sep-boxed-pricing row fusion-columns-1 columns-1 fusion-clearfix\"><div class=\"panel-wrapper fusion-column column col-lg-12 col-md-12 col-sm-12 fusion-pricingtable-column\"><div class=\"panel-container\"><div class=\"fusion-panel\"><div class=\"panel-heading\"><h3 class=\"title-row\">Prezzo del Trapianto di Capelli a Istanbul<\/h3><\/div><div class=\"panel-body pricing-row\"><div class=\"price \"><span class=\"integer-part\">1800<\/span><span class=\"currency pos-right price-without-decimal\">\u20ac<\/span><span class=\"time pos-right price-without-decimal\">Tutto incluso<\/span><\/div><\/div><ul class=\"list-group\"><li class=\"list-group-item normal-row\">Massimo di Innesti in Una Singola Sessione<\/li><li class=\"list-group-item normal-row\">4 Notti in Hotel<\/li><li class=\"list-group-item normal-row\">Trasferimenti Privati da e per l&#8217;Aeroporto<\/li><li class=\"list-group-item normal-row\">Medicinali, Shampoo, Lozione<\/li><li class=\"list-group-item normal-row\">Ospedale di Classe A<\/li><li class=\"list-group-item normal-row\">Assistente Interprete<\/li><\/ul><\/div><\/div><\/div><\/div><div class=\"fusion-clearfix\"><\/div><\/div><\/div><div class=\"fusion-layout-column fusion_builder_column fusion-builder-column-2 fusion_builder_column_1_2 1_2 fusion-one-half fusion-column-last\" style=\"--awb-bg-size:cover;width:50%;width:calc(50% - ( ( 4% ) * 0.5 ) );\"><div class=\"fusion-column-wrapper fusion-flex-column-wrapper-legacy\"><style type='text\/css'>\n\t\t\t\t.pricing-table-2 .panel-container, .pricing-table-2 .standout .panel-container,\n\t\t\t\t.pricing-table-2.full-boxed-pricing {background-color:#e5e5e5;}\n\t\t\t\t.pricing-table-2 .list-group .list-group-item,\n\t\t\t\t.pricing-table-2 .list-group .list-group-item:last-child{background-color:#ffffff; border-color:#e5e5e5;}\n\t\t\t\t.pricing-table-2.full-boxed-pricing .panel-wrapper:hover .panel-heading,\n\t\t\t\t.pricing-table-2 .panel-wrapper:hover .list-group-item {background-color:#ffffff;}\n\t\t\t\t.pricing-table-2.full-boxed-pricing .panel-heading{background-color:#ffffff;}\n\t\t\t\t.pricing-table-2 .fusion-panel, .pricing-table-2 .panel-wrapper:last-child .fusion-panel,\n\t\t\t\t.pricing-table-2 .standout .fusion-panel, .pricing-table-2  .panel-heading,\n\t\t\t\t.pricing-table-2 .panel-body, .pricing-table-2 .panel-footer{border-color:#e5e5e5;}\n\t\t\t\t.pricing-table-2 .panel-body,.pricing-table-2 .panel-footer{background-color:#e5e5e5;}\n\t\t\t\t.pricing-table-2.sep-boxed-pricing .panel-heading h3{color:#ffffff;}\n\t\t\t\t.pricing-table-2.full-boxed-pricing.fusion-pricing-table .panel-heading h3{color:#252525;}\n\t\t\t\t.pricing-table-2.fusion-pricing-table .panel-body .price .decimal-part{color:#f3473d;}\n\t\t\t\t.pricing-table-2.fusion-pricing-table .panel-body .price .integer-part{color:#f3473d;}\n\t\t\t\t.pricing-table-2 ul.list-group li{color:var(--awb-color8);}\n\t\t\t\t<\/style><div class=\"fusion-pricing-table pricing-table-2 sep-boxed-pricing row fusion-columns-1 columns-1 fusion-clearfix\"><div class=\"panel-wrapper fusion-column column col-lg-12 col-md-12 col-sm-12 fusion-pricingtable-column\"><div class=\"panel-container\"><div class=\"fusion-panel\"><div class=\"panel-heading\"><h3 class=\"title-row\">DHI Prezzo del Trapianto di Capelli a Istanbul<\/h3><\/div><div class=\"panel-body pricing-row\"><div class=\"price \"><span class=\"integer-part\">2000<\/span><span class=\"currency pos-right price-without-decimal\">\u20ac<\/span><span class=\"time pos-right price-without-decimal\">Tutto incluso<\/span><\/div><\/div><ul class=\"list-group\"><li class=\"list-group-item normal-row\">Massimo di Innesti in Una Singola Sessione<\/li><li class=\"list-group-item normal-row\">4 Notti in Hotel<\/li><li class=\"list-group-item normal-row\">Trasferimenti Privati da e per l&#8217;Aeroporto<\/li><li class=\"list-group-item normal-row\">Medicinali, Shampoo, Lozione<\/li><li class=\"list-group-item normal-row\">Ospedale di Classe A<\/li><li class=\"list-group-item normal-row\">Assistente Interprete<\/li><\/ul><\/div><\/div><\/div><\/div><div class=\"fusion-clearfix\"><\/div><\/div><\/div><\/div><\/div><div class=\"fusion-fullwidth fullwidth-box fusion-builder-row-3 nonhundred-percent-fullwidth non-hundred-percent-height-scrolling\" style=\"--awb-border-radius-top-left:0px;--awb-border-radius-top-right:0px;--awb-border-radius-bottom-right:0px;--awb-border-radius-bottom-left:0px;--awb-flex-wrap:wrap;\" ><div class=\"fusion-builder-row fusion-row\"><div class=\"fusion-layout-column fusion_builder_column fusion-builder-column-3 fusion_builder_column_1_1 1_1 fusion-one-full fusion-column-first fusion-column-last\" style=\"--awb-bg-size:cover;\"><div class=\"fusion-column-wrapper fusion-flex-column-wrapper-legacy\"><div class=\"fusion-text fusion-text-2\"><h2><span class=\"ez-toc-section\" id=\"Perche_il_trapianto_di_capelli_e_economico_in_Turchia\"><\/span><strong>Perch\u00e9 il trapianto di capelli \u00e8 economico in Turchia?<\/strong><span class=\"ez-toc-section-end\"><\/span><\/h2>\n<p>Il prezzo del trapianto di capelli in Turchia \u00e8 molto pi\u00f9 accessibile rispetto all&#8217;Europa. Ci sono molte ragioni legate a questa situazione. Ecco alcune delle risposte:<\/p>\n<h2><span class=\"ez-toc-section\" id=\"Il_divario_tra_la_lira_turca_e_leuro_il_dollaro\"><\/span><strong>Il divario tra la lira turca e l&#8217;euro, il dollaro<\/strong><span class=\"ez-toc-section-end\"><\/span><\/h2>\n<ul>\n<li>La Turchia ha una posizione di primaria importanza nel trapianto di capelli e nella chirurgia plastica<\/li>\n<li>Le aziende di trapianto di capelli e chirurgia plastica mantengono i prezzi bassi per evitare di perdere quote di mercato<\/li>\n<li><strong>Sussidi governativi<\/strong><\/li>\n<li>Non utilizzando il metodo di calcolo del costo per innesto<\/li>\n<\/ul>\n<h2><span class=\"ez-toc-section\" id=\"Il_prezzo_del_trapianto_di_capelli_varia_da_persona_a_persona\"><\/span><strong>Il prezzo del trapianto di capelli varia da persona a persona?<\/strong><span class=\"ez-toc-section-end\"><\/span><\/h2>\n<p>In media, vengono trapiantati 4000 innesti per un uomo. Questa cifra viene raramente superata. Ma il prezzo per 400 innesti follicolari \u00e8 fisso.<\/p>\n<p>Se \u00e8 necessario di pi\u00f9, sar\u00e0 determinato un prezzo personale. Le aree che dobbiamo esaminare qui sono l&#8217;area della nuca, l&#8217;area del petto e della barba. Se c&#8217;\u00e8 un donatore per raccogliere follicoli piliferi, si pu\u00f2 fare un trapianto di capelli maggiore. Prezzo del Trapianto di Capelli in Turchia<\/p>\n<h2><span class=\"ez-toc-section\" id=\"Quanto_costa_un_innesto\"><\/span><strong>Quanto costa un innesto?<\/strong><span class=\"ez-toc-section-end\"><\/span><\/h2>\n<p>Le tariffe per i servizi medici sono stabilite nella tariffa per i medici. Questo catalogo \u00e8 stato creato principalmente per trattamenti medici necessari, quindi il trapianto di capelli non \u00e8 incluso. Poich\u00e9 il trapianto \u00e8 paragonabile a un&#8217;iniezione in termini di sforzo e difficolt\u00e0, solitamente viene applicato lo stesso prezzo. 1 euro per impianto, ovvero per innesto. Se si prendono in considerazione i costi per la preparazione, la consulenza e l&#8217;elaborazione del trapianto, il prezzo \u00e8 tra 0,5 e 1 euro per innesto.<\/p>\n<h2><span class=\"ez-toc-section\" id=\"Cosa_e_incluso_nel_pacchetto_trapianto_di_capelli\"><\/span><strong>Cosa \u00e8 incluso nel pacchetto trapianto di capelli?<\/strong><span class=\"ez-toc-section-end\"><\/span><\/h2>\n<ul>\n<li>4000 &#8211; 500 trapianti di capelli<\/li>\n<li>4 notti di alloggio (al Citiyloft Hotel)<\/li>\n<li>Servizio di ritiro dall&#8217;aeroporto con veicolo VIP<\/li>\n<li>Trasferimenti tra hotel e ospedale a Istanbul<\/li>\n<li>Test del sangue necessari prima del trapianto di capelli<\/li>\n<li>Farmaci utilizzati dopo l&#8217;intervento chirurgico<\/li>\n<li>Fascia per capelli dopo il trapianto di capelli<\/li>\n<li>Fornitura di shampoo e lozione dopo il trapianto di capelli<\/li>\n<\/ul>\n<\/div><div class=\"fusion-clearfix\"><\/div><\/div><\/div><\/div><\/div><\/p>\n","protected":false},"excerpt":{"rendered":"","protected":false},"author":1,"featured_media":0,"parent":0,"menu_order":0,"comment_status":"closed","ping_status":"closed","template":"","meta":{"footnotes":""},"yst_prominent_words":[],"class_list":["post-6882","page","type-page","status-publish","hentry"],"_links":{"self":[{"href":"https:\/\/ztyhairtransplant.com\/it\/wp-json\/wp\/v2\/pages\/6882","targetHints":{"allow":["GET"]}}],"collection":[{"href":"https:\/\/ztyhairtransplant.com\/it\/wp-json\/wp\/v2\/pages"}],"about":[{"href":"https:\/\/ztyhairtransplant.com\/it\/wp-json\/wp\/v2\/types\/page"}],"author":[{"embeddable":true,"href":"https:\/\/ztyhairtransplant.com\/it\/wp-json\/wp\/v2\/users\/1"}],"replies":[{"embeddable":true,"href":"https:\/\/ztyhairtransplant.com\/it\/wp-json\/wp\/v2\/comments?post=6882"}],"version-history":[{"count":1,"href":"https:\/\/ztyhairtransplant.com\/it\/wp-json\/wp\/v2\/pages\/6882\/revisions"}],"predecessor-version":[{"id":6883,"href":"https:\/\/ztyhairtransplant.com\/it\/wp-json\/wp\/v2\/pages\/6882\/revisions\/6883"}],"wp:attachment":[{"href":"https:\/\/ztyhairtransplant.com\/it\/wp-json\/wp\/v2\/media?parent=6882"}],"wp:term":[{"taxonomy":"yst_prominent_words","embeddable":true,"href":"https:\/\/ztyhairtransplant.com\/it\/wp-json\/wp\/v2\/yst_prominent_words?post=6882"}],"curies":[{"name":"wp","href":"https:\/\/api.w.org\/{rel}","templated":true}]}}