{"id":6359,"date":"2020-02-05T00:29:30","date_gmt":"2020-02-04T21:29:30","guid":{"rendered":"https:\/\/ztyhairtransplant.com\/?page_id=6359"},"modified":"2023-10-04T15:39:21","modified_gmt":"2023-10-04T12:39:21","slug":"contact","status":"publish","type":"page","link":"https:\/\/ztyhairtransplant.com\/ro\/contact\/","title":{"rendered":"Contact"},"content":{"rendered":"<div class=\"fusion-fullwidth fullwidth-box fusion-builder-row-1 nonhundred-percent-fullwidth non-hundred-percent-height-scrolling\" style=\"--awb-border-radius-top-left:0px;--awb-border-radius-top-right:0px;--awb-border-radius-bottom-right:0px;--awb-border-radius-bottom-left:0px;--awb-margin-top:20px;--awb-margin-bottom:0px;--awb-flex-wrap:wrap;\" ><div class=\"fusion-builder-row fusion-row\"><div class=\"fusion-layout-column fusion_builder_column fusion-builder-column-0 fusion_builder_column_1_1 1_1 fusion-one-full fusion-column-first fusion-column-last\" style=\"--awb-bg-size:cover;\"><div class=\"fusion-column-wrapper fusion-flex-column-wrapper-legacy\"><div class=\"fusion-text fusion-text-1\"><h1><strong>Sediul Zty Health<\/strong><\/h1>\n<p>Zty Health \u00ee\u0219i desf\u0103\u0219oar\u0103 toate opera\u021biunile (Centrul de apel, program\u0103ri \u0219i proceduri pacient) de la adresa de mai jos.<\/p>\n<div class=\"fusion-sep-clear\"><\/div><div class=\"fusion-separator fusion-full-width-sep\" style=\"margin-left: auto;margin-right: auto;margin-bottom:20px;width:100%;\"><div class=\"fusion-separator-border sep-single sep-solid\" style=\"--awb-height:20px;--awb-amount:20px;border-color:#dddbdb;border-top-width:1px;\"><\/div><\/div><div class=\"fusion-sep-clear\"><\/div>\n<p><strong><i class=\"fb-icon-element-1 fb-icon-element fontawesome-icon fa-address-card far circle-yes fusion-text-flow\" style=\"--awb-circlecolor-hover:var(--awb-color5);--awb-circlebordercolor-hover:var(--awb-color8);--awb-circlebordersize:1px;--awb-font-size:28.16px;--awb-width:56.32px;--awb-height:56.32px;--awb-line-height:54.32px;--awb-margin-right:16px;\"><\/i>Adres\u0103:<\/strong> Barbaros Mah. Sarka\u00e7 Sok. No: 01 Ofis : 130 A\u011fao\u011flu My Prestige \u0130\u015f Merkezi , Ata\u015fehir, Istanbul, Turkey<\/p>\n<p><strong><i class=\"fb-icon-element-2 fb-icon-element fontawesome-icon fa-phone fas circle-yes fusion-text-flow\" style=\"--awb-circlecolor-hover:var(--awb-color5);--awb-circlebordercolor-hover:var(--awb-color8);--awb-circlebordersize:1px;--awb-font-size:28.16px;--awb-width:56.32px;--awb-height:56.32px;--awb-line-height:54.32px;--awb-margin-right:16px;\"><\/i>Centru de Apel<\/strong>\u00a0<strong>:<\/strong> +90850 255 16 48\u00a0 <strong>WhatsApp<\/strong> <strong>:<\/strong> +905467415454<\/p>\n<\/div><div class=\"fusion-sep-clear\"><\/div><div class=\"fusion-separator fusion-full-width-sep\" style=\"margin-left: auto;margin-right: auto;margin-top:10px;margin-bottom:20px;width:100%;\"><div class=\"fusion-separator-border sep-double sep-solid\" style=\"--awb-height:20px;--awb-amount:20px;border-color:#dddbdb;border-top-width:1px;border-bottom-width:1px;\"><\/div><\/div><div class=\"fusion-sep-clear\"><\/div><iframe class=\"lazyload\" src=\"data:image\/svg+xml,%3Csvg%20xmlns%3D%27http%3A%2F%2Fwww.w3.org%2F2000%2Fsvg%27%20width%3D%27855%27%20height%3D%27433%27%20viewBox%3D%270%200%20855%20433%27%3E%3Crect%20width%3D%27855%27%20height%3D%27433%27%20fill-opacity%3D%220%22%2F%3E%3C%2Fsvg%3E\" data-orig-src=\"https:\/\/www.google.com\/maps\/embed?pb=!1m18!1m12!1m3!1d2446.954859629993!2d29.109267248770454!3d40.96932877783303!2m3!1f0!2f0!3f0!3m2!1i1024!2i768!4f13.1!3m3!1m2!1s0x0%3A0xcd8c6e1f3d5e8124!2sZty%20Health!5e0!3m2!1str!2str!4v1581161460328!5m2!1str!2str\" width=\"855\" height=\"433\" frameborder=\"0\" style=\"border:0;\" allowfullscreen=\"\"><\/iframe><div class=\"fusion-clearfix\"><\/div><\/div><\/div><\/div><\/div>\n","protected":false},"excerpt":{"rendered":"","protected":false},"author":1,"featured_media":0,"parent":0,"menu_order":0,"comment_status":"closed","ping_status":"closed","template":"","meta":{"footnotes":""},"yst_prominent_words":[],"class_list":["post-6359","page","type-page","status-publish","hentry"],"_links":{"self":[{"href":"https:\/\/ztyhairtransplant.com\/ro\/wp-json\/wp\/v2\/pages\/6359","targetHints":{"allow":["GET"]}}],"collection":[{"href":"https:\/\/ztyhairtransplant.com\/ro\/wp-json\/wp\/v2\/pages"}],"about":[{"href":"https:\/\/ztyhairtransplant.com\/ro\/wp-json\/wp\/v2\/types\/page"}],"author":[{"embeddable":true,"href":"https:\/\/ztyhairtransplant.com\/ro\/wp-json\/wp\/v2\/users\/1"}],"replies":[{"embeddable":true,"href":"https:\/\/ztyhairtransplant.com\/ro\/wp-json\/wp\/v2\/comments?post=6359"}],"version-history":[{"count":1,"href":"https:\/\/ztyhairtransplant.com\/ro\/wp-json\/wp\/v2\/pages\/6359\/revisions"}],"predecessor-version":[{"id":6360,"href":"https:\/\/ztyhairtransplant.com\/ro\/wp-json\/wp\/v2\/pages\/6359\/revisions\/6360"}],"wp:attachment":[{"href":"https:\/\/ztyhairtransplant.com\/ro\/wp-json\/wp\/v2\/media?parent=6359"}],"wp:term":[{"taxonomy":"yst_prominent_words","embeddable":true,"href":"https:\/\/ztyhairtransplant.com\/ro\/wp-json\/wp\/v2\/yst_prominent_words?post=6359"}],"curies":[{"name":"wp","href":"https:\/\/api.w.org\/{rel}","templated":true}]}}