{"id":6362,"date":"2020-02-08T11:35:41","date_gmt":"2020-02-08T08:35:41","guid":{"rendered":"https:\/\/ztyhairtransplant.com\/?page_id=6362"},"modified":"2023-10-04T15:45:40","modified_gmt":"2023-10-04T12:45:40","slug":"proces-al-transplantului-de-par","status":"publish","type":"page","link":"https:\/\/ztyhairtransplant.com\/ro\/proces-al-transplantului-de-par\/","title":{"rendered":"Proces al Transplantului de P\u0103r"},"content":{"rendered":"<h1><strong>Proces al Transplantului de P\u0103r<\/strong><\/h1>\n<h2><strong>\u00cenceput<\/strong><\/h2>\n<p>Pentru prima evaluare, avem nevoie de c\u00e2teva fotografii care s\u0103 arate zona \u00een care se va efectua transplantul de p\u0103r. Ulterior, se calculeaz\u0103 foliculul de p\u0103r care urmeaz\u0103 s\u0103 fie plantat.<\/p>\n<p>Pentru a acoperi deschiderea din cap, se examineaz\u0103 zona g\u00e2tului de unde va fi furnizat foliculul de p\u0103r. Dac\u0103 foliculii de p\u0103r preleva\u021bi din zona g\u00e2tului sunt suficien\u021bi, nu exist\u0103 nicio problem\u0103. Dar dac\u0103 sunt considera\u021bi insuficien\u021bi, foliculii de p\u0103r pot fi ob\u021binu\u021bi \u0219i din zona b\u0103rbii \u0219i a pieptului.<\/p>\n<h2><strong>Pre\u021b<\/strong><\/h2>\n<p>Dup\u0103 determinarea zonei care urmeaz\u0103 s\u0103 fie plantat\u0103 \u0219i calcularea foliculilor de p\u0103r, pre\u021bul este trimis pacientului. Dac\u0103 suntem de acord asupra pre\u021bului, \u00eentreb\u0103rile de mai jos sunt trimise pacientului nostru \u00eenainte de transplantul de p\u0103r.<\/p>\n<ul>\n<li>A\u021bi avut vreodat\u0103 un transplant de p\u0103r?<\/li>\n<li>Ave\u021bi o boal\u0103 cronic\u0103?<\/li>\n<li>Exist\u0103 un medicament pe care \u00eel lua\u021bi regulat?<\/li>\n<li>Ave\u021bi boli infec\u021bioase?<\/li>\n<\/ul>\n<p>Decizia privind transplantul de p\u0103r se va lua \u00een func\u021bie de r\u0103spunsurile la \u00eentreb\u0103rile de mai sus.<\/p>\n<h2><strong>Organizarea biletului de avion<\/strong><\/h2>\n<p>Dup\u0103 aprobarea medicilor \u0219i acordarea termenilor, se stabile\u0219te o dat\u0103 pentru transplantul de p\u0103r \u0219i pacientul nostru prime\u0219te un bilet de avion pentru data opera\u021biei. Dup\u0103 ob\u021binerea biletului de avion, solicit\u0103m o copie sau o fotografie a biletului.<\/p>\n<p>Facem o rezervare la hotel cu acea copie.<\/p>\n<h2><strong>\u00cent\u00e2lnire la aeroport<\/strong><\/h2>\n<p>Dup\u0103 sosirea la aeroport, personalul nostru \u00eei va duce pe pacien\u021bi la hotel. (\u00cenainte de sosire, trimitem un videoclip care explic\u0103 pacien\u021bilor no\u0219tri cum s\u0103 g\u0103seasc\u0103 personalul nostru la aeroport).<\/p>\n<h3><strong>Spital<\/strong><\/h3>\n<p>C\u00e2nd ajungem la spital, vom efectua mai \u00eent\u00e2i toate testele de s\u00e2nge necesare. Dac\u0103 nu exist\u0103 nicio problem\u0103 cu valorile dvs. de s\u00e2nge, speciali\u0219tii no\u0219tri \u00een transplant de p\u0103r v\u0103 vor face desenele \u0219i vor finaliza preg\u0103tirile lor \u00eenainte de transplantul de p\u0103r.<\/p>\n<h3><strong>Transplant de p\u0103r<\/strong><\/h3>\n<p>\u00cenainte de transplantul de p\u0103r, foliculii de p\u0103r din regiunea g\u00e2tului vor fi colecta\u021bi prin metoda FUE \u0219i grupa\u021bi \u00een func\u021bie de direc\u021biile lor. Apoi, va avea loc plantarea \u00een zona chel\u0103. Timpul mediu de transplantare a p\u0103rului este de 6-8 ore.<\/p>\n<p>Apoi v\u0103 ve\u021bi \u00eentoarce la hotel cu propriul dvs. asistent \u0219i vehiculul dvs. VIP privat.<\/p>\n<h3><strong>Pansement<\/strong><\/h3>\n<p>\u00cen a doua zi, v\u0103 vom lua de la hotel \u0219i v\u0103 vom duce la spital pentru pansament \u0219i coasere. Apoi, dup\u0103 o or\u0103 de opera\u021bie, ve\u021bi fi adus \u00eenapoi la hotel.<\/p>\n<h3><strong>Sp\u0103lare<\/strong><\/h3>\n<p>Ziua 4 este ziua de \u00eentoarcere acas\u0103. Pentru prima sp\u0103lare, ve\u021bi fi luat de la hotelul dvs. cu vehiculul nostru VIP \u0219i dus la spital. Prima sp\u0103lare va fi f\u0103cut\u0103 de echipa noastr\u0103 \u0219i ve\u021bi fi instruit pentru urm\u0103toarea sp\u0103lare. \u00cen acela\u0219i timp, lo\u021biunea \u0219i \u0219amponul vor fi furnizate de noi.<\/p>\n<h3><strong>\u00centoarcere acas\u0103<\/strong><\/h3>\n<p>Dup\u0103 aceste proceduri, v\u0103 pute\u021bi \u00eentoarce \u00een \u021bara dvs. Pentru a ajunge la aeroport, vehiculul nostru v\u0103 va prelua \u0219i v\u0103 va duce la aeroport.<\/p>\n<h3><strong>Verificare dup\u0103 transplant<\/strong><\/h3>\n<p>Dup\u0103 o lun\u0103, vom verifica situa\u021bia cea mai recent\u0103 cu fotografiile pe care le-am primit prin WhatsApp sau e-mail.<\/p>\n<p>Not\u0103: Este posibil s\u0103 nu fi fost niciodat\u0103 \u00een Turcia \u00eenainte. Prin urmare, ve\u021bi fi \u00een contact constant cu un asistent care vorbe\u0219te limba dvs. pe parcursul \u0219ederii dvs. \u00een Istanbul. \u00cen timpul acestor procese, vom fi mereu cu dvs.<\/p>\n<p>Nu exist\u0103 nimic de care s\u0103 v\u0103 ocupa\u021bi singur \u00een niciun moment al acestor procese. Un asistent v\u0103 va \u00eenso\u021bi \u00een orice moment.<\/p>\n","protected":false},"excerpt":{"rendered":"<p>Proces al Transplantului de P\u0103r \u00cenceput Pentru prima evaluare, avem nevoie de c\u00e2teva fotografii care s\u0103 arate zona \u00een care [&hellip;]<\/p>\n","protected":false},"author":1,"featured_media":0,"parent":0,"menu_order":0,"comment_status":"closed","ping_status":"closed","template":"","meta":{"footnotes":""},"yst_prominent_words":[],"class_list":["post-6362","page","type-page","status-publish","hentry"],"_links":{"self":[{"href":"https:\/\/ztyhairtransplant.com\/ro\/wp-json\/wp\/v2\/pages\/6362","targetHints":{"allow":["GET"]}}],"collection":[{"href":"https:\/\/ztyhairtransplant.com\/ro\/wp-json\/wp\/v2\/pages"}],"about":[{"href":"https:\/\/ztyhairtransplant.com\/ro\/wp-json\/wp\/v2\/types\/page"}],"author":[{"embeddable":true,"href":"https:\/\/ztyhairtransplant.com\/ro\/wp-json\/wp\/v2\/users\/1"}],"replies":[{"embeddable":true,"href":"https:\/\/ztyhairtransplant.com\/ro\/wp-json\/wp\/v2\/comments?post=6362"}],"version-history":[{"count":1,"href":"https:\/\/ztyhairtransplant.com\/ro\/wp-json\/wp\/v2\/pages\/6362\/revisions"}],"predecessor-version":[{"id":6363,"href":"https:\/\/ztyhairtransplant.com\/ro\/wp-json\/wp\/v2\/pages\/6362\/revisions\/6363"}],"wp:attachment":[{"href":"https:\/\/ztyhairtransplant.com\/ro\/wp-json\/wp\/v2\/media?parent=6362"}],"wp:term":[{"taxonomy":"yst_prominent_words","embeddable":true,"href":"https:\/\/ztyhairtransplant.com\/ro\/wp-json\/wp\/v2\/yst_prominent_words?post=6362"}],"curies":[{"name":"wp","href":"https:\/\/api.w.org\/{rel}","templated":true}]}}