{"id":7177,"date":"2020-02-08T11:35:41","date_gmt":"2020-02-08T08:35:41","guid":{"rendered":"https:\/\/ztyhairtransplant.com\/?page_id=7177"},"modified":"2023-10-14T15:45:55","modified_gmt":"2023-10-14T12:45:55","slug":"procesi-i-tere-i-transplantit-te-flokeve","status":"publish","type":"page","link":"https:\/\/ztyhairtransplant.com\/sq\/procesi-i-tere-i-transplantit-te-flokeve\/","title":{"rendered":"Procesi i T\u00ebr\u00eb i Transplantit t\u00eb Flok\u00ebve"},"content":{"rendered":"<h1><strong>Procesi i T\u00ebr\u00eb i Transplantit t\u00eb Flok\u00ebve<\/strong><\/h1>\n<h2><strong>Fillimi<\/strong><\/h2>\n<p>P\u00ebr vler\u00ebsimin e par\u00eb, kemi nevoj\u00eb p\u00ebr disa fotografi q\u00eb tregojn\u00eb zon\u00ebn ku do t\u00eb kryhet transplantimi i flok\u00ebve. M\u00eb pas, folikuli i flok\u00ebve q\u00eb do t\u00eb mbjell\u00ebt llogaritet.<\/p>\n<p>P\u00ebr t\u00eb mbyllur hapjen n\u00eb kok\u00eb, shqyrtohet zona e qaf\u00ebs ku do t\u00eb sigurohen folikujt e flok\u00ebve. N\u00ebse folikujt e flok\u00ebve t\u00eb marr\u00eb nga zona e qaf\u00ebs jan\u00eb t\u00eb mjaftuesh\u00ebm, nuk ka problem. Por n\u00ebse konsiderohet t\u00eb jen\u00eb t\u00eb pamjaftuesh\u00ebm, folikujt e flok\u00ebve mund t\u00eb merren edhe nga zona e mjekr\u00ebs dhe e gjoksit.<\/p>\n<h2><strong>\u00c7mimi<\/strong><\/h2>\n<p>Pas p\u00ebrcaktimit t\u00eb zon\u00ebs q\u00eb do t\u00eb mbillet dhe llogaritjes s\u00eb folikujve t\u00eb flok\u00ebve, \u00e7mimi i d\u00ebrgohet pacientit. N\u00ebse pajtohemi mbi \u00e7mimin, pyetjet m\u00eb posht\u00eb i d\u00ebrgohen pacientit ton\u00eb para transplantimit t\u00eb flok\u00ebve.<\/p>\n<ul>\n<li>A keni pasur nj\u00eb transplant flok\u00ebsh m\u00eb par\u00eb?<\/li>\n<li>A keni nj\u00eb s\u00ebmundje kronike?<\/li>\n<li>A ka ndonj\u00eb ila\u00e7 q\u00eb merrni rregullisht?<\/li>\n<li>A keni s\u00ebmundje infektive?<\/li>\n<\/ul>\n<p>Vendimi p\u00ebr transplantimin e flok\u00ebve do t\u00eb merret n\u00eb var\u00ebsi t\u00eb p\u00ebrgjigjeve t\u00eb pyetjeve t\u00eb lartp\u00ebrmendura.<\/p>\n<h2><strong>Organizimi i Bilet\u00ebs s\u00eb Fluturimit<\/strong><\/h2>\n<p>Pas miratimit t\u00eb mjek\u00ebve dhe pajtimit mbi kushtet, caktohet nj\u00eb dat\u00eb p\u00ebr transplantimin e flok\u00ebve dhe pacienti jon\u00eb merr nj\u00eb bilet\u00eb fluturimi p\u00ebr dat\u00ebn e operacionit. Pas marrjes s\u00eb bilet\u00ebs s\u00eb fluturimit, k\u00ebrkojm\u00eb nj\u00eb kopje ose foto t\u00eb bilet\u00ebs.<\/p>\n<p>B\u00ebjm\u00eb nj\u00eb rezervim n\u00eb hotel me at\u00eb kopje.<\/p>\n<h2><strong>Takimi n\u00eb Aeroport<\/strong><\/h2>\n<p>Pas mb\u00ebrritjes n\u00eb aeroport, stafi yn\u00eb do t&#8217;i marr\u00eb pacient\u00ebt n\u00eb hotel. (Para mb\u00ebrritjes, d\u00ebrgojm\u00eb nj\u00eb video q\u00eb shpjegon pacient\u00ebt tan\u00eb se si t\u00eb gjejn\u00eb stafin ton\u00eb n\u00eb aeroport)<\/p>\n<h2><strong>Spitali<\/strong><\/h2>\n<p>Kur t\u00eb vijm\u00eb n\u00eb spital, fillimisht do t\u00eb kryejm\u00eb t\u00eb gjitha testet e domosdoshme t\u00eb gjakut. N\u00ebse nuk ka problem me vlerat tuaja t\u00eb gjakut, specialist\u00ebt tan\u00eb t\u00eb transplantimit t\u00eb flok\u00ebve do t\u00eb b\u00ebjn\u00eb vizatimet tuaja dhe t\u00eb p\u00ebrfundojn\u00eb p\u00ebrgatitjet e tyre para transplantimit t\u00eb flok\u00ebve.<\/p>\n<h2><strong>Transplantimi i Flok\u00ebve<\/strong><\/h2>\n<p>Para transplantimit t\u00eb flok\u00ebve, folikujt e flok\u00ebve n\u00eb zon\u00ebn e qaf\u00ebs do t\u00eb mbledhen me metod\u00ebn fue dhe do t\u00eb grupohen sipas drejtimeve t\u00eb tyre. M\u00eb pas do t\u00eb b\u00ebhet mbjellja n\u00eb zon\u00ebn e zbraz\u00ebt. Koha mesatare e transplantimit t\u00eb flok\u00ebve \u00ebsht\u00eb 6-8 or\u00eb.<\/p>\n<p>Pastaj do t\u00eb ktheheni n\u00eb hotel me asistentin tuaj dhe mjetin tuaj privat VIP.<\/p>\n<h3><strong>Veshja<\/strong><\/h3>\n<p>N\u00eb dit\u00ebn e 2-t\u00eb, do t&#8217;ju marrim nga hoteli dhe do t&#8217;ju \u00e7ojm\u00eb n\u00eb spital p\u00ebr veshje dhe qepje. M\u00eb pas, do t\u00eb ktheheni n\u00eb hotel pas nj\u00eb ore operacioni.<\/p>\n<h3><strong>Larja<\/strong><\/h3>\n<p>Dita e 4-t\u00eb \u00ebsht\u00eb dita e kthimit n\u00eb sht\u00ebpi. P\u00ebr larjen e par\u00eb, do t\u00eb merrni nga hoteli juaj me mjetin ton\u00eb VIP dhe do t\u00eb \u00e7oheni n\u00eb spital. Larja e par\u00eb do t\u00eb b\u00ebhet nga ekipi yn\u00eb dhe do t\u00eb trajnoheni p\u00ebr larjen e ardhshme. N\u00eb t\u00eb nj\u00ebjt\u00ebn koh\u00eb, losioni dhe shampoja do t\u00eb ofrohen nga ne.<\/p>\n<h3><strong>Kthimi n\u00eb Sht\u00ebpi<\/strong><\/h3>\n<p>Pas k\u00ebtyre procedurave, mund t\u00eb ktheheni n\u00eb vendin tuaj. P\u00ebr t\u00eb arritur n\u00eb aeroport, mjeti yn\u00eb do t&#8217;ju marr\u00eb dhe do t&#8217;ju \u00e7oj\u00eb n\u00eb aeroport.<\/p>\n<h3><strong>Kontroll pas transplantimit<\/strong><\/h3>\n<p>Pas nj\u00eb muaji, do t\u00eb kontrollojm\u00eb situat\u00ebn e fundit me fotografit\u00eb q\u00eb kemi marr\u00eb p\u00ebrmes WhatsApp ose e-mail.<\/p>\n<p>Sh\u00ebnim: Mund t\u00eb mos keni qen\u00eb ndonj\u00ebher\u00eb n\u00eb Turqi m\u00eb par\u00eb. Prandaj, do t\u00eb jeni n\u00eb kontakt t\u00eb vazhduesh\u00ebm me nj\u00eb asistent q\u00eb flet gjuh\u00ebn tuaj gjat\u00eb koh\u00ebs suaj n\u00eb Stamboll. Gjat\u00eb k\u00ebtyre proceseve, do t\u00eb jemi gjithmon\u00eb me ju.<\/p>\n<p>Nuk ka asgj\u00eb q\u00eb duhet t\u00eb menaxhoni vet\u00ebm n\u00eb ndonj\u00eb pik\u00eb t\u00eb k\u00ebtyre proceseve. Nj\u00eb asistent do t\u00eb shoq\u00ebroj\u00eb gjithmon\u00eb ju.<\/p>\n","protected":false},"excerpt":{"rendered":"<p>Procesi i T\u00ebr\u00eb i Transplantit t\u00eb Flok\u00ebve Fillimi P\u00ebr vler\u00ebsimin e par\u00eb, kemi nevoj\u00eb p\u00ebr disa fotografi q\u00eb tregojn\u00eb zon\u00ebn [&hellip;]<\/p>\n","protected":false},"author":1,"featured_media":0,"parent":0,"menu_order":0,"comment_status":"closed","ping_status":"closed","template":"","meta":{"footnotes":""},"yst_prominent_words":[],"class_list":["post-7177","page","type-page","status-publish","hentry"],"_links":{"self":[{"href":"https:\/\/ztyhairtransplant.com\/sq\/wp-json\/wp\/v2\/pages\/7177","targetHints":{"allow":["GET"]}}],"collection":[{"href":"https:\/\/ztyhairtransplant.com\/sq\/wp-json\/wp\/v2\/pages"}],"about":[{"href":"https:\/\/ztyhairtransplant.com\/sq\/wp-json\/wp\/v2\/types\/page"}],"author":[{"embeddable":true,"href":"https:\/\/ztyhairtransplant.com\/sq\/wp-json\/wp\/v2\/users\/1"}],"replies":[{"embeddable":true,"href":"https:\/\/ztyhairtransplant.com\/sq\/wp-json\/wp\/v2\/comments?post=7177"}],"version-history":[{"count":1,"href":"https:\/\/ztyhairtransplant.com\/sq\/wp-json\/wp\/v2\/pages\/7177\/revisions"}],"predecessor-version":[{"id":7178,"href":"https:\/\/ztyhairtransplant.com\/sq\/wp-json\/wp\/v2\/pages\/7177\/revisions\/7178"}],"wp:attachment":[{"href":"https:\/\/ztyhairtransplant.com\/sq\/wp-json\/wp\/v2\/media?parent=7177"}],"wp:term":[{"taxonomy":"yst_prominent_words","embeddable":true,"href":"https:\/\/ztyhairtransplant.com\/sq\/wp-json\/wp\/v2\/yst_prominent_words?post=7177"}],"curies":[{"name":"wp","href":"https:\/\/api.w.org\/{rel}","templated":true}]}}