{"id":7180,"date":"2020-02-07T10:01:05","date_gmt":"2020-02-07T07:01:05","guid":{"rendered":"https:\/\/ztyhairtransplant.com\/?page_id=7180"},"modified":"2023-10-14T16:02:51","modified_gmt":"2023-10-14T13:02:51","slug":"transplant-flokesh-cmimi-ne-turqi","status":"publish","type":"page","link":"https:\/\/ztyhairtransplant.com\/sq\/transplant-flokesh-cmimi-ne-turqi\/","title":{"rendered":"Transplant Flokesh Cmimi n\u00eb Turqi"},"content":{"rendered":"<p><div class=\"fusion-fullwidth fullwidth-box fusion-builder-row-1 nonhundred-percent-fullwidth non-hundred-percent-height-scrolling\" style=\"--awb-border-radius-top-left:0px;--awb-border-radius-top-right:0px;--awb-border-radius-bottom-right:0px;--awb-border-radius-bottom-left:0px;--awb-flex-wrap:wrap;\" ><div class=\"fusion-builder-row fusion-row\"><div class=\"fusion-layout-column fusion_builder_column fusion-builder-column-0 fusion_builder_column_1_1 1_1 fusion-one-full fusion-column-first fusion-column-last\" style=\"--awb-bg-size:cover;\"><div class=\"fusion-column-wrapper fusion-flex-column-wrapper-legacy\"><div class=\"fusion-text fusion-text-1\"><h1><strong>Transplant Flokesh Cmimi n\u00eb Turqi<\/strong><\/h1>\n<p>\u00c7mimi i transplantit t\u00eb flok\u00ebve n\u00eb Turqi \u00ebsht\u00eb 1800 euro. Ky \u00e7mim p\u00ebrfshin akomodimin, p\u00ebrkthyesin, marrjen n\u00eb aeroport, transferimin lokal. Ky \u00e7mim \u00ebsht\u00eb i vlefsh\u00ebm p\u00ebr vitin 2022. Pa kosto t\u00eb fshehura. Pagesa mbledhet n\u00eb cash. P\u00ebr sesione t\u00eb shumta, \u00e7mimi do t\u00eb jet\u00eb m\u00eb i ul\u00ebt. Zty Health b\u00ebn t\u00eb mundur\u00ebn p\u00ebr t\u00eb ju ofruar \u00e7mimin m\u00eb t\u00eb lir\u00eb t\u00eb transplantit t\u00eb flok\u00ebve.<\/p>\n<div id=\"ez-toc-container\" class=\"ez-toc-v2_0_63 counter-hierarchy ez-toc-counter ez-toc-custom ez-toc-container-direction\">\n<div class=\"ez-toc-title-container\">\n<p class=\"ez-toc-title \" >Table of Contents<\/p>\n<span class=\"ez-toc-title-toggle\"><a href=\"#\" class=\"ez-toc-pull-right ez-toc-btn ez-toc-btn-xs ez-toc-btn-default ez-toc-toggle\" aria-label=\"Toggle Table of Content\"><span class=\"ez-toc-js-icon-con\"><span class=\"\"><span class=\"eztoc-hide\" style=\"display:none;\">Toggle<\/span><span class=\"ez-toc-icon-toggle-span\"><svg style=\"fill: #202124;color:#202124\" xmlns=\"http:\/\/www.w3.org\/2000\/svg\" class=\"list-377408\" width=\"20px\" height=\"20px\" viewBox=\"0 0 24 24\" fill=\"none\"><path d=\"M6 6H4v2h2V6zm14 0H8v2h12V6zM4 11h2v2H4v-2zm16 0H8v2h12v-2zM4 16h2v2H4v-2zm16 0H8v2h12v-2z\" fill=\"currentColor\"><\/path><\/svg><svg style=\"fill: #202124;color:#202124\" class=\"arrow-unsorted-368013\" xmlns=\"http:\/\/www.w3.org\/2000\/svg\" width=\"10px\" height=\"10px\" viewBox=\"0 0 24 24\" version=\"1.2\" baseProfile=\"tiny\"><path d=\"M18.2 9.3l-6.2-6.3-6.2 6.3c-.2.2-.3.4-.3.7s.1.5.3.7c.2.2.4.3.7.3h11c.3 0 .5-.1.7-.3.2-.2.3-.5.3-.7s-.1-.5-.3-.7zM5.8 14.7l6.2 6.3 6.2-6.3c.2-.2.3-.5.3-.7s-.1-.5-.3-.7c-.2-.2-.4-.3-.7-.3h-11c-.3 0-.5.1-.7.3-.2.2-.3.5-.3.7s.1.5.3.7z\"\/><\/svg><\/span><\/span><\/span><\/a><\/span><\/div>\n<nav><ul class='ez-toc-list ez-toc-list-level-1 eztoc-toggle-hide-by-default' ><li class='ez-toc-page-1 ez-toc-heading-level-2'><a class=\"ez-toc-link ez-toc-heading-1\" href=\"https:\/\/ztyhairtransplant.com\/sq\/transplant-flokesh-cmimi-ne-turqi\/#Cfare_duhet_te_konsideroj_ne_rastin_e_ofertave_shume_te_lira\" title=\"\u00c7far\u00eb duhet t\u00eb konsideroj n\u00eb rastin e ofertave shum\u00eb t\u00eb lira?\">\u00c7far\u00eb duhet t\u00eb konsideroj n\u00eb rastin e ofertave shum\u00eb t\u00eb lira?<\/a><\/li><li class='ez-toc-page-1 ez-toc-heading-level-2'><a class=\"ez-toc-link ez-toc-heading-2\" href=\"https:\/\/ztyhairtransplant.com\/sq\/transplant-flokesh-cmimi-ne-turqi\/#A_ndryshon_cmimi_i_transplantit_te_flokeve_nga_personi_ne_person\" title=\"A ndryshon \u00e7mimi i transplantit t\u00eb flok\u00ebve nga personi n\u00eb person?\">A ndryshon \u00e7mimi i transplantit t\u00eb flok\u00ebve nga personi n\u00eb person?<\/a><\/li><li class='ez-toc-page-1 ez-toc-heading-level-2'><a class=\"ez-toc-link ez-toc-heading-3\" href=\"https:\/\/ztyhairtransplant.com\/sq\/transplant-flokesh-cmimi-ne-turqi\/#Pse_transplantimi_i_flokeve_eshte_i_lire_ne_Turqi\" title=\"Pse transplantimi i flok\u00ebve \u00ebsht\u00eb i lir\u00eb n\u00eb Turqi?\">Pse transplantimi i flok\u00ebve \u00ebsht\u00eb i lir\u00eb n\u00eb Turqi?<\/a><\/li><li class='ez-toc-page-1 ez-toc-heading-level-2'><a class=\"ez-toc-link ez-toc-heading-4\" href=\"https:\/\/ztyhairtransplant.com\/sq\/transplant-flokesh-cmimi-ne-turqi\/#Sa_kushton_nje_graft\" title=\"Sa kushton nj\u00eb graft?\">Sa kushton nj\u00eb graft?<\/a><ul class='ez-toc-list-level-3' ><li class='ez-toc-heading-level-3'><a class=\"ez-toc-link ez-toc-heading-5\" href=\"https:\/\/ztyhairtransplant.com\/sq\/transplant-flokesh-cmimi-ne-turqi\/#Cfare_perfshihet_ne_paketen_e_transplantit_te_flokeve\" title=\"\u00c7far\u00eb p\u00ebrfshihet n\u00eb paket\u00ebn e transplantit t\u00eb flok\u00ebve?\">\u00c7far\u00eb p\u00ebrfshihet n\u00eb paket\u00ebn e transplantit t\u00eb flok\u00ebve?<\/a><\/li><\/ul><\/li><\/ul><\/nav><\/div>\n\n<h2><span class=\"ez-toc-section\" id=\"Cfare_duhet_te_konsideroj_ne_rastin_e_ofertave_shume_te_lira\"><\/span><strong>\u00c7far\u00eb duhet t\u00eb konsideroj n\u00eb rastin e ofertave shum\u00eb t\u00eb lira?<\/strong><span class=\"ez-toc-section-end\"><\/span><\/h2>\n<p>P\u00ebrvoja dhe kujdesi i ekipit t\u00eb operacionit jan\u00eb esenciale p\u00ebr nj\u00eb rezultat t\u00eb mir\u00eb. N\u00ebse nj\u00eb klinik\u00eb t\u00eb t\u00ebrheq me \u00e7mime shum\u00eb t\u00eb ul\u00ebta p\u00ebr graft, kujdesi \u00ebsht\u00eb i k\u00ebrkuar. Mund t\u00eb ket\u00eb kursime k\u00ebtu duke p\u00ebrdorur staf t\u00eb paeksperimentuar (q\u00eb mund t\u00eb d\u00ebmtoj\u00eb nj\u00eb num\u00ebr mbi mesataren e graft\u00ebve). Ose klinika transplanton n\u00eb akorde, q\u00eb do t\u00eb thot\u00eb se k\u00ebshillimi, p\u00ebrgatitja dhe pas-kujdesi mund t\u00eb vuajn\u00eb. Gjat\u00eb konsultimit, pyetni se si \u00ebsht\u00eb b\u00ebr\u00eb \u00e7mimi dhe n\u00ebse ka ndonj\u00eb kosto t\u00eb fshehur. Rri dakord p\u00ebr operacion vet\u00ebm n\u00ebse t\u00eb gjitha dyshimet jan\u00eb zhdukur dhe ke nj\u00eb ndjenj\u00eb t\u00eb mir\u00eb ndaj operatorit.<\/p>\n<\/div><div class=\"fusion-clearfix\"><\/div><\/div><\/div><\/div><\/div><div class=\"fusion-fullwidth fullwidth-box fusion-builder-row-2 nonhundred-percent-fullwidth non-hundred-percent-height-scrolling\" style=\"--awb-border-radius-top-left:0px;--awb-border-radius-top-right:0px;--awb-border-radius-bottom-right:0px;--awb-border-radius-bottom-left:0px;--awb-flex-wrap:wrap;\" ><div class=\"fusion-builder-row fusion-row\"><div class=\"fusion-layout-column fusion_builder_column fusion-builder-column-1 fusion_builder_column_1_2 1_2 fusion-one-half fusion-column-first\" style=\"--awb-bg-size:cover;width:50%;width:calc(50% - ( ( 4% ) * 0.5 ) );margin-right: 4%;\"><div class=\"fusion-column-wrapper fusion-flex-column-wrapper-legacy\"><style type='text\/css'>\n\t\t\t\t.pricing-table-1 .panel-container, .pricing-table-1 .standout .panel-container,\n\t\t\t\t.pricing-table-1.full-boxed-pricing {background-color:#e5e5e5;}\n\t\t\t\t.pricing-table-1 .list-group .list-group-item,\n\t\t\t\t.pricing-table-1 .list-group .list-group-item:last-child{background-color:#ffffff; border-color:#e5e5e5;}\n\t\t\t\t.pricing-table-1.full-boxed-pricing .panel-wrapper:hover .panel-heading,\n\t\t\t\t.pricing-table-1 .panel-wrapper:hover .list-group-item {background-color:#ffffff;}\n\t\t\t\t.pricing-table-1.full-boxed-pricing .panel-heading{background-color:#ffffff;}\n\t\t\t\t.pricing-table-1 .fusion-panel, .pricing-table-1 .panel-wrapper:last-child .fusion-panel,\n\t\t\t\t.pricing-table-1 .standout .fusion-panel, .pricing-table-1  .panel-heading,\n\t\t\t\t.pricing-table-1 .panel-body, .pricing-table-1 .panel-footer{border-color:#e5e5e5;}\n\t\t\t\t.pricing-table-1 .panel-body,.pricing-table-1 .panel-footer{background-color:#e5e5e5;}\n\t\t\t\t.pricing-table-1.sep-boxed-pricing .panel-heading h3{color:#ffffff;}\n\t\t\t\t.pricing-table-1.full-boxed-pricing.fusion-pricing-table .panel-heading h3{color:#252525;}\n\t\t\t\t.pricing-table-1.fusion-pricing-table .panel-body .price .decimal-part{color:#f3473d;}\n\t\t\t\t.pricing-table-1.fusion-pricing-table .panel-body .price .integer-part{color:#f3473d;}\n\t\t\t\t.pricing-table-1 ul.list-group li{color:var(--awb-color8);}\n\t\t\t\t<\/style><div class=\"fusion-pricing-table pricing-table-1 sep-boxed-pricing row fusion-columns-1 columns-1 fusion-clearfix\"><div class=\"panel-wrapper fusion-column column col-lg-12 col-md-12 col-sm-12 fusion-pricingtable-column\"><div class=\"panel-container\"><div class=\"fusion-panel\"><div class=\"panel-heading\"><h3 class=\"title-row\">\u00c7mimi i Transplantit t\u00eb Flok\u00ebve n\u00eb Stamboll<\/h3><\/div><div class=\"panel-body pricing-row\"><div class=\"price \"><span class=\"integer-part\">1800<\/span><span class=\"currency pos-right price-without-decimal\">\u20ac<\/span><span class=\"time pos-right price-without-decimal\">P\u00ebrfshin t\u00eb gjitha<\/span><\/div><\/div><ul class=\"list-group\"><li class=\"list-group-item normal-row\">Graft Maksimal n\u00eb nj\u00eb Sesion<\/li><li class=\"list-group-item normal-row\">4 net\u00eb n\u00eb hotel<\/li><li class=\"list-group-item normal-row\">Transferime private nga Aeroporti (me kthim)<\/li><li class=\"list-group-item normal-row\">Ilace, shampo, losion<\/li><li class=\"list-group-item normal-row\">Spitali i Klas\u00ebs A<\/li><li class=\"list-group-item normal-row\">P\u00ebrkthyes Asistent<\/li><\/ul><\/div><\/div><\/div><\/div><div class=\"fusion-clearfix\"><\/div><\/div><\/div><div class=\"fusion-layout-column fusion_builder_column fusion-builder-column-2 fusion_builder_column_1_2 1_2 fusion-one-half fusion-column-last\" style=\"--awb-bg-size:cover;width:50%;width:calc(50% - ( ( 4% ) * 0.5 ) );\"><div class=\"fusion-column-wrapper fusion-flex-column-wrapper-legacy\"><style type='text\/css'>\n\t\t\t\t.pricing-table-2 .panel-container, .pricing-table-2 .standout .panel-container,\n\t\t\t\t.pricing-table-2.full-boxed-pricing {background-color:#e5e5e5;}\n\t\t\t\t.pricing-table-2 .list-group .list-group-item,\n\t\t\t\t.pricing-table-2 .list-group .list-group-item:last-child{background-color:#ffffff; border-color:#e5e5e5;}\n\t\t\t\t.pricing-table-2.full-boxed-pricing .panel-wrapper:hover .panel-heading,\n\t\t\t\t.pricing-table-2 .panel-wrapper:hover .list-group-item {background-color:#ffffff;}\n\t\t\t\t.pricing-table-2.full-boxed-pricing .panel-heading{background-color:#ffffff;}\n\t\t\t\t.pricing-table-2 .fusion-panel, .pricing-table-2 .panel-wrapper:last-child .fusion-panel,\n\t\t\t\t.pricing-table-2 .standout .fusion-panel, .pricing-table-2  .panel-heading,\n\t\t\t\t.pricing-table-2 .panel-body, .pricing-table-2 .panel-footer{border-color:#e5e5e5;}\n\t\t\t\t.pricing-table-2 .panel-body,.pricing-table-2 .panel-footer{background-color:#e5e5e5;}\n\t\t\t\t.pricing-table-2.sep-boxed-pricing .panel-heading h3{color:#ffffff;}\n\t\t\t\t.pricing-table-2.full-boxed-pricing.fusion-pricing-table .panel-heading h3{color:#252525;}\n\t\t\t\t.pricing-table-2.fusion-pricing-table .panel-body .price .decimal-part{color:#f3473d;}\n\t\t\t\t.pricing-table-2.fusion-pricing-table .panel-body .price .integer-part{color:#f3473d;}\n\t\t\t\t.pricing-table-2 ul.list-group li{color:var(--awb-color8);}\n\t\t\t\t<\/style><div class=\"fusion-pricing-table pricing-table-2 sep-boxed-pricing row fusion-columns-1 columns-1 fusion-clearfix\"><div class=\"panel-wrapper fusion-column column col-lg-12 col-md-12 col-sm-12 fusion-pricingtable-column\"><div class=\"panel-container\"><div class=\"fusion-panel\"><div class=\"panel-heading\"><h3 class=\"title-row\">DHI \u00c7mimi i Transplantit t\u00eb Flok\u00ebve n\u00eb Stamboll<\/h3><\/div><div class=\"panel-body pricing-row\"><div class=\"price \"><span class=\"integer-part\">2000<\/span><span class=\"currency pos-right price-without-decimal\">\u20ac<\/span><span class=\"time pos-right price-without-decimal\">P\u00ebrfshin t\u00eb gjitha<\/span><\/div><\/div><ul class=\"list-group\"><li class=\"list-group-item normal-row\">Graft Maksimal n\u00eb nj\u00eb Sesion<\/li><li class=\"list-group-item normal-row\">4 net\u00eb n\u00eb hotel<\/li><li class=\"list-group-item normal-row\">Transferime private nga Aeroporti (me kthim)<\/li><li class=\"list-group-item normal-row\">Ilace, shampo, losion<\/li><li class=\"list-group-item normal-row\">Spitali i Klas\u00ebs A<\/li><li class=\"list-group-item normal-row\">P\u00ebrkthyes Asistent<\/li><\/ul><\/div><\/div><\/div><\/div><div class=\"fusion-clearfix\"><\/div><\/div><\/div><\/div><\/div><div class=\"fusion-fullwidth fullwidth-box fusion-builder-row-3 nonhundred-percent-fullwidth non-hundred-percent-height-scrolling\" style=\"--awb-border-radius-top-left:0px;--awb-border-radius-top-right:0px;--awb-border-radius-bottom-right:0px;--awb-border-radius-bottom-left:0px;--awb-flex-wrap:wrap;\" ><div class=\"fusion-builder-row fusion-row\"><div class=\"fusion-layout-column fusion_builder_column fusion-builder-column-3 fusion_builder_column_1_1 1_1 fusion-one-full fusion-column-first fusion-column-last\" style=\"--awb-bg-size:cover;\"><div class=\"fusion-column-wrapper fusion-flex-column-wrapper-legacy\"><div class=\"fusion-text fusion-text-2\"><h2><span class=\"ez-toc-section\" id=\"A_ndryshon_cmimi_i_transplantit_te_flokeve_nga_personi_ne_person\"><\/span><strong>A ndryshon \u00e7mimi i transplantit t\u00eb flok\u00ebve nga personi n\u00eb person?<\/strong><span class=\"ez-toc-section-end\"><\/span><\/h2>\n<p>N\u00eb mesatare, 4000 graft\u00eb transplantohen p\u00ebr nj\u00eb burr\u00eb. Kjo shif\u00ebr rrall\u00eb tejkalohe t\u00ebrheq me \u00e7mime shum\u00eb t\u00eb ul\u00ebta p\u00ebr graft, kujdesi \u00ebsht\u00eb i k\u00ebrkuar. Kursimet mund t\u00eb kryhen k\u00ebtu duke p\u00ebrdorur staf t\u00eb paeksperimentuar (q\u00eb at\u00ebher\u00eb mund t\u00eb d\u00ebmtoj\u00eb nj\u00eb num\u00ebr mbi mesataren e graft\u00ebve). Ose klinika transplanton n\u00eb akorde, q\u00eb do t\u00eb thot\u00eb se k\u00ebshillimi, p\u00ebrgatitja dhe pas-kujdesi mund t\u00eb vuajn\u00eb. Gjat\u00eb konsultimit, pyet se si \u00ebsht\u00eb b\u00ebr\u00eb \u00e7mimi dhe n\u00ebse ka ndonj\u00eb kosto t\u00eb fshehur. Rri dakord p\u00ebr operacion vet\u00ebm n\u00ebse t\u00eb gjitha dyshimet jan\u00eb zhdukur dhe ke nj\u00eb ndjenj\u00eb t\u00eb mir\u00eb ndaj operatorit.<\/p>\n<ul>\n<li>\u00c7mimi i Transplantit t\u00eb Flok\u00ebve n\u00eb Stamboll<\/li>\n<li>P\u00ebrfshin t\u00eb gjitha<\/li>\n<li>Graft Maksimal n\u00eb nj\u00eb Sesion<\/li>\n<li>4 net\u00eb n\u00eb hotel<\/li>\n<li>Transferime private nga Aeroporti (me kthim)<\/li>\n<li>Ilace, shampo, losion<\/li>\n<li>Spitali i Klas\u00ebs A<\/li>\n<li>P\u00ebrkthyes Asistent<\/li>\n<\/ul>\n<h2><span class=\"ez-toc-section\" id=\"Pse_transplantimi_i_flokeve_eshte_i_lire_ne_Turqi\"><\/span><strong>Pse transplantimi i flok\u00ebve \u00ebsht\u00eb i lir\u00eb n\u00eb Turqi?<\/strong><span class=\"ez-toc-section-end\"><\/span><\/h2>\n<p>\u00c7mimi i transplantit t\u00eb flok\u00ebve n\u00eb Turqi \u00ebsht\u00eb shum\u00eb m\u00eb i p\u00ebrballuesh\u00ebm se n\u00eb Europ\u00eb. Ka shum\u00eb arsye t\u00eb lidhura me k\u00ebt\u00eb situat\u00eb. Ja disa nga p\u00ebrgjigjet m\u00eb posht\u00eb:<\/p>\n<ul>\n<li>Diferenca midis lir\u00ebs turke dhe euros, dollarit<\/li>\n<li>Turqia ka nj\u00eb pozicion udh\u00ebheq\u00ebs n\u00eb transplantimin e flok\u00ebve dhe n\u00eb kirurgji plastike<\/li>\n<li>Kompanit\u00eb e transplantit t\u00eb flok\u00ebve dhe kirurgjis\u00eb plastike mbajn\u00eb \u00e7mimet ulur p\u00ebr t\u00eb mos humbur pjes\u00ebn e tregut<\/li>\n<li>Subsidet qeveritare<\/li>\n<li>Mos p\u00ebrdorimi i metod\u00ebs s\u00eb llogaritjes s\u00eb \u00e7mimit p\u00ebr graft<\/li>\n<li>A ndryshon \u00e7mimi i transplantit t\u00eb flok\u00ebve nga personi n\u00eb person?<\/li>\n<\/ul>\n<p>N\u00eb mesatare, 4000 graft\u00eb transplantohen p\u00ebr nj\u00eb burr\u00eb. Kjo shif\u00ebr rrall\u00eb tejkalohe \u00c7mimi p\u00ebr 400 folikula flok\u00ebsh \u00ebsht\u00eb i fiksuar.<\/p>\n<p>N\u00ebse nevojiten m\u00eb shum\u00eb, do t\u00eb caktohet nj\u00eb \u00e7mim personal. Zonat q\u00eb duhet t\u00eb shohim k\u00ebtu jan\u00eb zona e qaf\u00ebs, zona e gjoksit dhe e mjekr\u00ebs. N\u00ebse ka nj\u00eb dhurues p\u00ebr t\u00eb mbledhur folikula flok\u00ebsh, mund t\u00eb b\u00ebhet m\u00eb shum\u00eb transplant flok\u00ebsh. \u00c7mimi i Transplantit t\u00eb Flok\u00ebve n\u00eb Turqi<\/p>\n<h2><span class=\"ez-toc-section\" id=\"Sa_kushton_nje_graft\"><\/span><strong>Sa kushton nj\u00eb graft?<\/strong><span class=\"ez-toc-section-end\"><\/span><\/h2>\n<p>Tarifat p\u00ebr sh\u00ebrbimet mjek\u00ebsore jan\u00eb t\u00eb p\u00ebrcaktuara n\u00eb orarin e tarifave p\u00ebr mjek\u00ebt. Ky katalog u krijua kryesisht p\u00ebr trajtime mjek\u00ebsore t\u00eb domosdoshme, k\u00ebshtu q\u00eb transplantimi i flok\u00ebve nuk \u00ebsht\u00eb i p\u00ebrfshir\u00eb atje. Sepse transplantimi \u00ebsht\u00eb i krahasuesh\u00ebm me nj\u00eb injeksion n\u00eb lidhje me p\u00ebrpjekjen dhe v\u00ebshtir\u00ebsin\u00eb, zakonisht zbatohet e nj\u00ebjta \u00e7mim. 1 euro p\u00ebr implantim, pra p\u00ebr graft. N\u00ebse merrni parasysh koston p\u00ebr p\u00ebrgatitje, k\u00ebshillim dhe p\u00ebrpunimin e transplantit, \u00e7mimi \u00ebsht\u00eb 0,5 deri 1 euro p\u00ebr graft.<\/p>\n<h3><span class=\"ez-toc-section\" id=\"Cfare_perfshihet_ne_paketen_e_transplantit_te_flokeve\"><\/span><strong>\u00c7far\u00eb p\u00ebrfshihet n\u00eb paket\u00ebn e transplantit t\u00eb flok\u00ebve?<\/strong><span class=\"ez-toc-section-end\"><\/span><\/h3>\n<ul>\n<li>4000 &#8211; 500 transplantime flok\u00ebsh<\/li>\n<li>4 net\u00eb akomodim (n\u00eb hotelin Citiyloft)<\/li>\n<li>Marrje nga aeroporti me makin\u00eb vip<\/li>\n<li>Transferime mes hotelit dhe spitalit n\u00eb Stamboll<\/li>\n<li>Testet e gjakut t\u00eb nevojshme para transplantimit t\u00eb flok\u00ebve<\/li>\n<li>Ilacet e p\u00ebrdorura pas operacionit<\/li>\n<li>Shirita pas transplantit t\u00eb flok\u00ebve<\/li>\n<li>Furnizim i shampove pas transplantit t\u00eb flok\u00ebve<\/li>\n<\/ul>\n<\/div><div class=\"fusion-clearfix\"><\/div><\/div><\/div><\/div><\/div><\/p>\n","protected":false},"excerpt":{"rendered":"","protected":false},"author":1,"featured_media":0,"parent":0,"menu_order":0,"comment_status":"closed","ping_status":"closed","template":"","meta":{"footnotes":""},"yst_prominent_words":[],"class_list":["post-7180","page","type-page","status-publish","hentry"],"_links":{"self":[{"href":"https:\/\/ztyhairtransplant.com\/sq\/wp-json\/wp\/v2\/pages\/7180","targetHints":{"allow":["GET"]}}],"collection":[{"href":"https:\/\/ztyhairtransplant.com\/sq\/wp-json\/wp\/v2\/pages"}],"about":[{"href":"https:\/\/ztyhairtransplant.com\/sq\/wp-json\/wp\/v2\/types\/page"}],"author":[{"embeddable":true,"href":"https:\/\/ztyhairtransplant.com\/sq\/wp-json\/wp\/v2\/users\/1"}],"replies":[{"embeddable":true,"href":"https:\/\/ztyhairtransplant.com\/sq\/wp-json\/wp\/v2\/comments?post=7180"}],"version-history":[{"count":2,"href":"https:\/\/ztyhairtransplant.com\/sq\/wp-json\/wp\/v2\/pages\/7180\/revisions"}],"predecessor-version":[{"id":7183,"href":"https:\/\/ztyhairtransplant.com\/sq\/wp-json\/wp\/v2\/pages\/7180\/revisions\/7183"}],"wp:attachment":[{"href":"https:\/\/ztyhairtransplant.com\/sq\/wp-json\/wp\/v2\/media?parent=7180"}],"wp:term":[{"taxonomy":"yst_prominent_words","embeddable":true,"href":"https:\/\/ztyhairtransplant.com\/sq\/wp-json\/wp\/v2\/yst_prominent_words?post=7180"}],"curies":[{"name":"wp","href":"https:\/\/api.w.org\/{rel}","templated":true}]}}